{"id":9549,"date":"2017-10-30T17:12:52","date_gmt":"2017-10-30T15:12:52","guid":{"rendered":"https:\/\/www.igbce-blogs.de\/aufgeweckte-alte\/?page_id=9549"},"modified":"2017-12-19T14:32:04","modified_gmt":"2017-12-19T12:32:04","slug":"tagesfahrt-in-die-domstadt-limburg","status":"publish","type":"page","link":"https:\/\/www.igbce-blogs.de\/aufgeweckte-alte\/?page_id=9549","title":{"rendered":"Tagesfahrt in die Domstadt Limburg"},"content":{"rendered":"<h3><span style=\"color: #0000ff;\"><strong><em>Unsere Tagesfahrt in die <\/em><em>Domstadt Limburg an der Lahn<\/em><em>!<\/em><\/strong><\/span><\/h3>\n<h6>&nbsp;<\/h6>\n<ul>\n<li>\n<h6><span style=\"color: #000000;\">Am <strong>11. Oktober<\/strong> ging es mit unserem beliebten Busfahrer <strong><em>MICHAEL<\/em><\/strong> (Gutacker-Reisen) <\/span><span style=\"color: #000000;\"><strong>um 8:00 Uhr<\/strong> vom <strong>Bf.-H\u00f6. <\/strong>zur Tagesfahrt in die Domsadt <strong>LIMBURG an der Lahn<\/strong>.<br \/>\n<\/span><\/h6>\n<\/li>\n<li>\n<h6><span style=\"color: #000000;\">Wir wurden dort <strong>um 10:15 Uhr<\/strong> zu einer interessanten sehr <strong>Stadtf\u00fchrung <\/strong>erwartet. <\/span><span style=\"color: #000000;\">Die F\u00fchrung in 2 Gruppen dauert 2 Std. und endete am Restaurant \u201eSchwarzer Adler\u201c.<\/span><\/h6>\n<\/li>\n<li>\n<h6><span style=\"color: #000000;\">Dort hatte Holger, der auch diesen Tag organisierte, f\u00fcr uns reserviert. <\/span><span style=\"color: #000000;\">Die Speisekarte wurde wieder im Bus verteilt und die W\u00fcnsche von Holger erfasst.<\/span><\/h6>\n<\/li>\n<li>\n<h6><span style=\"color: #000000;\"><strong>Um 14:30 Uhr <\/strong>&nbsp;geht es dann weiter ins sch\u00f6ne Lahntal nach <strong>Bad Ems.<\/strong><\/span><\/h6>\n<\/li>\n<li>\n<h4><span style=\"color: #000000;\">An der Kurpromenade\/R\u00f6merstra\u00dfe, Flaniermeile\u201c der Kurstadt reihen sich in einer einmaligen Folge historische Bauten aneinander. Hier haben wir Zeit und Mu\u00dfe zum Schauen und Kaffeetrinken <strong>bis etwa 17:00 Uhr <\/strong>um die Heimfahrt anzutreten.<\/span><a href=\"http:\/\/www.limburg.de\/Tourismus\/Limburg-individuell-erkunden\"><br \/>\n<img loading=\"lazy\" decoding=\"async\" class=\"wp-image-9610 alignnone\" src=\"http:\/\/www.igbce-blogs.de:80\/aufgeweckte-alte\/wp-content\/uploads\/\/2017\/12\/2017-Limburg-Bad-Ems-e1513272773520.jpg\" alt=\"\" width=\"453\" height=\"589\"\/><br \/>\n<\/a><span style=\"color: #0000ff;\">LINK klicken: Abschlu\u00df<\/span> <a href=\"https:\/\/www.tripadvisor.de\/Tourism-g644198-Bad_Ems_Rhineland_Palatinate-Vacations.html\">Kurstadt Bad Ems an der Lahn<\/a><\/h4>\n<\/li>\n<\/ul>\n<h3><span style=\"color: #0000ff;\"><em>****************************************<\/em><\/span><\/h3>\n<h3><span style=\"color: #0000ff;\"><em>Wir freuen uns auf Euch alle, die<br \/>\nAKTIVEN \u201eAufgeweckten Alten\u201c!<\/em><\/span><\/h3>\n<h3><span style=\"color: #0000ff;\"><em>****************************************<\/em><\/span><\/h3>\n<h4><strong><span style=\"color: #000000;\">Zur <\/span><a title=\"NEUES mit Tagesfahrten &amp; Bodensee!\" href=\"https:\/\/www.igbce-blogs.de\/aufgeweckte-alte\/?page_id=7409\" target=\"_blank\" rel=\"noopener\">\u00dcbersicht 2017<\/a><\/strong><\/h4>\n<h3 style=\"text-align: left;\"><span style=\"color: #000000;\"><span style=\"color: #000000;\">Zur<\/span> <\/span><a href=\"https:\/\/www.igbce-blogs.de\/aufgeweckte-alte\/\" target=\"_blank\" rel=\"noopener\">Startseite<\/a><\/h3>\n<p style=\"text-align: center; padding-left: 30px;\">&nbsp;<\/p>\nRelated Images:","protected":false},"excerpt":{"rendered":"<p>Unsere Tagesfahrt in die Domstadt Limburg an der Lahn! &nbsp; Am 11. Oktober ging es mit unserem beliebten Busfahrer MICHAEL (Gutacker-Reisen) um 8:00 Uhr vom Bf.-H\u00f6. zur Tagesfahrt in die Domsadt LIMBURG an der Lahn. Wir wurden dort um 10:15 Uhr zu einer interessanten sehr Stadtf\u00fchrung erwartet. Die F\u00fchrung in 2 Gruppen dauert 2 Std. [&hellip;]<\/p>\n","protected":false},"author":3,"featured_media":0,"parent":7409,"menu_order":7,"comment_status":"closed","ping_status":"closed","template":"tagcloud.php","meta":{"ngg_post_thumbnail":0,"footnotes":""},"class_list":["post-9549","page","type-page","status-publish","hentry"],"_links":{"self":[{"href":"https:\/\/www.igbce-blogs.de\/aufgeweckte-alte\/index.php?rest_route=\/wp\/v2\/pages\/9549","targetHints":{"allow":["GET"]}}],"collection":[{"href":"https:\/\/www.igbce-blogs.de\/aufgeweckte-alte\/index.php?rest_route=\/wp\/v2\/pages"}],"about":[{"href":"https:\/\/www.igbce-blogs.de\/aufgeweckte-alte\/index.php?rest_route=\/wp\/v2\/types\/page"}],"author":[{"embeddable":true,"href":"https:\/\/www.igbce-blogs.de\/aufgeweckte-alte\/index.php?rest_route=\/wp\/v2\/users\/3"}],"replies":[{"embeddable":true,"href":"https:\/\/www.igbce-blogs.de\/aufgeweckte-alte\/index.php?rest_route=%2Fwp%2Fv2%2Fcomments&post=9549"}],"version-history":[{"count":37,"href":"https:\/\/www.igbce-blogs.de\/aufgeweckte-alte\/index.php?rest_route=\/wp\/v2\/pages\/9549\/revisions"}],"predecessor-version":[{"id":9942,"href":"https:\/\/www.igbce-blogs.de\/aufgeweckte-alte\/index.php?rest_route=\/wp\/v2\/pages\/9549\/revisions\/9942"}],"up":[{"embeddable":true,"href":"https:\/\/www.igbce-blogs.de\/aufgeweckte-alte\/index.php?rest_route=\/wp\/v2\/pages\/7409"}],"wp:attachment":[{"href":"https:\/\/www.igbce-blogs.de\/aufgeweckte-alte\/index.php?rest_route=%2Fwp%2Fv2%2Fmedia&parent=9549"}],"curies":[{"name":"wp","href":"https:\/\/api.w.org\/{rel}","templated":true}]}}