{"id":877,"date":"2011-05-19T15:01:15","date_gmt":"2011-05-19T14:01:15","guid":{"rendered":"http:\/\/www.igbce-blogs.de\/aufgeweckte-alte\/?page_id=877"},"modified":"2014-01-29T17:58:38","modified_gmt":"2014-01-29T16:58:38","slug":"fahrt-%e2%80%93-darmstadt-%e2%80%93-mathildenhohe","status":"publish","type":"page","link":"https:\/\/www.igbce-blogs.de\/aufgeweckte-alte\/?page_id=877","title":{"rendered":"Fahrt: Darmstadt-Mathildenh\u00f6he !"},"content":{"rendered":"<h4 style=\"text-align: center;\"><a title=\"Fahrt - Darmstadt - Mathildenh\u00f6he\" href=\"http:\/\/www.igbce-blogs.de:80\/aufgeweckte-alte\/wp-content\/uploads\/\/2010\/05\/2011-04-05_Veranstaltungseinladung_Fahrt-Darmstadt-Mathildenh\u00f6he.pdf\" target=\"_blank\"> <\/a><a title=\"Fahrt - Darmstadt - Mathildenh\u00f6he\" href=\"http:\/\/www.igbce-blogs.de:80\/aufgeweckte-alte\/wp-content\/uploads\/\/2010\/05\/2011-04-05_Veranstaltungseinladung_Fahrt-Darmstadt-Mathildenh\u00f6he.pdf\" target=\"_blank\">Fahrt &#8211; Darmstadt &#8211; Mathildenh\u00f6he mit<br \/>\nBesuch K\u00fcnstlerkolonie und des Museums<\/a><\/h4>\n<h4 style=\"text-align: center;\"><span style=\"color: #000000;\"><strong>Am Dienstag, den 10. Mai 2011<\/strong><\/span><\/h4>\n<h5 style=\"text-align: center;\"><span style=\"color: #000000;\"><strong>(PDF-Dokument zum Herunterladen)<\/strong><\/span><\/h5>\n<h4 style=\"text-align: center;\"><span style=\"color: #000000;\">Russische Kapelle mit Hochzeitsturm<\/span><\/h4>\n<h4 style=\"text-align: center;\"><span style=\"color: #000000;\">auf der Mathildenh\u00f6he in Darmstadt<\/span><\/h4>\n<div id=\"attachment_715\" style=\"width: 546px\" class=\"wp-caption aligncenter\"><a title=\"Russische Kapelle auf der Mathildenh\u00f6he in Darmstadt\" href=\"http:\/\/www.igbce-blogs.de:80\/aufgeweckte-alte\/wp-content\/uploads\/\/2010\/05\/Mathildenhoehe_Russische_Kapelle_Pano_2-e1336140182584.jpg\" target=\"_blank\"><img loading=\"lazy\" decoding=\"async\" aria-describedby=\"caption-attachment-715\" class=\"size-full wp-image-715 \" title=\"Russische Kapelle auf der Mathildenh\u00f6he in Darmstadt\" src=\"http:\/\/www.igbce-blogs.de:80\/aufgeweckte-alte\/wp-content\/uploads\/\/2010\/05\/Mathildenhoehe_Russische_Kapelle_Pano_2-e1336140182584.jpg\" alt=\"Russische Kapelle auf der Mathildenh\u00f6he in Darmstadt\" width=\"536\" height=\"560\" \/><\/a><p id=\"caption-attachment-715\" class=\"wp-caption-text\">Quelle: Eva Kr\u00f6cher (Eva K.) WIKIPEDIA Bild vom 13. Juni 2010<\/p><\/div>\n<p style=\"text-align: center;\">\n<h4 style=\"text-align: center;\"><a title=\"GNU-LIZENZ\" href=\"http:\/\/en.wikipedia.org\/wiki\/de:GNU-Lizenz_f%C3%BCr_freie_Dokumentation\" target=\"_blank\">GNU Lizenz f\u00fcr freie Dokumentation<\/a><\/h4>\n<h3 style=\"text-align: center;\"><strong><a title=\"LINK zu unserer Foto-Gallerie MATHILDENH\u00d6HE\" href=\"https:\/\/www.igbce-blogs.de\/aufgeweckte-alte\/?p=1116\" target=\"_blank\">LINK zu unserer Foto-Galerie MATHILDENH\u00d6HE<\/a><\/strong><\/h3>\n<p style=\"text-align: center;\">\n<p><span><\/span><\/p>\n<h5 style=\"text-align: left;\"><span style=\"color: #000000;\">Zur <\/span><a href=\"https:\/\/www.igbce-blogs.de\/aufgeweckte-alte\/?page_id=117\">\u00dcbersicht 2011<\/a><\/h5>\n<h5 style=\"text-align: left;\"><span style=\"color: #000000;\"><span style=\"color: #000000;\">Zur<\/span> <\/span><a href=\"https:\/\/www.igbce-blogs.de\/aufgeweckte-alte\/?page_id=130\">Startseite<\/a><\/h5>\nRelated Images:","protected":false},"excerpt":{"rendered":"<p>Fahrt &#8211; Darmstadt &#8211; Mathildenh\u00f6he mit Besuch K\u00fcnstlerkolonie und des Museums Am Dienstag, den 10. Mai 2011 (PDF-Dokument zum Herunterladen) Russische Kapelle mit Hochzeitsturm auf der Mathildenh\u00f6he in Darmstadt GNU Lizenz f\u00fcr freie Dokumentation LINK zu unserer Foto-Galerie MATHILDENH\u00d6HE Zur \u00dcbersicht 2011 Zur Startseite Related Images:<\/p>\n","protected":false},"author":3,"featured_media":0,"parent":117,"menu_order":3,"comment_status":"open","ping_status":"closed","template":"tagcloud.php","meta":{"ngg_post_thumbnail":0,"footnotes":""},"class_list":["post-877","page","type-page","status-publish","hentry"],"_links":{"self":[{"href":"https:\/\/www.igbce-blogs.de\/aufgeweckte-alte\/index.php?rest_route=\/wp\/v2\/pages\/877","targetHints":{"allow":["GET"]}}],"collection":[{"href":"https:\/\/www.igbce-blogs.de\/aufgeweckte-alte\/index.php?rest_route=\/wp\/v2\/pages"}],"about":[{"href":"https:\/\/www.igbce-blogs.de\/aufgeweckte-alte\/index.php?rest_route=\/wp\/v2\/types\/page"}],"author":[{"embeddable":true,"href":"https:\/\/www.igbce-blogs.de\/aufgeweckte-alte\/index.php?rest_route=\/wp\/v2\/users\/3"}],"replies":[{"embeddable":true,"href":"https:\/\/www.igbce-blogs.de\/aufgeweckte-alte\/index.php?rest_route=%2Fwp%2Fv2%2Fcomments&post=877"}],"version-history":[{"count":88,"href":"https:\/\/www.igbce-blogs.de\/aufgeweckte-alte\/index.php?rest_route=\/wp\/v2\/pages\/877\/revisions"}],"predecessor-version":[{"id":4453,"href":"https:\/\/www.igbce-blogs.de\/aufgeweckte-alte\/index.php?rest_route=\/wp\/v2\/pages\/877\/revisions\/4453"}],"up":[{"embeddable":true,"href":"https:\/\/www.igbce-blogs.de\/aufgeweckte-alte\/index.php?rest_route=\/wp\/v2\/pages\/117"}],"wp:attachment":[{"href":"https:\/\/www.igbce-blogs.de\/aufgeweckte-alte\/index.php?rest_route=%2Fwp%2Fv2%2Fmedia&parent=877"}],"curies":[{"name":"wp","href":"https:\/\/api.w.org\/{rel}","templated":true}]}}