{"id":7572,"date":"2017-03-16T14:22:42","date_gmt":"2017-03-16T12:22:42","guid":{"rendered":"http:\/\/www.igbce-blogs.de\/aufgeweckte-alte\/?page_id=7572"},"modified":"2017-12-19T14:19:09","modified_gmt":"2017-12-19T12:19:09","slug":"unser-kreppelkaffee-2017","status":"publish","type":"page","link":"https:\/\/www.igbce-blogs.de\/aufgeweckte-alte\/?page_id=7572","title":{"rendered":"Unser KREPPELKAFFEE 2017 in H\u00f6chst"},"content":{"rendered":"<p style=\"text-align: center;\"><strong><em>ngg_shortcode_0_placeholder<\/em><\/strong><\/p>\n<p style=\"text-align: center;\"><strong>Wir hatten zum beliebten Kreppelkaffee geladen! <\/strong><\/p>\n<p style=\"text-align: center;\">Liebe \u201eAufgeweckte Alte\u201c, Kolleginnen und Kollegen, wir hoffen das<br \/>\nneue Jahr hat f\u00fcr alle gut angefangen, das <strong>Jahresprogramm 2017<\/strong><br \/>\n<strong>Aktivit\u00e4ten &#8211; Veranstaltungen<\/strong> hat eine starke Resonanz gefunden.<\/p>\n<p style=\"text-align: center;\"><strong>F\u00fcr Mittwoch, den 8. M\u00e4rz 2017 \u2013 14:00 Uhr hatten wir wieder eingeladen.<br \/>\n<\/strong>Treffen war im Pfarrheim &nbsp;Schleifergasse 2, 65929 Frankfurt-H\u00f6chst.<\/p>\n<p style=\"text-align: center;\"><strong><em>Wir stellten Kreppel und Kaffee! Ihr aber seid zahlreich gekommen<br \/>\nzum sich Austauschen, Informieren und nat\u00fcrlich zum Spa\u00df haben.<\/em><\/strong><\/p>\n<p style=\"text-align: center;\">&nbsp;<\/p>\n<p style=\"text-align: center;\">&nbsp;<\/p>\n<p style=\"text-align: center;\">Wir freuten uns auf Euch in gem\u00fctlicher Runde!<\/p>\n<p style=\"text-align: center;\">&nbsp;<\/p>\n<p style=\"text-align: center;\"><strong>P.S.<\/strong> <strong><em>Helfende H\u00e4nde waren zahlreich<br \/>\nund wir danken allen Mitwirkenten.<\/em><\/strong><\/p>\n<p style=\"text-align: center;\"><strong><em>Herzliche Gr\u00fc\u00dfe<br \/>\ndie \u201eAufgeweckten Alten\u201c<\/em><\/strong><\/p>\n<h3>&nbsp;<\/h3>\n<h3><span style=\"color: #000000;\">LINK zu den FOTO\u2019s: <\/span><a title=\"Unser KREPPELKAFFEE 2017\" href=\"https:\/\/www.igbce-blogs.de\/aufgeweckte-alte\/?p=7581\" target=\"_blank\" rel=\"noopener\"><strong>Hier klicken!!!<\/strong><\/a><\/h3>\n<h3>&nbsp;<\/h3>\n<h3><span style=\"color: #000000;\">Zur <\/span><a title=\"NEUES mit Tagesfahrten &amp; Bodensee!\" href=\"https:\/\/www.igbce-blogs.de\/aufgeweckte-alte\/?page_id=7409\" target=\"_blank\" rel=\"noopener\">\u00dcbersicht 2017<\/a><\/h3>\n<h3 style=\"text-align: left;\"><span style=\"color: #000000;\"><span style=\"color: #000000;\">Zur<\/span> <\/span><a href=\"https:\/\/www.igbce-blogs.de\/aufgeweckte-alte\/\" target=\"_blank\" rel=\"noopener\">Startseite<\/a><\/h3>\n<p style=\"text-align: center; padding-left: 30px;\">&nbsp;<\/p>\nRelated Images:","protected":false},"excerpt":{"rendered":"<p>Wir hatten zum beliebten Kreppelkaffee geladen! Liebe \u201eAufgeweckte Alte\u201c, Kolleginnen und Kollegen, wir hoffen das neue Jahr hat f\u00fcr alle gut angefangen, das Jahresprogramm 2017 Aktivit\u00e4ten &#8211; Veranstaltungen hat eine starke Resonanz gefunden. F\u00fcr Mittwoch, den 8. M\u00e4rz 2017 \u2013 14:00 Uhr hatten wir wieder eingeladen. Treffen war im Pfarrheim &nbsp;Schleifergasse 2, 65929 Frankfurt-H\u00f6chst. Wir [&hellip;]<\/p>\n","protected":false},"author":3,"featured_media":0,"parent":7409,"menu_order":2,"comment_status":"open","ping_status":"closed","template":"tagcloud.php","meta":{"ngg_post_thumbnail":0,"footnotes":""},"class_list":["post-7572","page","type-page","status-publish","hentry"],"_links":{"self":[{"href":"https:\/\/www.igbce-blogs.de\/aufgeweckte-alte\/index.php?rest_route=\/wp\/v2\/pages\/7572","targetHints":{"allow":["GET"]}}],"collection":[{"href":"https:\/\/www.igbce-blogs.de\/aufgeweckte-alte\/index.php?rest_route=\/wp\/v2\/pages"}],"about":[{"href":"https:\/\/www.igbce-blogs.de\/aufgeweckte-alte\/index.php?rest_route=\/wp\/v2\/types\/page"}],"author":[{"embeddable":true,"href":"https:\/\/www.igbce-blogs.de\/aufgeweckte-alte\/index.php?rest_route=\/wp\/v2\/users\/3"}],"replies":[{"embeddable":true,"href":"https:\/\/www.igbce-blogs.de\/aufgeweckte-alte\/index.php?rest_route=%2Fwp%2Fv2%2Fcomments&post=7572"}],"version-history":[{"count":16,"href":"https:\/\/www.igbce-blogs.de\/aufgeweckte-alte\/index.php?rest_route=\/wp\/v2\/pages\/7572\/revisions"}],"predecessor-version":[{"id":9955,"href":"https:\/\/www.igbce-blogs.de\/aufgeweckte-alte\/index.php?rest_route=\/wp\/v2\/pages\/7572\/revisions\/9955"}],"up":[{"embeddable":true,"href":"https:\/\/www.igbce-blogs.de\/aufgeweckte-alte\/index.php?rest_route=\/wp\/v2\/pages\/7409"}],"wp:attachment":[{"href":"https:\/\/www.igbce-blogs.de\/aufgeweckte-alte\/index.php?rest_route=%2Fwp%2Fv2%2Fmedia&parent=7572"}],"curies":[{"name":"wp","href":"https:\/\/api.w.org\/{rel}","templated":true}]}}