{"id":7350,"date":"2017-02-03T18:54:40","date_gmt":"2017-02-03T16:54:40","guid":{"rendered":"http:\/\/www.igbce-blogs.de\/aufgeweckte-alte\/?page_id=7350"},"modified":"2017-02-10T19:48:48","modified_gmt":"2017-02-10T17:48:48","slug":"strom-warme-aus-kohle-hkw-west","status":"publish","type":"page","link":"https:\/\/www.igbce-blogs.de\/aufgeweckte-alte\/?page_id=7350","title":{"rendered":"STROM- &#038; W\u00c4RME AUS KOHLE &#8211; HKW"},"content":{"rendered":"<h4><span style=\"color: #cc0000;\"><strong><em><span style=\"text-decoration: underline;\">EINLADUNG zur SONDERVERANSTALTUNG 2016<\/span><\/em><\/strong><\/span><\/h4>\n<p><strong> <\/strong><\/p>\n<h5><strong><span style=\"color: #cc0000;\">STROM- UND W\u00c4RME AUS KOHLE &#8211; KRAFTWERK HKW WEST<\/span><\/strong><\/h5>\n<p><strong><span style=\"color: #cc0000;\"><span style=\"color: #000000;\">ngg_shortcode_0_placeholder<\/span><br \/>\n<\/span><\/strong><\/p>\n<p><strong> <span style=\"color: #0000ff;\">Exkursion am Mittwoch, den 26. Oktober 2016 \u2013 17:00 Uhr<\/span><\/strong><strong> <\/strong><\/p>\n<p>Rauchende Schornsteine galten noch in den 1980er-Jahren als Symbol f\u00fcr Wohlstand.<br \/>\nFr\u00fche Aufnahmen von Kraftwerken mit qualmenden Schloten lassen uns heute nur vage<br \/>\ndas Ausma\u00df der Umweltbelastung erahnen. Wie sieht das in modernen Kraftwerken aus?<br \/>\nlm Heizkraftwerk West der <strong><em>Mainova AG<\/em><\/strong> bekommen wir Antworten. Wir besuchen das<\/p>\n<h4><span style=\"color: #000000;\">ngg_shortcode_1_placeholder<\/span><\/h4>\n<p>Turbinenhaus und sind in schwindelnder H\u00f6he unterwegs. Bus 37, ab Frankfurt-Hbf.<strong><em> <\/em><\/strong>TREFFEN AB 16:30 UHR an Haltestelle Gutleut~\/Heilbronnerstra\u00dfe!<br \/>\nDie ersten 20 Anmeldungen sind dabei! Begrenzte Teilnehmerzahl!<br \/>\nKeine Parkpl\u00e4tze vor Ort. Der Eintritt ist frei !!!<strong><em> <\/em><\/strong><\/p>\n<p><strong>Sicherheitshinweise: <\/strong>Als Teilnehmer sollten Sie schwindelfrei <strong>[ Gitterroste ]<\/strong> und gut zu Fu\u00df <strong>[ viele Treppen ]<\/strong> sein. F\u00fcr den Besuch sind feste Schuhe und lange Hosen [auch die Damen] Voraussetzung. Beachten Sie bei der Wahl Ihrer Kleidung und des Schuhwerks, dass Sie eine Industrieanlage besuchen. Personen, die einen Herzschrittmacher tragen, d\u00fcrfen die Anlagen aus Sicherheitsgr\u00fcnden leider nicht betreten. <strong><em>Bitte beachten Sie auch, dass Film-und Fotoaufnahmen in den Mainova Heizkraftwerken nicht gestattet sind.<\/em><\/strong><\/p>\n<h4><span style=\"color: #000000;\">ngg_shortcode_2_placeholder<\/span><\/h4>\n<p><span style=\"color: #000000;\"><strong><em>Herzliche Gr\u00fc\u00dfe<br \/>\ndie \u201eAufgeweckten Alten\u201c<\/em><\/strong><\/span><\/p>\n<h3><span style=\"color: #000000;\">LINK zu den FOTO\u2019s: <\/span><a title=\"STROM- UND W\u00c4RME AUS KOHLE \u2013 KRAFTWERK HKW WEST\" href=\" https:\/\/www.igbce-blogs.de\/aufgeweckte-alte\/?p=7364\" target=\"_blank\">Hier klicken!!!<\/a> <em> <\/em><\/h3>\n<h5><span style=\"color: #000000;\">Zur <\/span><a title=\"2016 \u2013 Es wird spannend werden!\" href=\"https:\/\/www.igbce-blogs.de\/aufgeweckte-alte\/?page_id=6687\" target=\"_blank\">\u00dcbersicht 2016<\/a><\/h5>\n<h5><span style=\"color: #000000;\">Zur <\/span><a href=\"https:\/\/www.igbce-blogs.de\/aufgeweckte-alte\/\" target=\"_blank\">Startseite<\/a><\/h5>\nRelated Images:","protected":false},"excerpt":{"rendered":"<p>EINLADUNG zur SONDERVERANSTALTUNG 2016 STROM- UND W\u00c4RME AUS KOHLE &#8211; KRAFTWERK HKW WEST Exkursion am Mittwoch, den 26. Oktober 2016 \u2013 17:00 Uhr Rauchende Schornsteine galten noch in den 1980er-Jahren als Symbol f\u00fcr Wohlstand. Fr\u00fche Aufnahmen von Kraftwerken mit qualmenden Schloten lassen uns heute nur vage das Ausma\u00df der Umweltbelastung erahnen. Wie sieht das in [&hellip;]<\/p>\n","protected":false},"author":3,"featured_media":0,"parent":6687,"menu_order":6,"comment_status":"open","ping_status":"closed","template":"tagcloud.php","meta":{"ngg_post_thumbnail":0,"footnotes":""},"class_list":["post-7350","page","type-page","status-publish","hentry"],"_links":{"self":[{"href":"https:\/\/www.igbce-blogs.de\/aufgeweckte-alte\/index.php?rest_route=\/wp\/v2\/pages\/7350","targetHints":{"allow":["GET"]}}],"collection":[{"href":"https:\/\/www.igbce-blogs.de\/aufgeweckte-alte\/index.php?rest_route=\/wp\/v2\/pages"}],"about":[{"href":"https:\/\/www.igbce-blogs.de\/aufgeweckte-alte\/index.php?rest_route=\/wp\/v2\/types\/page"}],"author":[{"embeddable":true,"href":"https:\/\/www.igbce-blogs.de\/aufgeweckte-alte\/index.php?rest_route=\/wp\/v2\/users\/3"}],"replies":[{"embeddable":true,"href":"https:\/\/www.igbce-blogs.de\/aufgeweckte-alte\/index.php?rest_route=%2Fwp%2Fv2%2Fcomments&post=7350"}],"version-history":[{"count":16,"href":"https:\/\/www.igbce-blogs.de\/aufgeweckte-alte\/index.php?rest_route=\/wp\/v2\/pages\/7350\/revisions"}],"predecessor-version":[{"id":7353,"href":"https:\/\/www.igbce-blogs.de\/aufgeweckte-alte\/index.php?rest_route=\/wp\/v2\/pages\/7350\/revisions\/7353"}],"up":[{"embeddable":true,"href":"https:\/\/www.igbce-blogs.de\/aufgeweckte-alte\/index.php?rest_route=\/wp\/v2\/pages\/6687"}],"wp:attachment":[{"href":"https:\/\/www.igbce-blogs.de\/aufgeweckte-alte\/index.php?rest_route=%2Fwp%2Fv2%2Fmedia&parent=7350"}],"curies":[{"name":"wp","href":"https:\/\/api.w.org\/{rel}","templated":true}]}}