{"id":7101,"date":"2017-02-02T22:02:34","date_gmt":"2017-02-02T20:02:34","guid":{"rendered":"http:\/\/www.igbce-blogs.de\/aufgeweckte-alte\/?page_id=7101"},"modified":"2017-08-29T17:53:58","modified_gmt":"2017-08-29T15:53:58","slug":"pdauster","status":"publish","type":"page","link":"https:\/\/www.igbce-blogs.de\/aufgeweckte-alte\/?page_id=7101","title":{"rendered":"Berlin &#8211; Sehenswertes und die Politik"},"content":{"rendered":"<h2><span style=\"color: #1034da;\"><strong>Berlin \u2013 immer wieder eine Reise wert!<\/strong><\/span><\/h2>\n<h4><span style=\"color: #1034da;\"><strong>ngg_shortcode_0_placeholder<br \/>\nBERLIN, BERLIN, wir waren in Berlin!!!<\/strong><\/span><\/h4>\n<p><span style=\"color: #1034da;\"><strong>ngg_shortcode_1_placeholder<br \/>\n<\/strong><\/span><\/p>\n<p>&nbsp;<\/p>\n<p><span style=\"color: #000000;\"><em><strong>von Sieglinde Witt<\/strong><\/em><\/span><\/p>\n<p>Unser diesj\u00e4hriges \u201eReise-Highlight\u201c war die f\u00fcnft\u00e4gige Busfahrt von Sonntag, 25. bis Donnerstag, 29.Sept. nach Berlin.<\/p>\n<p>P\u00fcnktlich um 7.30 h konnte Michael Gutacker mit einem voll besetzten Bus gut gelaunter Seniorinnen und Senioren vom Bahnhof H\u00f6chst bei einem phantastischen Sonnenaufgang in den Sonntag hineinfahren.<\/p>\n<p>Die Anreise verlief problemlos und deshalb kamen wir auch schon gegen 16 h in unserem Relexa Hotel &#8211; Stuttgarter Hof in der Anhalter Stra\u00dfe an. Schnell waren die Zimmer bezogen, und wir konnten uns \u201edie F\u00fc\u00dfe vertreten\u201c oder das Kommen und Gehen in der Hotelhalle beobachten.<\/p>\n<p>Unsere \u201epolitische Besichtigungstour\u201c begann am Montagmorgen mit einem Besuch des&nbsp; Bundesrats, der seinen Sitz im ehemaligen Preu\u00dfischen Herrenhaus in der Leipziger Stra\u00dfe hat. Eine Dame des Besucherdienstes f\u00fchrte uns durch das geschichtstr\u00e4chtige Geb\u00e4ude und verdeutlichte sehr verst\u00e4ndlich den langen Weg dieses elit\u00e4ren Preu\u00dfischen Herrenhauses, das im Zuge des Ausbaus der Friedrichstadt unter Friedrich-Wilhelm I. als Barock-Palais von Johann Heinrich v. d. Groeben errichtet wurde und \u00fcber mehrere Besitzer im Jahr 1825 an den Bankier Abraham Mendelssohn-Bartholdy zum \u201eTreffpunkt der Gesellschaft\u201c avancierte. 1851 zog die Politik ein: Der preu\u00dfische Staat erwarb das Geb\u00e4ude und die erste Kammer des preu\u00dfischen Landtages, das sp\u00e4tere Herrenhaus, nahm dort ihren Sitz. Mit dem Untergang der preu\u00dfischen Monarchie 1918 war auch das Ende des Herrenhauses gekommen. Nach der Macht\u00fcbernahme durch die Nationalsozialisten 1933 bezog Hermann G\u00f6ring als preu\u00dfischer Ministerpr\u00e4sident dieses Geb\u00e4ude. Er lie\u00df nebenan das Reichsluftfahrtministerium errichten, das heutige Bundesministerium der Finanzen.<\/p>\n<p>Nach der Gr\u00fcndung der beiden deutschen Staaten wurde das &nbsp;Geb\u00e4ude dann vom DDR-Staat genutzt.<\/p>\n<p>Mit der 1996 getroffenen Entscheidung der Bundesregierung, ihren Sitz von Bonn nach Berlin zu verlegen, begannen&nbsp; Umbau und Renovierung. Der heutige Plenarsaal spiegelt einen Ort der transparenten Politik und gelebten Demokratie in einem Geb\u00e4ude \u201emit Vergangenheit\u201c wider. Auch die Kunst wurde&nbsp; mit au\u00dferordentlicher Wirkung&nbsp; eingesetzt: Rebecca Horn l\u00e4sst ihre&nbsp; \u201eDrei Grazien\u201c&nbsp; in permanenter Bewegung an der Decke der Wandelhalle schweben, die Geb\u00e4udefassade und das Dach wurden mit Skulpturen best\u00fcckt und im so genannten \u201eEhrenhof\u201c sind in streng geometrischer Anordnung Hortensien und Buchsbaumhecken gepflanzt.<\/p>\n<h4><strong>ngg_shortcode_2_placeholder<\/strong><\/h4>\n<p>Jetzt erst mal einen Kaffee oder sonst was zur Entspannung und Verarbeitung dieses informativen Vormittages. Mittagszeit und viele der Berufst\u00e4tigen hatten das gleiche Ziel, raus aus den B\u00fcros bei traumhaften \u201emindestens 25\u00b0\u201c und Sonne satt.<\/p>\n<p>Doch unser Terminkalender hielt uns auf Trab. Treffpunkt 15.30 h am Reichstag, dem heutigen Bundestag. Da das Reichstagsgeb\u00e4ude zu den gr\u00f6\u00dften Publikumsmagneten der Stadt z\u00e4hlt, trafen wir auf entsprechende Menschenmengen. Demokratie hautnah erleben!<\/p>\n<p>Norbert Lammert, Pr\u00e4sident des Deutschen Bundestages, formulierte es f\u00fcr jeden verst\u00e4ndlich: \u201eDer Deutsche Bundestag ist nicht irgendein Gremium. Der Bundestag steht im Mittelpunkt unserer Verfassungsordnung. Er ist das entscheidende politische Forum der Nation!\u201c<\/p>\n<p>Dank Arnold Webers Engagement nahm sich unsere Frankfurter SPD-Bundestagsabgeordnete, Ulli Nissen, Zeit f\u00fcr eine Fragestunde.<\/p>\n<p>Kr\u00f6nender Abschluss war nat\u00fcrlich die Begehung des Wahrzeichens des Parlaments, der Glaskuppel.<\/p>\n<p><strong>ngg_shortcode_3_placeholder<br \/>\n<\/strong><\/p>\n<p>Am Dienstag stand Potsdam auf dem Programm:<\/p>\n<p>Der Bus brachte uns zun\u00e4chst ins \u201eHoll\u00e4ndische Viertel\u201c und nach einer kurzen Rundfahrt mit Erkl\u00e4rungen des Reisef\u00fchrers hatten wir Zeit, diesen sch\u00f6nen Stadtteil, der einst von holl\u00e4ndischen Zuwanderern errichtet wurde, auf eigene Faust zu erkunden.<\/p>\n<p>Anschlie\u00dfend fuhren wir zum \u201eCecilienhof\u201c, der leider einger\u00fcstet war und nicht betreten werden konnte.<\/p>\n<p>Park Sanssouci tat seinem Namen alle Ehre, und wir konnten bei eitel Sonnenschein diesen prachtvollen Garten genie\u00dfen.<\/p>\n<p>Am Mittwoch fand die \u201egro\u00dfe Stadtrundfahrt mit Schifffahrt auf der Spree\u201c statt.<\/p>\n<p>R\u00fcckreise am Donnerstag mit einem zweist\u00fcndigen Zwischenstopp im wundersch\u00f6nen Erfurt.<\/p>\n<p>Es war eine rundum gelungene Berlinfahrt.<\/p>\n<p><strong>ngg_shortcode_4_placeholder<\/strong><\/p>\n<p>Herzlichen Dank an die Organisatoren, den Busfahrer und alle Beteiligten.<\/p>\n<h4><span style=\"color: #0000ff;\"><em>Die \u201cAufgeweckten Alten\u201d<\/em><\/span><\/h4>\n<h3><span style=\"color: #000000;\">LINK zu den FOTO\u2019s: <\/span><a title=\"Berlin \u2013 immer wieder eine Reise wert!\" href=\" https:\/\/www.igbce-blogs.de\/aufgeweckte-alte\/?p=7113\" target=\"_blank\" rel=\"noopener\">Hier klicken!!!<\/a><\/h3>\n<h5><span style=\"color: #000000;\">Zur <\/span><a title=\"2016 \u2013 Es wird spannend werden!\" href=\"https:\/\/www.igbce-blogs.de\/aufgeweckte-alte\/?page_id=6687\" target=\"_blank\" rel=\"noopener\">\u00dcbersicht 2016<\/a><\/h5>\n<h5><span style=\"color: #000000;\">Zur <\/span><a href=\"https:\/\/www.igbce-blogs.de\/aufgeweckte-alte\/\" target=\"_blank\" rel=\"noopener\">Startseite<\/a><\/h5>\nRelated Images:","protected":false},"excerpt":{"rendered":"<p>Berlin \u2013 immer wieder eine Reise wert! BERLIN, BERLIN, wir waren in Berlin!!! &nbsp; von Sieglinde Witt Unser diesj\u00e4hriges \u201eReise-Highlight\u201c war die f\u00fcnft\u00e4gige Busfahrt von Sonntag, 25. bis Donnerstag, 29.Sept. nach Berlin. P\u00fcnktlich um 7.30 h konnte Michael Gutacker mit einem voll besetzten Bus gut gelaunter Seniorinnen und Senioren vom Bahnhof H\u00f6chst bei einem phantastischen [&hellip;]<\/p>\n","protected":false},"author":3,"featured_media":0,"parent":6687,"menu_order":4,"comment_status":"open","ping_status":"closed","template":"","meta":{"ngg_post_thumbnail":0,"footnotes":""},"class_list":["post-7101","page","type-page","status-publish","hentry"],"_links":{"self":[{"href":"https:\/\/www.igbce-blogs.de\/aufgeweckte-alte\/index.php?rest_route=\/wp\/v2\/pages\/7101","targetHints":{"allow":["GET"]}}],"collection":[{"href":"https:\/\/www.igbce-blogs.de\/aufgeweckte-alte\/index.php?rest_route=\/wp\/v2\/pages"}],"about":[{"href":"https:\/\/www.igbce-blogs.de\/aufgeweckte-alte\/index.php?rest_route=\/wp\/v2\/types\/page"}],"author":[{"embeddable":true,"href":"https:\/\/www.igbce-blogs.de\/aufgeweckte-alte\/index.php?rest_route=\/wp\/v2\/users\/3"}],"replies":[{"embeddable":true,"href":"https:\/\/www.igbce-blogs.de\/aufgeweckte-alte\/index.php?rest_route=%2Fwp%2Fv2%2Fcomments&post=7101"}],"version-history":[{"count":31,"href":"https:\/\/www.igbce-blogs.de\/aufgeweckte-alte\/index.php?rest_route=\/wp\/v2\/pages\/7101\/revisions"}],"predecessor-version":[{"id":7140,"href":"https:\/\/www.igbce-blogs.de\/aufgeweckte-alte\/index.php?rest_route=\/wp\/v2\/pages\/7101\/revisions\/7140"}],"up":[{"embeddable":true,"href":"https:\/\/www.igbce-blogs.de\/aufgeweckte-alte\/index.php?rest_route=\/wp\/v2\/pages\/6687"}],"wp:attachment":[{"href":"https:\/\/www.igbce-blogs.de\/aufgeweckte-alte\/index.php?rest_route=%2Fwp%2Fv2%2Fmedia&parent=7101"}],"curies":[{"name":"wp","href":"https:\/\/api.w.org\/{rel}","templated":true}]}}