{"id":71,"date":"2010-04-07T18:37:36","date_gmt":"2010-04-07T17:37:36","guid":{"rendered":"http:\/\/www.igbce-blogs.de:80\/aufgeweckte-alte\/?page_id=71"},"modified":"2014-01-29T18:41:20","modified_gmt":"2014-01-29T17:41:20","slug":"ig_aa-rente-steuern","status":"publish","type":"page","link":"https:\/\/www.igbce-blogs.de\/aufgeweckte-alte\/?page_id=71","title":{"rendered":"\u201eRente &#038; Steuern\u201d im M\u00e4rz 2010"},"content":{"rendered":"<h3 id=\"post-58\" style=\"text-align: center;\"><span style=\"color: #e9133d;\">Referat zu \u201eRente und Steuern\u201d<\/span><\/h3>\n<div class=\"meta\" style=\"text-align: center;\"><strong> <\/strong><\/div>\n<p style=\"text-align: center;\"><strong><em><span style=\"text-decoration: underline;\">Zum Herunterladen und Nachlesen bitte<br \/>\nanklicken und \u00d6ffnen oder Speichern.<\/span><\/em><\/strong><\/p>\n<div class=\"meta\" style=\"text-align: center;\"><strong> <\/strong><\/div>\n<h4 style=\"text-align: center;\"><a title=\"Referat zu \u201eRente und Steuern\u201d\" href=\"http:\/\/www.igbce-blogs.de:80\/aufgeweckte-alte\/wp-content\/uploads\/\/2010\/04\/igbce-rente-und-steuern.pdf\" target=\"_blank\">IGBCE-Rente-und-Steuern<\/a><\/h4>\n<h6 style=\"text-align: center;\"><em><span style=\"color: #000000;\">Mit gro\u00dfem Interesse verfolgten Alle<br \/>\ndas Referat zu \u201eRente und Steuern\u201d<br \/>\nam Donnerstag, den 4. M\u00e4rz 2010<br \/>\nvom Versicherten\u00e4ltesten<br \/>\nKlaus Badeck.<\/span><\/em><\/h6>\n<h6 style=\"text-align: center;\"><em><span style=\"text-decoration: underline;\"><span style=\"color: #000000;\">Welche Renten werden besteuert,<br \/>\n<\/span><\/span><\/em><em><span style=\"text-decoration: underline;\"><span style=\"color: #000000;\">wie und warum?<\/span><\/span><\/em><\/h6>\n<p style=\"text-align: center;\"><a title=\"IGBCE-Rente-und-Steuern\" href=\"https:\/\/www.igbce-blogs.de\/aufgeweckte-alte\/wp-content\/uploads\/\/2010\/04\/igbce-rente-und-steuern.pdf\" target=\"_blank\"><img loading=\"lazy\" decoding=\"async\" style=\"vertical-align: middle;\" src=\"https:\/\/www.igbce-blogs.de\/aufgeweckte-alte\/wp-content\/gallery\/ig_aa-rente-steuern\/igbce-rente-und-steuern-vortrag.jpg\" alt=\"Rente-und-Steuern-Vortrag\" width=\"301\" height=\"250\" \/><\/a><\/p>\n<p><span><\/span><\/p>\n<h5 style=\"text-align: left;\"><span style=\"color: #000000;\">Zur <\/span><a href=\"https:\/\/www.igbce-blogs.de\/aufgeweckte-alte\/?page_id=3550\">\u00dcbersicht 2010<\/a><\/h5>\n<h5 style=\"text-align: left;\"><span style=\"color: #000000;\"><span style=\"color: #000000;\">Zur<\/span> <\/span><a href=\"https:\/\/www.igbce-blogs.de\/aufgeweckte-alte\/?page_id=130\">Startseite<\/a><\/h5>\nRelated Images:","protected":false},"excerpt":{"rendered":"<p>Referat zu \u201eRente und Steuern\u201d Zum Herunterladen und Nachlesen bitte anklicken und \u00d6ffnen oder Speichern. IGBCE-Rente-und-Steuern Mit gro\u00dfem Interesse verfolgten Alle das Referat zu \u201eRente und Steuern\u201d am Donnerstag, den 4. M\u00e4rz 2010 vom Versicherten\u00e4ltesten Klaus Badeck. Welche Renten werden besteuert, wie und warum? Zur \u00dcbersicht 2010 Zur Startseite Related Images:<\/p>\n","protected":false},"author":3,"featured_media":0,"parent":3550,"menu_order":2,"comment_status":"open","ping_status":"open","template":"tagcloud.php","meta":{"ngg_post_thumbnail":0,"footnotes":""},"class_list":["post-71","page","type-page","status-publish","hentry"],"_links":{"self":[{"href":"https:\/\/www.igbce-blogs.de\/aufgeweckte-alte\/index.php?rest_route=\/wp\/v2\/pages\/71","targetHints":{"allow":["GET"]}}],"collection":[{"href":"https:\/\/www.igbce-blogs.de\/aufgeweckte-alte\/index.php?rest_route=\/wp\/v2\/pages"}],"about":[{"href":"https:\/\/www.igbce-blogs.de\/aufgeweckte-alte\/index.php?rest_route=\/wp\/v2\/types\/page"}],"author":[{"embeddable":true,"href":"https:\/\/www.igbce-blogs.de\/aufgeweckte-alte\/index.php?rest_route=\/wp\/v2\/users\/3"}],"replies":[{"embeddable":true,"href":"https:\/\/www.igbce-blogs.de\/aufgeweckte-alte\/index.php?rest_route=%2Fwp%2Fv2%2Fcomments&post=71"}],"version-history":[{"count":11,"href":"https:\/\/www.igbce-blogs.de\/aufgeweckte-alte\/index.php?rest_route=\/wp\/v2\/pages\/71\/revisions"}],"predecessor-version":[{"id":4472,"href":"https:\/\/www.igbce-blogs.de\/aufgeweckte-alte\/index.php?rest_route=\/wp\/v2\/pages\/71\/revisions\/4472"}],"up":[{"embeddable":true,"href":"https:\/\/www.igbce-blogs.de\/aufgeweckte-alte\/index.php?rest_route=\/wp\/v2\/pages\/3550"}],"wp:attachment":[{"href":"https:\/\/www.igbce-blogs.de\/aufgeweckte-alte\/index.php?rest_route=%2Fwp%2Fv2%2Fmedia&parent=71"}],"curies":[{"name":"wp","href":"https:\/\/api.w.org\/{rel}","templated":true}]}}