{"id":6777,"date":"2016-06-17T13:03:04","date_gmt":"2016-06-17T11:03:04","guid":{"rendered":"http:\/\/www.igbce-blogs.de\/aufgeweckte-alte\/?page_id=6777"},"modified":"2016-06-20T17:35:50","modified_gmt":"2016-06-20T15:35:50","slug":"die-grimmwelt-und-herkules-mit-den-wasserspielen-in-kassel-am-18-mai-2016","status":"publish","type":"page","link":"https:\/\/www.igbce-blogs.de\/aufgeweckte-alte\/?page_id=6777","title":{"rendered":"Die GRIMMWELT und HERKULES mit Wasserspielen in Kassel am 18. Mai!"},"content":{"rendered":"<h2><span style=\"color: #000000;\"><strong>Die GRIMMWELT und HERKULES mit den<br \/>\nWasserspielen in Kassel am 18. Mai 2016! <\/strong><\/span><\/h2>\n<div style=\"width: 226px\" class=\"wp-caption alignleft\"><a class=\"shutterset_\" href=\"https:\/\/www.igbce-blogs.de\/aufgeweckte-alte\/wp-content\/gallery\/grimmwelt-und-herkules-mit-den-wasserspielen-in-kassel\/042.jpg\" target=\"_blank\"><img loading=\"lazy\" decoding=\"async\" class=\"ngg-singlepic ngg-left   \" style=\"border: 2px solid black; margin-top: 2px; margin-bottom: 2px;\" title=\"Das GRIMM-MUSEUM in Kassel\" src=\"https:\/\/www.igbce-blogs.de\/aufgeweckte-alte\/wp-content\/gallery\/grimmwelt-und-herkules-mit-den-wasserspielen-in-kassel\/thumbs\/thumbs_042.jpg\" alt=\"Das GRIMM-MUSEUM in Kassel\" width=\"216\" height=\"162\" \/><\/a><p class=\"wp-caption-text\">Das GRIMM-MUSEUM in Kassel<\/p><\/div>\n<div style=\"width: 226px\" class=\"wp-caption alignright\"><a class=\"shutterset_\" href=\"https:\/\/www.igbce-blogs.de\/aufgeweckte-alte\/wp-content\/gallery\/grimmwelt-und-herkules-mit-den-wasserspielen-in-kassel\/031.jpg\" target=\"_blank\"><img loading=\"lazy\" decoding=\"async\" class=\"ngg-singlepic ngg-right  \" style=\"border: 2px solid black; margin-top: 2px; margin-bottom: 2px;\" title=\"Das Grimmsche M\u00e4rchenwelt\" src=\"https:\/\/www.igbce-blogs.de\/aufgeweckte-alte\/wp-content\/gallery\/grimmwelt-und-herkules-mit-den-wasserspielen-in-kassel\/thumbs\/thumbs_031.jpg\" alt=\"Das Grimmsche M\u00e4rchenwelt\" width=\"216\" height=\"162\" \/><\/a><p class=\"wp-caption-text\">Das Grimmsche M\u00e4rchenwelt<\/p><\/div>\n<div style=\"width: 226px\" class=\"wp-caption alignright\"><a class=\"shutterset_\" href=\"https:\/\/www.igbce-blogs.de\/aufgeweckte-alte\/wp-content\/gallery\/grimmwelt-und-herkules-mit-den-wasserspielen-in-kassel\/014.jpg\" target=\"_blank\"><img loading=\"lazy\" decoding=\"async\" class=\"ngg-singlepic ngg-right     \" style=\"border: 2px solid black; margin-top: 2px; margin-bottom: 2px;\" title=\"Der Grimmsche Karteikasten\" src=\"https:\/\/www.igbce-blogs.de\/aufgeweckte-alte\/wp-content\/gallery\/grimmwelt-und-herkules-mit-den-wasserspielen-in-kassel\/thumbs\/thumbs_014.jpg\" alt=\"Der Grimmsche Karteikasten\" width=\"216\" height=\"162\" \/><\/a><p class=\"wp-caption-text\">Der Grimmsche Karteikasten<\/p><\/div>\n<div style=\"width: 226px\" class=\"wp-caption alignleft\"><a class=\"shutterset_\" href=\"https:\/\/www.igbce-blogs.de\/aufgeweckte-alte\/wp-content\/gallery\/grimmwelt-und-herkules-mit-den-wasserspielen-in-kassel\/013.jpg\" target=\"_blank\"><img loading=\"lazy\" decoding=\"async\" class=\"ngg-singlepic ngg-left  \" style=\"border: 2px solid black; margin-top: 2px; margin-bottom: 2px;\" title=\"Das Grimmsche Facebook\" src=\"https:\/\/www.igbce-blogs.de\/aufgeweckte-alte\/wp-content\/gallery\/grimmwelt-und-herkules-mit-den-wasserspielen-in-kassel\/thumbs\/thumbs_013.jpg\" alt=\"Das Grimmsche Facebook\" width=\"216\" height=\"162\" \/><\/a><p class=\"wp-caption-text\">Das Grimmsche Facebook<\/p><\/div>\n<p>Treffpunkt <strong>Bf-H\u00f6chst ab 6:30 Uhr &#8211; Abfahrt: 7:00 Uhr<\/strong> (Hatt. plus ca.10 Min.)<\/p>\n<p>mit geplanter Ankunft etwa 10:00 Uhr. Danach F\u00fchrung durch die Grimmwelt.<\/p>\n<p><strong>12:00 Uhr \u00a0\u00a0\u00a0 MITTAG<\/strong> auf den <strong>Herkules-Terrassen<\/strong><\/p>\n<p><strong> <\/strong><\/p>\n<p><strong> <\/strong><\/p>\n<p><strong>14:00 Uhr \u00a0\u00a0\u00a0 F\u00fchrung zu den Wasserspielen: <\/strong><br \/>\nTreffpunkt, Besucherzentrum am Herkules, Ende Schlossebene. Busparkplatz unterhalb Schloss-Wilhelmsh\u00f6he. Die Wasserspiele sind ausschlie\u00dflich zu Fu\u00df erlebbar,<br \/>\nda sie sich innerhalb des denkmalgesch\u00fctzten Bergparks befinden. F\u00fcr Menschen mit Gehbehinderung &amp; Rollstuhlfahrer sind die Wege leider nicht geeignet. Bitte beachten Sie, dass es an der barocken Kaskadenanlage kein Treppengel\u00e4nder gibt. F\u00fcr die Teilnahme an dieser F\u00fchrung empfehlen wir dringend festes Schuhwerk.<\/p>\n<p><em>Wir machten darauf aufmerksam, dass die Teilnahme auf eigene Verantwortung\u00a0 erfolgt. <\/em><\/p>\n<p>Herzliche Gr\u00fc\u00dfe und einen unvergesslichen Tag w\u00fcnschten die \u201eAufgeweckten Alten\u201c<\/p>\n<p><strong>ngg_shortcode_0_placeholder<\/strong><\/p>\n<p><strong><span style=\"text-decoration: underline;\">TAGESPROGRAMM am 18. Mai 2016 in Kassel<\/span><\/strong><\/p>\n<p><strong> <\/strong><\/p>\n<p><strong> <\/strong><\/p>\n<ul>\n<li>Ab 06:30 Uhr Treffen am H\u00f6chster Bahnhof<\/li>\n<li>07:00 Uhr ABFAHRT vom H\u00f6chster Bahnhof<\/li>\n<li>10:00 Uhr ANKUNFT und F\u00fchrungsbeginn im<br \/>\nGrimmwelt-Museum Kassel f\u00fcr die<br \/>\nersten 2 Gruppen a 20 Personen,<br \/>\nF\u00fchrung der 3. Gr. um 10:30 Uhr!<\/li>\n<li>12:00 Uhr MITTAG auf der Herkules-Terrasse<\/li>\n<li>14:00 Uhr F\u00fchrung Herkules-Wasserspiele<br \/>\nACHTUNG viele Treppenstufen ohne Handlauf!<\/li>\n<li>Danach Freizeit zum Bummeln &amp; Kaffeetrinken<\/li>\n<li>17:30 Uhr ABFAHRT nach Frankfurt-H\u00f6chst<\/li>\n<li>20:30 Uhr ca. Eintreffen am Bahnhof H\u00f6chst<\/li>\n<\/ul>\n<h3><span style=\"color: #0000ff;\">LINK zu DORIS-Bericht:<\/span> <a title=\"Die GRIMMWELT und der HERKULES in Kassel\" href=\"https:\/\/www.igbce-blogs.de\/aufgeweckte-alte\/?p=6925\" target=\"_blank\">Hier klicken!!!<\/a><\/h3>\n<p><em> <\/em><\/p>\n<h4><strong>ngg_shortcode_1_placeholder<\/strong><\/h4>\n<h4><span style=\"color: #000000;\"><em>Die &#8222;Aufgeweckten Alten&#8220;<\/em><\/span><\/h4>\n<h3><span style=\"color: #000000;\"> LINK zu den FOTO&#8217;s: <a title=\"Die GRIMMWELT und der HERKULES in Kassel\" href=\"https:\/\/www.igbce-blogs.de\/aufgeweckte-alte\/?p=6804\" target=\"_blank\">Hier klicken!!!<\/a> <em> <\/em> <span style=\"color: #000000;\"> <\/span><\/p>\n<h5 style=\"text-align: left;\"><span style=\"color: #000000;\">Zur <\/span><a title=\"2016 \u2013 Es wird spannend werden!\" href=\"https:\/\/www.igbce-blogs.de\/aufgeweckte-alte\/?page_id=6687\" target=\"_blank\">\u00dcbersicht 2016<\/a><\/h5>\n<h5 style=\"text-align: left;\"><span style=\"color: #000000;\"><span style=\"color: #000000;\">Zur<\/span> <\/span><a href=\"https:\/\/www.igbce-blogs.de\/aufgeweckte-alte\/\" target=\"_blank\">Startseite<\/a><\/h5>\n<p><\/span><\/h3>\nRelated Images:","protected":false},"excerpt":{"rendered":"<p>Die GRIMMWELT und HERKULES mit den Wasserspielen in Kassel am 18. Mai 2016! Treffpunkt Bf-H\u00f6chst ab 6:30 Uhr &#8211; Abfahrt: 7:00 Uhr (Hatt. plus ca.10 Min.) mit geplanter Ankunft etwa 10:00 Uhr. Danach F\u00fchrung durch die Grimmwelt. 12:00 Uhr \u00a0\u00a0\u00a0 MITTAG auf den Herkules-Terrassen 14:00 Uhr \u00a0\u00a0\u00a0 F\u00fchrung zu den Wasserspielen: Treffpunkt, Besucherzentrum am Herkules, [&hellip;]<\/p>\n","protected":false},"author":3,"featured_media":0,"parent":6687,"menu_order":2,"comment_status":"open","ping_status":"closed","template":"tagcloud.php","meta":{"ngg_post_thumbnail":0,"footnotes":""},"class_list":["post-6777","page","type-page","status-publish","hentry"],"_links":{"self":[{"href":"https:\/\/www.igbce-blogs.de\/aufgeweckte-alte\/index.php?rest_route=\/wp\/v2\/pages\/6777","targetHints":{"allow":["GET"]}}],"collection":[{"href":"https:\/\/www.igbce-blogs.de\/aufgeweckte-alte\/index.php?rest_route=\/wp\/v2\/pages"}],"about":[{"href":"https:\/\/www.igbce-blogs.de\/aufgeweckte-alte\/index.php?rest_route=\/wp\/v2\/types\/page"}],"author":[{"embeddable":true,"href":"https:\/\/www.igbce-blogs.de\/aufgeweckte-alte\/index.php?rest_route=\/wp\/v2\/users\/3"}],"replies":[{"embeddable":true,"href":"https:\/\/www.igbce-blogs.de\/aufgeweckte-alte\/index.php?rest_route=%2Fwp%2Fv2%2Fcomments&post=6777"}],"version-history":[{"count":51,"href":"https:\/\/www.igbce-blogs.de\/aufgeweckte-alte\/index.php?rest_route=\/wp\/v2\/pages\/6777\/revisions"}],"predecessor-version":[{"id":7970,"href":"https:\/\/www.igbce-blogs.de\/aufgeweckte-alte\/index.php?rest_route=\/wp\/v2\/pages\/6777\/revisions\/7970"}],"up":[{"embeddable":true,"href":"https:\/\/www.igbce-blogs.de\/aufgeweckte-alte\/index.php?rest_route=\/wp\/v2\/pages\/6687"}],"wp:attachment":[{"href":"https:\/\/www.igbce-blogs.de\/aufgeweckte-alte\/index.php?rest_route=%2Fwp%2Fv2%2Fmedia&parent=6777"}],"curies":[{"name":"wp","href":"https:\/\/api.w.org\/{rel}","templated":true}]}}