{"id":6693,"date":"2016-06-14T19:07:48","date_gmt":"2016-06-14T17:07:48","guid":{"rendered":"http:\/\/www.igbce-blogs.de\/aufgeweckte-alte\/?page_id=6693"},"modified":"2016-06-17T13:03:57","modified_gmt":"2016-06-17T11:03:57","slug":"%e2%80%9efrankfurter-rotlicht-lifestyle-orient%e2%80%9d","status":"publish","type":"page","link":"https:\/\/www.igbce-blogs.de\/aufgeweckte-alte\/?page_id=6693","title":{"rendered":"FFM \u201eROTLICHT, LIFESTYLE &#038; ORIENT\u201d"},"content":{"rendered":"<p><a href=\"http:\/\/www.igbce-blogs.de:80\/aufgeweckte-alte\/wp-content\/uploads\/\/2016\/06\/Rotlicht-1.jpg\"><img loading=\"lazy\" decoding=\"async\" class=\"alignnone size-medium wp-image-6707\" title=\"Rotlicht-1\" src=\"http:\/\/www.igbce-blogs.de:80\/aufgeweckte-alte\/wp-content\/uploads\/\/2016\/06\/Rotlicht-1-480x86.jpg\" alt=\"\" width=\"480\" height=\"86\" srcset=\"https:\/\/www.igbce-blogs.de\/aufgeweckte-alte\/wp-content\/uploads\/2016\/06\/Rotlicht-1-480x86.jpg 480w, https:\/\/www.igbce-blogs.de\/aufgeweckte-alte\/wp-content\/uploads\/2016\/06\/Rotlicht-1-150x26.jpg 150w, https:\/\/www.igbce-blogs.de\/aufgeweckte-alte\/wp-content\/uploads\/2016\/06\/Rotlicht-1.jpg 595w\" sizes=\"auto, (max-width: 480px) 100vw, 480px\" \/><\/a><\/p>\n<p><span style=\"text-decoration: underline;\"> <\/span><\/p>\n<p><strong>Am 3. M\u00e4rz 2016 um 14:00 Uhr<\/strong> wanderten wir mit einem kundigen F\u00fchrer durch<br \/>\ndas Frankfurter Bahnhofsviertel. Treffpunkt war der <strong>Eingang des Hauptbahnhofs<\/strong>.<br \/>\nEs wurde durchgez\u00e4hlt, zwei Gruppen gebildet und dann ging es los.<\/p>\n<p>Die Kosten der Anfahrt, Verzehr &amp; Getr\u00e4nke trug jeder selbst. Dauer: ca. 1,5 &#8211; 2 Std.<\/p>\n<p>Wir hatten einen besonders interessanten Nachmittag!<br \/>\ndie \u201eAufgeweckten Alten\u201c Herzliche Gr\u00fc\u00dfe<\/p>\n<p><strong>ngg_shortcode_0_placeholder<\/strong><\/p>\n<p><span style=\"color: #ff0000;\"><strong><a href=\"http:\/\/www.igbce-blogs.de:80\/aufgeweckte-alte\/wp-content\/uploads\/\/2016\/06\/Rotlicht-2.jpg\"><img loading=\"lazy\" decoding=\"async\" class=\"alignnone size-medium wp-image-6708\" title=\"Rotlicht-2\" src=\"http:\/\/www.igbce-blogs.de:80\/aufgeweckte-alte\/wp-content\/uploads\/\/2016\/06\/Rotlicht-2-480x27.jpg\" alt=\"\" width=\"480\" height=\"27\" \/><\/a><br \/>\n<\/strong><\/span>Schauen Sie mit dem Team Till Fischer &amp; S\u00f6ren Appuhnt durchs <strong>Schl\u00fcsselloch<\/strong> und erleben Sie eine spannende F\u00fchrung durch das Frankfurter Bahnhofsviertel. Kein anderer Stadtteil in Frankfurt ist so gegens\u00e4tzlich wie das <strong>Bahnhofsviertel<\/strong>, zwischen Prostitution und schicken Restaurants findet sich hier fast alles. Erleben Sie das Bahnhofsviertel hautnah und freuen Sie sich auf eine F\u00fchrung der Kontraste.<\/p>\n<p><strong>DIE VERANSTALTUNG<br \/>\n<\/strong>Das Bahnhofsviertel: F\u00fcr die einen <strong>tabu<\/strong>, zeigen sich andere fasziniert vom <strong>&#8222;hei\u00dfesten Pflaster&#8220; <\/strong>der Stadt \u2013 kein Stadtteil spaltet die Meinung der Leute wie dieses. Das <strong>&#8222;Problemviertel&#8220;<\/strong>, das zwischen Bankenviertel, Messegel\u00e4nde und Museumsufer liegt, lie\u00df die Frankfurter nie unber\u00fchrt. Als nach der <strong>Einweihung<\/strong> des Frankfurter Hauptbahnhofs am 18. August 1888 das 500 Meter lange Gel\u00e4nde zwischen dem neuen Bahnhof und dem Anlagenring neu bebaut werden konnte, entstand eines der <strong>elegantesten <\/strong>Wohnviertel Frankfurts. Die Kaiserstra\u00dfe wurde zum <strong>Prachtboulevard<\/strong> nach Pariser Vorbild, in der Kronprinzenstra\u00dfe (heute M\u00fcnchener Stra\u00dfe) fand man die &#8222;Fre\u00dfgasse&#8220; des Viertels, am Bahnhofsvorplatz Hotels und <strong>Vergn\u00fcgungsst\u00e4tten<\/strong>, wie etwa das Schumanntheater, eines der bedeutendsten deutschen Variet\u00e9s. Nach 1945 ver\u00e4nderte sich das Viertel dramatisch. Zerst\u00f6rte H\u00e4user wurden abgerissen oder nur vereinfacht wiederaufgebaut. Pelzhandel, Prostitution, Filmverleih und mehr oder minder <strong>obskurer<\/strong> Einzelhandel bestimmten das Viertel. In den 1970er- und 1980er- Jahren wurde an den R\u00e4ndern des Viertels noch einmal historische Substanz abgerissen und durch B\u00fcrogeb\u00e4ude ersetzt, was die kulturellen und sozialen Gegens\u00e4tze dieses Stadtteils noch deutlicher hervortreten lie\u00df.<br \/>\nVom Prachtboulevard zum &#8222;Problemviertel&#8220; \u2013 dieses St\u00fcck Frankfurt, nun eingebettet zwischen Bankenviertel, Messegel\u00e4nde und Museumsufer, ruft noch immer die unterschiedlichsten Initiativen auf den Plan. Erleben Sie das Frankfurt Bahnhofsviertel mit eigenen Augen und lassen Sie sich die Welt zwischen Rotlicht, Lifestyle und Orient zeigen. Das Expertenteam rund um Christian Setzepfandt wird Sie mit spannenden Geschichten rund um Frankfurts Kiezmeile unterhalten und zeigt Ihnen die wichtigsten Sehensw\u00fcrdigkeiten des Bahnhofsviertels.<\/p>\n<p><strong>ngg_shortcode_1_placeholder<\/strong><\/p>\n<p><strong> <\/strong><\/p>\n<h4><span style=\"color: #000000;\"><em>Die &#8222;Aufgeweckten Alten&#8220;<\/em><\/span><\/h4>\n<h3><span style=\"color: #000000;\"><\/p>\n<p>LINK zu den FOTO&#8217;s: <a title=\"\u201eROTLICHT, LIFESTYLE &amp; ORIENT\u201d\" href=\"https:\/\/www.igbce-blogs.de\/aufgeweckte-alte\/?p=6725\" target=\"_blank\">Hier klicken!!!<\/a><br \/>\n<em> <\/em><\/p>\n<p><span style=\"color: #000000;\"> <\/span><\/p>\n<h5 style=\"text-align: left;\"><span style=\"color: #000000;\">Zur <\/span><a title=\"2016 \u2013 Es wird spannend werden!\" href=\"https:\/\/www.igbce-blogs.de\/aufgeweckte-alte\/?page_id=6687\" target=\"_blank\">\u00dcbersicht 2016<\/a><\/h5>\n<h5 style=\"text-align: left;\"><span style=\"color: #000000;\"><span style=\"color: #000000;\">Zur<\/span> <\/span><a href=\"https:\/\/www.igbce-blogs.de\/aufgeweckte-alte\/\" target=\"_blank\">Startseite<\/a><\/h5>\n<p><\/span><\/h3>\nRelated Images:","protected":false},"excerpt":{"rendered":"<p>Am 3. M\u00e4rz 2016 um 14:00 Uhr wanderten wir mit einem kundigen F\u00fchrer durch das Frankfurter Bahnhofsviertel. Treffpunkt war der Eingang des Hauptbahnhofs. Es wurde durchgez\u00e4hlt, zwei Gruppen gebildet und dann ging es los. Die Kosten der Anfahrt, Verzehr &amp; Getr\u00e4nke trug jeder selbst. Dauer: ca. 1,5 &#8211; 2 Std. Wir hatten einen besonders interessanten [&hellip;]<\/p>\n","protected":false},"author":3,"featured_media":0,"parent":6687,"menu_order":1,"comment_status":"open","ping_status":"closed","template":"tagcloud.php","meta":{"ngg_post_thumbnail":0,"footnotes":""},"class_list":["post-6693","page","type-page","status-publish","hentry"],"_links":{"self":[{"href":"https:\/\/www.igbce-blogs.de\/aufgeweckte-alte\/index.php?rest_route=\/wp\/v2\/pages\/6693","targetHints":{"allow":["GET"]}}],"collection":[{"href":"https:\/\/www.igbce-blogs.de\/aufgeweckte-alte\/index.php?rest_route=\/wp\/v2\/pages"}],"about":[{"href":"https:\/\/www.igbce-blogs.de\/aufgeweckte-alte\/index.php?rest_route=\/wp\/v2\/types\/page"}],"author":[{"embeddable":true,"href":"https:\/\/www.igbce-blogs.de\/aufgeweckte-alte\/index.php?rest_route=\/wp\/v2\/users\/3"}],"replies":[{"embeddable":true,"href":"https:\/\/www.igbce-blogs.de\/aufgeweckte-alte\/index.php?rest_route=%2Fwp%2Fv2%2Fcomments&post=6693"}],"version-history":[{"count":18,"href":"https:\/\/www.igbce-blogs.de\/aufgeweckte-alte\/index.php?rest_route=\/wp\/v2\/pages\/6693\/revisions"}],"predecessor-version":[{"id":6780,"href":"https:\/\/www.igbce-blogs.de\/aufgeweckte-alte\/index.php?rest_route=\/wp\/v2\/pages\/6693\/revisions\/6780"}],"up":[{"embeddable":true,"href":"https:\/\/www.igbce-blogs.de\/aufgeweckte-alte\/index.php?rest_route=\/wp\/v2\/pages\/6687"}],"wp:attachment":[{"href":"https:\/\/www.igbce-blogs.de\/aufgeweckte-alte\/index.php?rest_route=%2Fwp%2Fv2%2Fmedia&parent=6693"}],"curies":[{"name":"wp","href":"https:\/\/api.w.org\/{rel}","templated":true}]}}