{"id":6687,"date":"2016-06-14T18:59:16","date_gmt":"2016-06-14T16:59:16","guid":{"rendered":"http:\/\/www.igbce-blogs.de\/aufgeweckte-alte\/?page_id=6687"},"modified":"2023-03-08T18:45:07","modified_gmt":"2023-03-08T16:45:07","slug":"2016-es-wird-spannend-werden","status":"publish","type":"page","link":"https:\/\/www.igbce-blogs.de\/aufgeweckte-alte\/?page_id=6687","title":{"rendered":"2016 \u2013 Anspruchsvolles Jahr &#038; Berlinfahrt !"},"content":{"rendered":"<h1 style=\"text-align: center;\"><span style=\"color: #c10000;\"><strong>***************************************<\/strong><\/span><\/h1>\n<h1 style=\"text-align: center;\"><span style=\"color: #993300;\"><span style=\"color: #e42006;\">Aktivit\u00e4ten &#8211; Veranstaltungen 2016<\/span><br \/>\n<\/span><\/h1>\n<h2 style=\"text-align: center;\"><span style=\"color: #0000ff;\"><span style=\"color: #0000ff;\"><span style=\"color: #0000ff;\">ngg_shortcode_0_placeholder<\/span><\/span><\/span><\/h2>\n<p style=\"text-align: center;\"><strong>Berlin \u2013 Sehenswertes und die Politik! *** Berlin \u2013 immer wieder eine Reise wert!<\/strong><\/p>\n<h1 style=\"text-align: center;\"><span style=\"color: #c10000;\"><strong>***************************************<\/strong><\/span><\/h1>\n<h3 style=\"text-align: center;\"><span style=\"color: #0000ff;\"><strong>Das Jahr 2016 <\/strong><\/span><span style=\"color: #0000ff;\"><strong>mit den \u201eAufgeweckten Alten\u201c<\/strong><\/span><\/h3>\n<h1 style=\"text-align: center;\"><span style=\"color: #0000ff;\"><strong>*************************************<\/strong><\/span><\/h1>\n<p><strong><span style=\"color: #000000;\"><span style=\"color: #0000ff;\">Februar 2016:<\/span> <\/span><em><span style=\"color: #000000;\">Zum Jahresauftakt, R\u00fcckschau auf 2015 und gem\u00fctliches Beisammensein im Pfarrsaal von St. Josef Ffm.-H\u00f6chst am <span style=\"color: #0000ff;\">17. Februar \u2013 14:00 Uhr<\/span>.<\/span><\/em><\/strong><\/p>\n<p style=\"text-align: left;\"><strong><span style=\"color: #000000;\"><span style=\"color: #0000ff;\">M\u00e4rz 2016: <\/span>LINK zur WEBSEITE &#8211; <\/span><a title=\"Hier klicken!!!\" href=\"https:\/\/www.igbce-blogs.de\/aufgeweckte-alte\/?page_id=6693\" target=\"_blank\" rel=\"noopener\">Hier klicken!!!<\/a><em><br \/>\n<span style=\"color: #000000;\">Am <span style=\"color: #0000ff;\">3-M\u00e4rz-2016 ab 14:00 Uhr <\/span><\/span><span style=\"color: #993366;\"><span style=\"color: #0000ff;\">(TERMIN)<\/span> <\/span><span style=\"color: #000000;\">wandern wir mit kundigen F\u00fchrern durch unser Bahnhofsviertel unter dem Motto:<span style=\"color: #bb1096;\"> <span style=\"color: #993366;\">Zwischen Banken und Rotlicht! <\/span><\/span><\/span><\/em><span style=\"color: #000000;\"><br \/>\nLINK zu den FOTO&#8217;s: <\/span><a title=\"Hier klicken!!!\" href=\"https:\/\/www.igbce-blogs.de\/aufgeweckte-alte\/?p=6725\" target=\"_blank\" rel=\"noopener\">Hier klicken!!!<\/a><\/strong><\/p>\n<p style=\"text-align: left;\"><strong><span style=\"color: #0000ff;\">Mai 2016: <\/span><span style=\"color: #000000;\">LINK zur WEBSEITE &#8211; <\/span><a title=\"Hier klicken!!!\" href=\"https:\/\/www.igbce-blogs.de\/aufgeweckte-alte\/?page_id=6777\" target=\"_blank\" rel=\"noopener\">Hier klicken!!!<\/a> <em><span style=\"color: #000000;\"><br \/>\nAm <\/span><span style=\"color: #0000ff;\">18-Mai-<\/span><span style=\"color: #0000ff;\">2016 (TERMIN)<\/span> <span style=\"color: #000000;\">Herk&amp;Grimm zum <span style=\"color: #800000;\">HERKULES mit den Wasserspielen und der m\u00e4rchenhaften Grimmwelt<\/span><span style=\"color: #000000;\"> in Kassel. <\/span><\/span><\/em><span style=\"color: #000000;\">LINK zu den FOTO&#8217;s: <\/span><a title=\"Die GRIMMWELT und der HERKULES in Kassel\" href=\"https:\/\/www.igbce-blogs.de\/aufgeweckte-alte\/?p=6804\" target=\"_blank\" rel=\"noopener\">Hier klicken!!!<\/a><\/strong><\/p>\n<p style=\"text-align: left;\"><strong><span style=\"color: #0000ff;\">Juni 2016: <\/span><span style=\"color: #000000;\">LINK zur WEBSEITE &#8211; <\/span><a title=\"Kultur und Natur ist heute das Programm mit der Dom- &amp; Kaiserstadt Fritzlar plus dem Edersee im Naturpark Kellerwald.\" href=\"https:\/\/www.igbce-blogs.de\/aufgeweckte-alte\/?page_id=6995\" target=\"_blank\" rel=\"noopener\">Hier klicken!!! <\/a><\/strong><br \/>\n<strong> <em><span style=\"color: #000000;\">Am <\/span><span style=\"color: #0000ff;\">22-<\/span><span style=\"color: #0000ff;\">Jun-<\/span><span style=\"color: #0000ff;\">2016 (TERMIN)<\/span> <span style=\"color: #000000;\">machen wir einen Tagesausflug zur <span style=\"color: #800000;\">Erlebnisregion EDERSEE &#8211; Domstadt FRITZLAR mit Stadtf\u00fchrung<\/span>. <\/span><\/em><span style=\"color: #000000;\">LINK zu den FOTO&#8217;s: <\/span><a title=\"Domstadt FRITZLAR &amp; EDERSEE\" href=\"https:\/\/www.igbce-blogs.de\/aufgeweckte-alte\/?p=6999\" target=\"_blank\" rel=\"noopener\">Hier klicken!!!<\/a><\/strong><\/p>\n<p style=\"text-align: left;\"><strong><span style=\"color: #0000ff;\">September 2016: <\/span><span style=\"color: #000000;\">LINK zur WEBSEITE &#8211;<\/span> <a title=\"Berlin \u2013 Sehenswertes und die Politik\" href=\"https:\/\/www.igbce-blogs.de\/aufgeweckte-alte\/?page_id=7101\" target=\"_blank\" rel=\"noopener\">Hier klicken!!!<\/a><em><span style=\"color: #000000;\"><br \/>\nIm <span style=\"color: #d83426;\">September<\/span><span style=\"color: #d83426;\"> 2016 die 5-tagesfahrt BERLIN<\/span><\/span><span style=\"color: #d83426;\"> <span style=\"color: #0000ff;\">(TERMIN vom So. den 25. bis Do. den 29. Sept.)<\/span><\/span><span style=\"color: #000000;\"> mit m\u00f6glichen H\u00f6hepunkten wie das Bundeskanzleramt, der Berliner Reichstag, das Brandenburger <span style=\"color: #000000;\">Tor, eine Stadtf\u00fchrung, Spreefahrt etc. (Details in Einladung).<\/span><\/span><\/em><span style=\"color: #000000;\"><br \/>\nLINK zu den FOTO&#8217;s:<\/span> <a title=\"Berlin \u2013 Sehenswertes und die Politik\" href=\"https:\/\/www.igbce-blogs.de\/aufgeweckte-alte\/?p=7113\" target=\"_blank\" rel=\"noopener\">Hier klicken!!!<\/a><\/strong><\/p>\n<p><strong><em> <span style=\"color: #0000ff;\">Oktober 2016:<\/span> <\/em><span style=\"color: #000000;\">LINK zur WEBSEITE &#8211;<\/span> <a title=\"Besuch im Landesmuseum Darmstadt - Die Ausstellung - chic!\" href=\"https:\/\/www.igbce-blogs.de\/aufgeweckte-alte\/?page_id=7294\" target=\"_blank\" rel=\"noopener\">Hier klicken!!!<\/a><em><br \/>\n<span style=\"color: #000000;\">Besuch im Landesmuseum Darmstadt. Die Ausstellung &#8211; chic!- <span style=\"color: #0000ff;\">am Mittwoch den 12. Oktober 2016<\/span>. Mode im 17. Jahrhundert &#8211; Juwelen der Kost\u00fcmgeschichte! <\/span><\/em><span style=\"color: #000000;\"><br \/>\nLINK zu den FOTO&#8217;s: <\/span><a title=\"Ausstellung chic! Land.-Museum DA\" href=\"https:\/\/www.igbce-blogs.de\/aufgeweckte-alte\/?p=7302\" target=\"_blank\" rel=\"noopener\">Hier klicken!!!<\/a><\/strong><\/p>\n<p><span style=\"color: #0000ff;\"><strong><em><span style=\"text-decoration: underline;\">SONDERVERANSTALTUNGEN 2016<br \/>\n<\/span><\/em><\/strong><\/span><\/p>\n<ol>\n<li><strong><span style=\"color: #000000;\"><em>STROM- &amp; W\u00c4RME AUS KOHLE &#8211; KRAFTWERK HKW WEST! <\/em>LINK zu der WEBSEITE: <\/span><\/strong><a title=\"STROM- UND W\u00c4RME AUS KOHLE \u2013 KRAFTWERK HKW WEST\" href=\"https:\/\/www.igbce-blogs.de\/aufgeweckte-alte\/?page_id=7350\" target=\"_blank\" rel=\"noopener\"><strong>Hier klicken!!!<span style=\"color: #000000;\"><em><br \/>\nam Mittwoch, den 26. Oktober 2016 \u2013 17:00 Uhr <\/em><\/span><span style=\"color: #000000;\">LINK zu den FOTO&#8217;s<\/span><span style=\"color: #000000;\">:<\/span> Hier klicken!!!<\/strong><br \/>\n<\/a><\/li>\n<li><strong><span style=\"color: #000000;\"><em>R\u00dcSSELSHEIM &#8211; DIE FESTUNG IM FACKELSCHEIN <\/em>mit LINK zur WEBSEITE: <\/span><a title=\"R\u00dcSSELSHEIM \u2013 DIE FESTUNG IM FACKELSCHEIN\" href=\"https:\/\/www.igbce-blogs.de\/aufgeweckte-alte\/?page_id=7372\" target=\"_blank\" rel=\"noopener\">Hier klicken!!!<\/a><span style=\"color: #000000;\"><em><span style=\"color: #0000ff;\"><br \/>\nAm Mittwoch, den 16. November um 18 Uhr<\/span><\/em> LINK zu den FOTO&#8217;s: <\/span><\/strong><a title=\"R\u00dcSSELSHEIM \u2013 DIE FESTUNG IM FACKELSCHEIN\" href=\"https:\/\/www.igbce-blogs.de\/aufgeweckte-alte\/?p=7375\" target=\"_blank\" rel=\"noopener\"><strong>Hier klicken!!!<\/strong><\/a><\/li>\n<li style=\"list-style-type: none;\">&nbsp;<\/li>\n<\/ol>\n<p><span style=\"color: #0000ff;\"><strong><em><strong><em>November 2016: <span style=\"color: #000000;\">Unser Adventskaffee am 23. Nov. 2016 14:00Uhr dann mit Dia-Show aus den letzten 3 Jahren.<\/span> <\/em><\/strong><\/em><\/strong><\/span><\/p>\n<h4><span style=\"color: #0000ff;\"><strong>*******************************<\/strong><\/span><\/h4>\n<h4 style=\"text-align: left;\"><span style=\"color: #0000ff;\">Wir freuten uns mit Euch<\/span><\/h4>\n<h4 style=\"text-align: left;\"><span style=\"color: #0000ff;\"><em>die AKTIVEN \u201eAufgeweckten Alten\u201c!<\/em><\/span><\/h4>\n<h4><span style=\"color: #0000ff;\"><strong>*******************************<\/strong><\/span><\/h4>\n<h3 style=\"text-align: left;\"><span style=\"color: #000000;\">Zur <a href=\"https:\/\/www.igbce-blogs.de\/aufgeweckte-alte\/?page_id=5672\">\u00dcbersicht 2015<\/a><\/span><\/h3>\n<h3 style=\"text-align: left;\"><span style=\"color: #000000;\"><span style=\"color: #000000;\">Zur<\/span> <\/span><a href=\"https:\/\/www.igbce-blogs.de\/aufgeweckte-alte\/\" target=\"_blank\" rel=\"noopener\">Startseite<\/a><\/h3>\n<p style=\"text-align: center; padding-left: 30px;\">&nbsp;<\/p>\nRelated Images:","protected":false},"excerpt":{"rendered":"<p>*************************************** Aktivit\u00e4ten &#8211; Veranstaltungen 2016 Berlin \u2013 Sehenswertes und die Politik! *** Berlin \u2013 immer wieder eine Reise wert! *************************************** Das Jahr 2016 mit den \u201eAufgeweckten Alten\u201c ************************************* Februar 2016: Zum Jahresauftakt, R\u00fcckschau auf 2015 und gem\u00fctliches Beisammensein im Pfarrsaal von St. Josef Ffm.-H\u00f6chst am 17. Februar \u2013 14:00 Uhr. M\u00e4rz 2016: LINK zur WEBSEITE [&hellip;]<\/p>\n","protected":false},"author":3,"featured_media":0,"parent":0,"menu_order":9988,"comment_status":"open","ping_status":"open","template":"tagcloud.php","meta":{"ngg_post_thumbnail":0,"footnotes":""},"class_list":["post-6687","page","type-page","status-publish","hentry"],"_links":{"self":[{"href":"https:\/\/www.igbce-blogs.de\/aufgeweckte-alte\/index.php?rest_route=\/wp\/v2\/pages\/6687","targetHints":{"allow":["GET"]}}],"collection":[{"href":"https:\/\/www.igbce-blogs.de\/aufgeweckte-alte\/index.php?rest_route=\/wp\/v2\/pages"}],"about":[{"href":"https:\/\/www.igbce-blogs.de\/aufgeweckte-alte\/index.php?rest_route=\/wp\/v2\/types\/page"}],"author":[{"embeddable":true,"href":"https:\/\/www.igbce-blogs.de\/aufgeweckte-alte\/index.php?rest_route=\/wp\/v2\/users\/3"}],"replies":[{"embeddable":true,"href":"https:\/\/www.igbce-blogs.de\/aufgeweckte-alte\/index.php?rest_route=%2Fwp%2Fv2%2Fcomments&post=6687"}],"version-history":[{"count":153,"href":"https:\/\/www.igbce-blogs.de\/aufgeweckte-alte\/index.php?rest_route=\/wp\/v2\/pages\/6687\/revisions"}],"predecessor-version":[{"id":15985,"href":"https:\/\/www.igbce-blogs.de\/aufgeweckte-alte\/index.php?rest_route=\/wp\/v2\/pages\/6687\/revisions\/15985"}],"wp:attachment":[{"href":"https:\/\/www.igbce-blogs.de\/aufgeweckte-alte\/index.php?rest_route=%2Fwp%2Fv2%2Fmedia&parent=6687"}],"curies":[{"name":"wp","href":"https:\/\/api.w.org\/{rel}","templated":true}]}}