{"id":6174,"date":"2016-04-21T16:25:59","date_gmt":"2016-04-21T15:25:59","guid":{"rendered":"http:\/\/www.igbce-blogs.de\/aufgeweckte-alte\/?page_id=6174"},"modified":"2016-06-08T16:57:09","modified_gmt":"2016-06-08T14:57:09","slug":"2015-09-19-essen-125-jub-mitgliederfest","status":"publish","type":"page","link":"https:\/\/www.igbce-blogs.de\/aufgeweckte-alte\/?page_id=6174","title":{"rendered":"ESSEN 125-Jub. &#038; Mitgliederfest 2015"},"content":{"rendered":"<h3><span style=\"color: #0000ff;\">September 2015:<\/span><br \/>\n<span style=\"color: #000000;\">Tagesfahrt nach ESSEN zur Zeche ZOLLVEREIN<br \/>\nzu unserem 125 &#8211; Jubil\u00e4um und Mitgliederfest !<\/span><\/h3>\n<p><strong>Einladung zum 125-j\u00e4hrigen<\/strong><strong> <\/strong><strong>IG BCE Mitglieder-Fest am 19. September 2015 in Essen<\/strong><\/p>\n<p><strong>Treffpunkt wie immer der Bahnhof H\u00f6chst 6:00 Uhr &#8211; Abfahrt: 6:15 Uhr <\/strong><\/p>\n<p>Wer mit dem Auto kam, konnte auf der s\u00fcdl. Mainseite &#8211; Industriepark H\u00f6chst, ParkpIatz <strong>H 831<\/strong> parken und zusteigen. Voraussichtliche <strong>Abfahrt in Essen: 18:00 Uhr abends.<\/strong><\/p>\n<p>Liebe Kolleginnen, liebe Kollegen des Seniorenkreises <strong>,,Aufgeweckte A|te&#8220;<\/strong>:<br \/>\n<strong><em>Wir stehen hinter Dir!<\/em><\/strong> Unter diesem Motto feiern wir in diesem Jahr stolz und selbstbewusst unser Jubil\u00e4um. H\u00f6hepunkt ist am 19. September das gro\u00dfe Familienfest auf der Zeche Zollverein in Essen.<\/p>\n<p>Auch wir wollten dieses Ereignis feiern und organisierten deshalb f\u00fcr alle Interessierten die Busfahrt nach Essen. Hierzu waren alle Mitglieder der IG BCE mit ihren Partnern und Familien ganz herzlich eingeladen. <strong>F\u00fcr diese Fahrt fielen keine Kosten an!<\/strong><\/p>\n<p><strong>ngg_shortcode_0_placeholder<br \/>\n<\/strong><\/p>\n<p><strong>Es erwartete Euch ein abwechslungsreicher Tag:<\/strong><\/p>\n<ul>\n<li><strong>Buntes Programm mit Musik, Comedy und Kabarett<\/strong><\/li>\n<li><strong>Mitmachangebote f\u00fcr die ganze Familie<\/strong><\/li>\n<li><strong>F\u00fchrungen durchs Ruhrmuseum &amp; Red Dot Design Museum<\/strong><\/li>\n<li><strong>Gastronomieangebote f\u00fcr jeden Geschmack<\/strong><\/li>\n<\/ul>\n<h4><span style=\"color: #000000;\"><em>Die \u201eAufgeweckten Alten\u201c<\/em><\/span><\/h4>\n<p><span style=\"color: #000000;\"><strong>ngg_shortcode_1_placeholder<\/strong><\/span><\/p>\n<p><strong><em>Bericht zur Fahrt nach Essen zum 125. Geburtstag der IG BCE von Holger<\/em><\/strong><\/p>\n<p><strong><em> <\/em><\/strong><\/p>\n<p><strong><em>Am Samstag, den 19. September 2015, feierte die IG BCE ihren 125. Geburtstag<br \/>\nganz gro\u00df auf dem Gel\u00e4nde der Zeche Zollverein in Essen.<\/em><\/strong><\/p>\n<p>Wir, die Aufgeweckten Alten, waren auch eingeladen und wollten mit insgesamt 48 Personen teilnehmen. Abfahrt des Busses war f\u00fcr 6 Uhr am Samstagmorgen geplant. Deshalb waren auch alle bereits um 5 Uhr 45 am Bahnhof H\u00f6chst und warteten auf unseren Bus. Da noch ein weiterer Halt im S\u00fcden des Industrieparks um 6 Uhr 15 geplant war, wollte man die Kollegen nicht zu lange warten lassen. Umso schlimmer aber, dass unser Bus erst um 6 Uhr 30 auftauchte und noch eine kleine Ehrenrunde drehen durfte, bis wir dann endlich einsteigen und in den Industriepark- S\u00fcden aufbrechen konnten. So starteten wir mit erheblicher Versp\u00e4tung \u2013 mehr als eine Stunde &#8211; auf unsere Fahrt nach Essen, wo uns die n\u00e4chste unangenehme \u00dcberraschung erwartete: Unser Bus hatte keine g\u00fcltige Fahrzeugnummer &#8211; bei \u00fcber 400 Bussen eine Notwendigkeit, damit jeder seinen Bus<br \/>\nzur Abfahrt auch wieder findet -, so dass wir unseren Bus erst einweisen mussten.<\/p>\n<p>Das Fest selbst war gut organisiert. \u00dcberall standen W\u00fcrstchen- und Getr\u00e4nkebuden, und f\u00fcr die ausgegebenen Verzehrbons \u2013 vier pro Person f\u00fcr 2 \u20ac &#8211; konnte man alles, was den Hunger oder Durst stillte, nach l\u00e4ngeren\u00a0 Wartezeiten in riesigen Menschenschlangen bekommen. Auch an den Sehensw\u00fcrdigkeiten, immerhin Weltkulturerbe zum Industriezeitalter, konnte man sich nur nach langem Warten aus n\u00e4chster N\u00e4he erfreuen. Wenn das jetzt etwas abwertend klang,<br \/>\nist das vom Autor dieses Berichts gewollt.<\/p>\n<p>Die Heimfahrt verlief dann ereignislos, wenn man davon absieht, dass unser Bus eine Stunde vor dem Treffpunkt warten musste, weil unsere Busnummer\u00a0 &#8211; 143 gr\u00fcn \u2013 zweimal vergeben war und die Parkplatzw\u00e4chter das nicht einsehen wollten.<\/p>\n<h3><strong><span style=\"color: #000000;\">LINK zu den FOTO\u2019s: <\/span><\/strong><a title=\"Hier klicken!!!\" href=\"https:\/\/www.igbce-blogs.de\/aufgeweckte-alte\/?p=6408\" target=\"_blank\">Hier klicken!!!<\/a><\/h3>\n<h5><span style=\"color: #000000;\"><span style=\"color: #000000;\">Zur<\/span> <\/span><a href=\"https:\/\/www.igbce-blogs.de\/aufgeweckte-alte\/?page_id=5672\">\u00dcbersicht 2015<\/a><\/h5>\n<h5><span style=\"color: #000000;\">Zur <\/span><a href=\"https:\/\/www.igbce-blogs.de\/aufgeweckte-alte\/\" target=\"_blank\">Startseite<\/a><\/h5>\nRelated Images:","protected":false},"excerpt":{"rendered":"<p>September 2015: Tagesfahrt nach ESSEN zur Zeche ZOLLVEREIN zu unserem 125 &#8211; Jubil\u00e4um und Mitgliederfest ! Einladung zum 125-j\u00e4hrigen IG BCE Mitglieder-Fest am 19. September 2015 in Essen Treffpunkt wie immer der Bahnhof H\u00f6chst 6:00 Uhr &#8211; Abfahrt: 6:15 Uhr Wer mit dem Auto kam, konnte auf der s\u00fcdl. Mainseite &#8211; Industriepark H\u00f6chst, ParkpIatz H [&hellip;]<\/p>\n","protected":false},"author":3,"featured_media":0,"parent":5672,"menu_order":6,"comment_status":"open","ping_status":"closed","template":"tagcloud.php","meta":{"ngg_post_thumbnail":0,"footnotes":""},"class_list":["post-6174","page","type-page","status-publish","hentry"],"_links":{"self":[{"href":"https:\/\/www.igbce-blogs.de\/aufgeweckte-alte\/index.php?rest_route=\/wp\/v2\/pages\/6174","targetHints":{"allow":["GET"]}}],"collection":[{"href":"https:\/\/www.igbce-blogs.de\/aufgeweckte-alte\/index.php?rest_route=\/wp\/v2\/pages"}],"about":[{"href":"https:\/\/www.igbce-blogs.de\/aufgeweckte-alte\/index.php?rest_route=\/wp\/v2\/types\/page"}],"author":[{"embeddable":true,"href":"https:\/\/www.igbce-blogs.de\/aufgeweckte-alte\/index.php?rest_route=\/wp\/v2\/users\/3"}],"replies":[{"embeddable":true,"href":"https:\/\/www.igbce-blogs.de\/aufgeweckte-alte\/index.php?rest_route=%2Fwp%2Fv2%2Fcomments&post=6174"}],"version-history":[{"count":21,"href":"https:\/\/www.igbce-blogs.de\/aufgeweckte-alte\/index.php?rest_route=\/wp\/v2\/pages\/6174\/revisions"}],"predecessor-version":[{"id":6181,"href":"https:\/\/www.igbce-blogs.de\/aufgeweckte-alte\/index.php?rest_route=\/wp\/v2\/pages\/6174\/revisions\/6181"}],"up":[{"embeddable":true,"href":"https:\/\/www.igbce-blogs.de\/aufgeweckte-alte\/index.php?rest_route=\/wp\/v2\/pages\/5672"}],"wp:attachment":[{"href":"https:\/\/www.igbce-blogs.de\/aufgeweckte-alte\/index.php?rest_route=%2Fwp%2Fv2%2Fmedia&parent=6174"}],"curies":[{"name":"wp","href":"https:\/\/api.w.org\/{rel}","templated":true}]}}