{"id":5771,"date":"2015-05-19T17:22:52","date_gmt":"2015-05-19T16:22:52","guid":{"rendered":"http:\/\/www.igbce-blogs.de\/aufgeweckte-alte\/?page_id=5771"},"modified":"2015-11-12T15:39:15","modified_gmt":"2015-11-12T14:39:15","slug":"unser-adventskaffee-am-26-november-2014","status":"publish","type":"page","link":"https:\/\/www.igbce-blogs.de\/aufgeweckte-alte\/?page_id=5771","title":{"rendered":"Unser Adventskaffee am 26. Nov.2014"},"content":{"rendered":"<h3><span style=\"color: #000000;\">Unser Adventskaffee am 26. November 2014<br \/>\nngg_shortcode_0_placeholder<\/span><\/h3>\n<p><span style=\"color: #000000;\"> <\/span><\/p>\n<h5><em><span style=\"color: #000000;\"><strong>Liebe \u201eAufgeweckte Alte\u201c,<br \/>\nKolleginnen und Kollegen, verehrte Damen und Herren!<\/strong><\/span><\/em><\/h5>\n<p><span style=\"color: #000000;\"> <\/span><\/p>\n<p><span style=\"color: #000000;\"><strong> <\/strong><\/span><\/p>\n<p><span style=\"color: #000000;\"> <\/span><\/p>\n<p><span style=\"color: #000000;\"><strong> <\/strong><strong> <\/strong><\/span><\/p>\n<p><span style=\"color: #000000;\"> <\/span><\/p>\n<h5><span style=\"color: #000000;\"><em>Ja, obwohl unser Arnold das viel besser kann,<br \/>\nfang ich heut\u2018 gleichmal mit dem Anfang an.<\/em><\/span><\/h5>\n<p><span style=\"color: #000000;\"> <\/span><\/p>\n<h5><span style=\"color: #000000;\"><em>Vorneweg da\u00df \u00fcbliche Prozedere mit unserer Anwesenheitslist,<br \/>\nbitte sich alle einzutragen mit Name, Vorname und Unterschrift,<br \/>\ndamit f\u00fcr unser gesch\u00e4tztes Bezirksb\u00fcro in Wiesbaden,<br \/>\nauch all\u2018 das heut\u2018 Nachmittag hier wirklich passiert ist,<br \/>\nund die ihren Zuschu\u00df zahlen; wof\u00fcr wir danken Ihnen.<\/em><\/span><\/h5>\n<p><span style=\"color: #000000;\"> <\/span><\/p>\n<p><span style=\"color: #000000;\"><em> <\/em><\/span><\/p>\n<p><span style=\"color: #000000;\"> <\/span><\/p>\n<h5><span style=\"color: #000000;\"><em> <\/em><\/span><\/h5>\n<p><span style=\"color: #000000;\"> <\/span><\/p>\n<p><span style=\"color: #000000;\"><em> <\/em><\/span><\/p>\n<p><span style=\"color: #000000;\"> <\/span><\/p>\n<h5><span style=\"color: #000000;\"><em>Es folgt das neue Jahresprogramm 2015,<br \/>\nvon uns Aktiven erarbeitet, ist folgendes vorgesehen.<br \/>\nPROGRAMM 2015 &#8211; ANZEIGE durchgehen bzw. vorlesen!<\/em><\/span><\/h5>\n<p><span style=\"color: #000000;\"> <\/span><\/p>\n<p><span style=\"color: #000000;\"><em> <\/em><\/span><\/p>\n<p><span style=\"color: #000000;\"> <\/span><\/p>\n<h5><span style=\"color: #000000;\"><em> <\/em><\/span><\/h5>\n<p><span style=\"color: #000000;\"> <\/span><\/p>\n<p><span style=\"color: #000000;\"><em> <\/em><\/span><\/p>\n<p><span style=\"color: #000000;\"> <\/span><\/p>\n<h5><span style=\"color: #000000;\"><em>Danach folgt dann ein kleiner Film.<br \/>\nWir waren in BAD ORB, auf der WEGSCHEIDE<br \/>\nund es war ein wirklich sehr sch\u00f6ner Tag,<br \/>\nden keiner der dabei war, heut\u2018 missen mag!<\/em><\/span><\/h5>\n<p><span style=\"color: #000000;\"> <\/span><\/p>\n<p><span style=\"color: #000000;\"><em> <\/em><\/span><\/p>\n<p><span style=\"color: #000000;\"> <\/span><\/p>\n<h5><span style=\"color: #000000;\"><em> <\/em><\/span><\/h5>\n<p><span style=\"color: #000000;\"> <\/span><\/p>\n<p><span style=\"color: #000000;\"><em> <\/em><\/span><\/p>\n<p><span style=\"color: #000000;\"> <\/span><\/p>\n<h5><span style=\"color: #000000;\"><em><strong>WIR GRATULIEREN HEUTE<\/strong>, w\u00fcnschen Gesundheit,<br \/>\nHeiterkeit und weiterhin recht viele nette Leute,<\/em><\/span><\/h5>\n<p><span style=\"color: #000000;\"> <\/span><\/p>\n<p><span style=\"color: #000000;\"><em> <\/em><\/span><\/p>\n<p><span style=\"color: #000000;\"> <\/span><\/p>\n<h5><span style=\"color: #000000;\"><em> <\/em><\/span><\/h5>\n<p><span style=\"color: #000000;\"> <\/span><\/p>\n<p><span style=\"color: #000000;\"><em> <\/em><\/span><\/p>\n<p><span style=\"color: #000000;\"> <\/span><\/p>\n<h5><span style=\"color: #000000;\"><em>unserer WALFRIEDE von den \u201eAKTIVEN Aufgeweckten Alten\u201c<br \/>\nund dem Hans-J\u00fcrgen, sein Ehrentag ist am Sonntag gewesen.<br \/>\n<span> <\/span><br \/>\nZum letzten Punkt im heutigen Programm!<br \/>\nEs singen die Damen des Chores<br \/>\n\u201eDie Worzel\u201c aus Unterliederbach mit tollem Klang,<br \/>\nwas unsere Stimmung zum Abschlu\u00df nur nochmals heben kann!<br \/>\nngg_shortcode_1_placeholder<\/em><\/span><\/h5>\n<p><span> <\/span><\/p>\n<h3><span style=\"color: #000000;\"> LINK: <a title=\"Zu den Bildern - unser Adventskaffee\" href=\"https:\/\/www.igbce-blogs.de\/aufgeweckte-alte\/?p=5695\" target=\"_blank\"><em>Zu den Bildern \u2013 unser Adventskaffee<\/em><\/a><\/span><\/h3>\nRelated Images:","protected":false},"excerpt":{"rendered":"<p>Unser Adventskaffee am 26. November 2014 Liebe \u201eAufgeweckte Alte\u201c, Kolleginnen und Kollegen, verehrte Damen und Herren! Ja, obwohl unser Arnold das viel besser kann, fang ich heut\u2018 gleichmal mit dem Anfang an. Vorneweg da\u00df \u00fcbliche Prozedere mit unserer Anwesenheitslist, bitte sich alle einzutragen mit Name, Vorname und Unterschrift, damit f\u00fcr unser gesch\u00e4tztes Bezirksb\u00fcro in Wiesbaden, [&hellip;]<\/p>\n","protected":false},"author":3,"featured_media":0,"parent":5283,"menu_order":7,"comment_status":"open","ping_status":"closed","template":"tagcloud.php","meta":{"ngg_post_thumbnail":0,"footnotes":""},"class_list":["post-5771","page","type-page","status-publish","hentry"],"_links":{"self":[{"href":"https:\/\/www.igbce-blogs.de\/aufgeweckte-alte\/index.php?rest_route=\/wp\/v2\/pages\/5771","targetHints":{"allow":["GET"]}}],"collection":[{"href":"https:\/\/www.igbce-blogs.de\/aufgeweckte-alte\/index.php?rest_route=\/wp\/v2\/pages"}],"about":[{"href":"https:\/\/www.igbce-blogs.de\/aufgeweckte-alte\/index.php?rest_route=\/wp\/v2\/types\/page"}],"author":[{"embeddable":true,"href":"https:\/\/www.igbce-blogs.de\/aufgeweckte-alte\/index.php?rest_route=\/wp\/v2\/users\/3"}],"replies":[{"embeddable":true,"href":"https:\/\/www.igbce-blogs.de\/aufgeweckte-alte\/index.php?rest_route=%2Fwp%2Fv2%2Fcomments&post=5771"}],"version-history":[{"count":30,"href":"https:\/\/www.igbce-blogs.de\/aufgeweckte-alte\/index.php?rest_route=\/wp\/v2\/pages\/5771\/revisions"}],"predecessor-version":[{"id":5774,"href":"https:\/\/www.igbce-blogs.de\/aufgeweckte-alte\/index.php?rest_route=\/wp\/v2\/pages\/5771\/revisions\/5774"}],"up":[{"embeddable":true,"href":"https:\/\/www.igbce-blogs.de\/aufgeweckte-alte\/index.php?rest_route=\/wp\/v2\/pages\/5283"}],"wp:attachment":[{"href":"https:\/\/www.igbce-blogs.de\/aufgeweckte-alte\/index.php?rest_route=%2Fwp%2Fv2%2Fmedia&parent=5771"}],"curies":[{"name":"wp","href":"https:\/\/api.w.org\/{rel}","templated":true}]}}