{"id":5731,"date":"2015-05-19T16:14:30","date_gmt":"2015-05-19T15:14:30","guid":{"rendered":"http:\/\/www.igbce-blogs.de\/aufgeweckte-alte\/?page_id=5731"},"modified":"2015-11-12T15:37:29","modified_gmt":"2015-11-12T14:37:29","slug":"mainz-mit-seinen-sehenswurdigkeiten","status":"publish","type":"page","link":"https:\/\/www.igbce-blogs.de\/aufgeweckte-alte\/?page_id=5731","title":{"rendered":"Mainz mit seinen Sehensw\u00fcrdigkeiten!!!"},"content":{"rendered":"<h5><span style=\"color: #000000;\"><strong>Oktober 2014 Ausflug nach Mainz:\u00a0\u00a0 Gutenbergmuseum<br \/>\nmit Stadtf\u00fchrung und dem Antiken Schifffahrtsmuseum<\/strong><\/span><span style=\"color: #000000;\"><strong><br \/>\nngg_shortcode_0_placeholder<\/strong><\/span><\/h5>\n<h6 style=\"text-align: right;\"><span style=\"color: #000000;\"><strong><em>Mittwoch, den <\/em><\/strong>29. Oktober 2014<\/span><\/h6>\n<p><span style=\"color: #000000;\"> <\/span><\/p>\n<h2><span style=\"color: #000000;\"><strong><em>Mainz am Rhein <\/em><\/strong><\/span><\/h2>\n<p><span style=\"color: #000000;\"> <\/span><\/p>\n<address><span style=\"color: #000000;\">Die \u201eAufgeweckten Alten\u201c waren mal wieder on Tour, dieses Mal in Mainz.<\/span><\/address>\n<address> <\/address>\n<address><span style=\"color: #000000;\"> <\/span><\/address>\n<address> <\/address>\n<address><span style=\"color: #000000;\">Dort, in dieser sch\u00f6nen &#8211; mit zum Teil sehr alten &#8211; Stadt gibt es viel Interessantes und auch Neues zu entdecken. Aber jetzt erst mal der Reihe nach: Ich sch\u00e4tze, dass wir etwa 40 Personen waren, die sich in der S-Bahnstation am HBF um 8.30 Uhr trafen, um an dem Tagesausflug teilzunehmen.<\/span><\/address>\n<address> <\/address>\n<address><span style=\"color: #000000;\"> <\/span><\/address>\n<address> <\/address>\n<address><span style=\"color: #000000;\">Die erste Schwierigkeit war, dass wegen eines Unfalls alle S-Bahnen ausfielen. Zum Gl\u00fcck hatte Peter einen Zug nach Mainz gefunden, so dass wir fast p\u00fcnktlich um 10 Uhr zur F\u00fchrung im Gutenbergmuseum eingetroffen sind.<\/span><\/address>\n<address> <\/address>\n<address><span style=\"color: #000000;\"> <\/span><\/address>\n<address> <\/address>\n<address><span style=\"color: #000000;\">Frau Bettina Link, die G\u00e4stef\u00fchrerin, vermittelte uns durch gute Erkl\u00e4rungen und Vorf\u00fchrungen die Entstehung eines Buches von der Letter, \u00fcber die Handhabung einer Druckmaschine bis hin zu einem gebundenen Buch.<br \/>\nMan kann diese Kunstwerke, noch alle in Latein geschrieben, nur bewundern.<\/span><\/address>\n<address> <\/address>\n<address><span style=\"color: #000000;\"> <\/span><\/address>\n<address> <\/address>\n<address><span style=\"color: #000000;\">Dann machten wir einen Spaziergang durch die Altstadt. Wir \u00fcberquerten bei dieser Gelegenheit auch den 50sten Breitengrad. Wir sahen uns den Dom an, zu dem uns Frau Link auch einiges zu erz\u00e4hlen hatte. Der Dom St. Martin wurde vor ca. 1000 Jahren erbaut. Die Bronzet\u00fcren von damals sind noch erhalten und am <em>Marktportal <\/em>zu sehen. Der erste Dom ist noch vor seiner Einweihung abgebrannt. Der alte Kreuzgang aber ist noch gut erhalten.<\/span><\/address>\n<address> <\/address>\n<address><span style=\"color: #000000;\"> <\/span><\/address>\n<address> <\/address>\n<address><span style=\"color: #000000;\">Die n\u00e4chste Station war dann das Mittagessen im <em>\u201eEisgrub-Br\u00e4u\u201c<\/em>. Dies\u00b4 ist ein altes uriges Lokal, in dem man au\u00dfer gutem Essen noch selbstgebrautes <em><span style=\"text-decoration: underline;\">guuutes Bier<\/span><\/em> bekommt. Anschlie\u00dfend hatten wir gen\u00fcgend Zeit, zu Fu\u00df zur katholischen St. Stephanskirche zu gehen und die Chagallfenster anzuschauen. Es handelt sich um eine gotische Kirche, die ab 1043 als Steinkirche die alte Holzkirche aus dem Jahre 990 ersetzte.<\/span><\/address>\n<address> <\/address>\n<address><span style=\"color: #000000;\"> <\/span><\/address>\n<address> <\/address>\n<address><span style=\"color: #000000;\">Die Fenster, \u00fcberwiegend in Blau gehalten, sind das letzte Werk des damals \u00fcber 90j\u00e4hrigen Marc Chagall. Er hatte sie von 1978 bis 1985 erstellt. Wenn man die Kirche betritt, so empf\u00e4ngt einen einfach eine blaue Lichterflut &#8211; sehr beeindruckend. Das Anliegen Chagalls war, damit die j\u00fcdisch-deutsche Freundschaft zu best\u00e4tigen, denn er selbst war Jude in Russland geboren.<\/span><\/address>\n<address> <\/address>\n<address><span style=\"color: #000000;\"> <\/span><\/address>\n<address> <\/address>\n<address><span style=\"color: #000000;\">Anschlie\u00dfend machten wir einen Spaziergang zum \u201eAntike Schifffahrtmuseum\u201c. Reste von Schiffen 1000 bis 2000 Jahre alt, die man aus dem Rhein geborgen hat, sind ausgestellt. Es ist erstaunlich, dass diese Reste eine so lange Zeit im Schlamm \u00fcberstanden haben. Verschiedene Schiffstypen, vor allem aus der R\u00f6merzeit waren nachgebaut. Man kann nur bewundern, mit welcher Intelligenz und Kunstfertigkeit \u2013 ohne Maschinen \u2013 die Menschen in fr\u00fcheren Zeiten solche Dinge geschaffen haben.<\/span><\/address>\n<address> <\/address>\n<address><span style=\"color: #000000;\"> <\/span><\/address>\n<address> <\/address>\n<address><span style=\"color: #000000;\">Ja, dann war auch dieser sch\u00f6ne Tag auch schon zu Ende, und wir fuhren alle m\u00fcde und zufrieden nach Hause zur\u00fcck.<\/span><\/address>\n<p><span style=\"color: #000000;\"> <\/span><\/p>\n<p><span style=\"color: #000000;\">Gru\u00df Doris Herrmann<\/span><\/p>\n<p><span style=\"color: #000000;\"><strong>ngg_shortcode_1_placeholder<\/strong><\/span><\/p>\n<p><span style=\"color: #000000;\"><strong>ngg_shortcode_2_placeholder<\/strong><\/span><\/p>\n<h5 style=\"text-align: left;\"><span style=\"color: #000000;\">LINK zu den sch\u00f6nsten FOTOS aus Mainz: <\/span><a title=\"LINK zu den sch\u00f6nsten FOTOS aus Mainz: Hier klicken!!!\" href=\"https:\/\/www.igbce-blogs.de\/aufgeweckte-alte\/?p=5687\" target=\"_blank\">Hier klicken!!!<\/p>\n<p><\/a><span style=\"color: #000000;\">Zur <\/span><a href=\"https:\/\/www.igbce-blogs.de\/aufgeweckte-alte\/?page_id=5283\">\u00dcbersicht 2014<\/a><\/h5>\n<h5 style=\"text-align: left;\"><span style=\"color: #000000;\"><span style=\"color: #000000;\">Zur<\/span> <\/span><a href=\"https:\/\/www.igbce-blogs.de\/aufgeweckte-alte\/\" target=\"_blank\">Startseite<\/a><\/h5>\nRelated Images:","protected":false},"excerpt":{"rendered":"<p>Oktober 2014 Ausflug nach Mainz:\u00a0\u00a0 Gutenbergmuseum mit Stadtf\u00fchrung und dem Antiken Schifffahrtsmuseum Mittwoch, den 29. Oktober 2014 Mainz am Rhein Die \u201eAufgeweckten Alten\u201c waren mal wieder on Tour, dieses Mal in Mainz. Dort, in dieser sch\u00f6nen &#8211; mit zum Teil sehr alten &#8211; Stadt gibt es viel Interessantes und auch Neues zu entdecken. Aber jetzt [&hellip;]<\/p>\n","protected":false},"author":3,"featured_media":0,"parent":5283,"menu_order":6,"comment_status":"open","ping_status":"closed","template":"tagcloud.php","meta":{"ngg_post_thumbnail":0,"footnotes":""},"class_list":["post-5731","page","type-page","status-publish","hentry"],"_links":{"self":[{"href":"https:\/\/www.igbce-blogs.de\/aufgeweckte-alte\/index.php?rest_route=\/wp\/v2\/pages\/5731","targetHints":{"allow":["GET"]}}],"collection":[{"href":"https:\/\/www.igbce-blogs.de\/aufgeweckte-alte\/index.php?rest_route=\/wp\/v2\/pages"}],"about":[{"href":"https:\/\/www.igbce-blogs.de\/aufgeweckte-alte\/index.php?rest_route=\/wp\/v2\/types\/page"}],"author":[{"embeddable":true,"href":"https:\/\/www.igbce-blogs.de\/aufgeweckte-alte\/index.php?rest_route=\/wp\/v2\/users\/3"}],"replies":[{"embeddable":true,"href":"https:\/\/www.igbce-blogs.de\/aufgeweckte-alte\/index.php?rest_route=%2Fwp%2Fv2%2Fcomments&post=5731"}],"version-history":[{"count":40,"href":"https:\/\/www.igbce-blogs.de\/aufgeweckte-alte\/index.php?rest_route=\/wp\/v2\/pages\/5731\/revisions"}],"predecessor-version":[{"id":5920,"href":"https:\/\/www.igbce-blogs.de\/aufgeweckte-alte\/index.php?rest_route=\/wp\/v2\/pages\/5731\/revisions\/5920"}],"up":[{"embeddable":true,"href":"https:\/\/www.igbce-blogs.de\/aufgeweckte-alte\/index.php?rest_route=\/wp\/v2\/pages\/5283"}],"wp:attachment":[{"href":"https:\/\/www.igbce-blogs.de\/aufgeweckte-alte\/index.php?rest_route=%2Fwp%2Fv2%2Fmedia&parent=5731"}],"curies":[{"name":"wp","href":"https:\/\/api.w.org\/{rel}","templated":true}]}}