{"id":5672,"date":"2015-05-19T14:19:18","date_gmt":"2015-05-19T13:19:18","guid":{"rendered":"http:\/\/www.igbce-blogs.de\/aufgeweckte-alte\/?page_id=5672"},"modified":"2023-03-08T18:38:44","modified_gmt":"2023-03-08T16:38:44","slug":"2015-jedesmal-neu-unser-fremdwort-ist-langeweile","status":"publish","type":"page","link":"https:\/\/www.igbce-blogs.de\/aufgeweckte-alte\/?page_id=5672","title":{"rendered":"2015 \u2013 Viel NEUES, keine LANGEWEILE !"},"content":{"rendered":"<h2 style=\"text-align: center;\"><span style=\"color: #cd123f;\"><strong><a title=\"2015 \u2013 Viel NEUES, keine LANGEWEILE !\" href=\"https:\/\/www.igbce-blogs.de\/aufgeweckte-alte\/?page_id=5672\">2015 \u2013 Viel NEUES und keine LANGEWEILE !<\/a><\/strong><\/span><\/h2>\n<p>&nbsp;<\/p>\n<h1 style=\"text-align: center;\"><span style=\"color: #cd123f;\"><strong>***************************<\/strong><\/span><\/h1>\n<h1 style=\"text-align: center;\"><span style=\"color: #0000ff;\">Unser Programm im Jahre 2015<br \/>\nmit Bildern und Berichten dazu.<br \/>\n<\/span><\/h1>\n<p style=\"text-align: center;\">&nbsp;<\/p>\n<h2 style=\"text-align: center;\">ngg_shortcode_0_placeholder<\/h2>\n<h1 style=\"text-align: center;\"><span style=\"color: #0000ff;\"><strong>***************************<\/strong><\/span><\/h1>\n<h3><span style=\"color: #000000;\"><span style=\"color: #0000ff;\">Februar 2015:<\/span><\/span> <span style=\"color: #000000;\">LINK zur WEBSEITE: <a title=\"Hier klicken!!!\" href=\"https:\/\/www.igbce-blogs.de\/aufgeweckte-alte\/?page_id=5951\" target=\"_blank\" rel=\"noopener\">Hier klicken!!!<\/a><\/span><span style=\"color: #000000;\"><span style=\"color: #000000;\"><br \/>\nKreppelkaffee am Di. den 3. Febr. 201<\/span>5 um 14:00 Uhr<br \/>\nB\u00fcttenredner Heinz Eichhorn und Kindertanzgruppe.<br \/>\n<span style=\"color: #000000;\">LINK zu den FOTO&#8217;s: <\/span><a title=\"Hier klicken!!!\" href=\"https:\/\/www.igbce-blogs.de\/aufgeweckte-alte\/?p=5699\" target=\"_blank\" rel=\"noopener\">Hier klicken!!!<\/a><\/span><\/h3>\n<p>&nbsp;<\/p>\n<h3><span style=\"color: #000000;\"><span style=\"color: #0000ff;\">M\u00e4rz 2015: <\/span><\/span><span style=\"color: #000000;\">LINK zur WEBSEITE: <\/span><a title=\"Hier klicken!!!\" href=\"https:\/\/www.igbce-blogs.de\/aufgeweckte-alte\/?page_id=5962\" target=\"_blank\" rel=\"noopener\">Hier klicken!!!<\/a><span style=\"color: #000000;\"><br \/>\nDas Senkenbergmuseum im Frankfurter Westend am<br \/>\n17. M\u00e4rz 11:00 Uhr, Treffen am Eingang bis 10:30 Uhr.<\/span><br \/>\n<span style=\"color: #000000;\">LINK zu den FOTO&#8217;s: <\/span><a title=\"Hier klicken!!!\" href=\"https:\/\/www.igbce-blogs.de\/aufgeweckte-alte\/?p=5711\" target=\"_blank\" rel=\"noopener\">Hier klicken!!!<\/a><\/h3>\n<p>&nbsp;<\/p>\n<h3><span style=\"color: #000000;\"><span style=\"color: #0000ff;\">April 2015: <\/span><\/span><span style=\"color: #000000;\">LINK zur WEBSEITE: <\/span><a title=\"Hier klicken!!!\" href=\"https:\/\/www.igbce-blogs.de\/aufgeweckte-alte\/?page_id=5976\" target=\"_blank\" rel=\"noopener\">Hier klicken!!!<\/a><span style=\"color: #000000;\"><span style=\"color: #000000;\"><span style=\"color: #000000;\"><br \/>\nFahrt in die 2-Burgenstadt Weinheim und am<br \/>\nNachmittag Besuch des Orchideenkaffee\u2019s in Birkenau.<\/span><\/span><\/span><span style=\"color: #000000;\"><br \/>\nLINK zur Schilderung von Doris: <\/span><a title=\"LINK zur Schilderung von Doris\" href=\"https:\/\/www.igbce-blogs.de\/aufgeweckte-alte\/?cat=1\" target=\"_blank\" rel=\"noopener\">Hier klicken!!! <\/a><br \/>\n<span style=\"color: #000000;\">LINK zu den FOTO&#8217;s: <\/span><a title=\"Hier klicken!!!\" href=\"https:\/\/www.igbce-blogs.de\/aufgeweckte-alte\/?p=5718\" target=\"_blank\" rel=\"noopener\">Hier klicken!!! <\/a><\/h3>\n<p>&nbsp;<\/p>\n<h3><span style=\"color: #000000;\"><span style=\"color: #0000ff;\">Mai 2015: <\/span><\/span><span style=\"color: #000000;\">LINK zur WEBSEITE: <\/span><a title=\"Hier klicken!!!\" href=\"https:\/\/www.igbce-blogs.de\/aufgeweckte-alte\/?page_id=5983\" target=\"_blank\" rel=\"noopener\">Hier klicken!!!<\/a><span style=\"color: #000000;\"><br \/>\nABENDFAHRT mit der H\u00f6chster F\u00e4hre am 22. und am<br \/>\n29. Mai \u2013 ab 18:00 Uhr an der H\u00f6chster Anlegestelle.<\/span><em><br \/>\n<span style=\"color: #000000;\">LINK zu den FOTO\u2019s:<\/span> <a title=\"Hier klicken!!!\" href=\"https:\/\/www.igbce-blogs.de\/aufgeweckte-alte\/?p=6044\" target=\"_blank\" rel=\"noopener\">Hier klicken!!!<\/a><\/em><\/h3>\n<p>&nbsp;<\/p>\n<h3><span style=\"color: #000000;\"><span style=\"color: #0000ff;\">Juni 2015: <\/span><\/span><span style=\"color: #000000;\">LINK zur WEBSEITE: <\/span><a title=\"Hier klicken!!!\" href=\"https:\/\/www.igbce-blogs.de\/aufgeweckte-alte\/?page_id=5988\" target=\"_blank\" rel=\"noopener\">Hier klicken!!!<\/a><span style=\"color: #000000;\"><br \/>\nTagesfahrt zur Wasserkuppe mit Bad BR\u00dcCKENAU<br \/>\nam 24. Juni 2015 von BF-H\u00f6chst \u00fcber Hattersheim.<\/span><em><br \/>\n<span style=\"color: #000000;\">LINK zu den FOTO\u2019s:<\/span> <a title=\"Hier klicken!!!\" href=\"https:\/\/www.igbce-blogs.de\/aufgeweckte-alte\/?p=6349\" target=\"_blank\" rel=\"noopener\">Hier klicken!!!<\/a><\/em><\/h3>\n<h3>&nbsp;<\/h3>\n<h3><span style=\"color: #0000ff;\">September 2015:<\/span> <span style=\"color: #000000;\"><a title=\"ESSEN 125-Jub. &amp; Mitgliederfest\" href=\"https:\/\/www.igbce-blogs.de\/aufgeweckte-alte\/?page_id=6174\" target=\"_blank\" rel=\"noopener\">ESSEN 125-Jub. &amp; Mitgliederfest<\/a><br \/>\nTagesfahrt nach ESSEN zur Zeche ZOLLVEREIN<br \/>\nzum 125-Jubil\u00e4um &amp; Mitgliederfest am 19.09.2015.<\/span><em><br \/>\n<span style=\"color: #000000;\">LINK zu den FOTO\u2019s: <\/span><a title=\"Hier klicken!!!\" href=\"https:\/\/www.igbce-blogs.de\/aufgeweckte-alte\/?p=6408\" target=\"_blank\" rel=\"noopener\">Hier klicken!!!<\/a><\/em><\/h3>\n<p>&nbsp;<\/p>\n<h3><span style=\"color: #000000;\"><span style=\"color: #0000ff;\">September 2015: <\/span><\/span><span style=\"color: #000000;\">LINK zur WEBSEITE: <\/span><a title=\"Hier klicken!!!\" href=\"https:\/\/www.igbce-blogs.de\/aufgeweckte-alte\/?page_id=5992\" target=\"_blank\" rel=\"noopener\">Hier klicken!!!<\/a><span style=\"color: #000000;\"><span style=\"color: #000000;\"><br \/>\nZweitagesfahrt <\/span><\/span><span style=\"color: #000000;\">BAMBERG mit \u00dcbernachtung !<br \/>\nStadtf\u00fchrung mit Schifffahrt auf dem Main von<br \/>\nW\u00fcrzburg nach Veitsh\u00f6chheim mit Schlo\u00dfpark-Besuch<br \/>\n&amp; Stadtbummel vom 22. auf den 23. September 2015.<\/span><br \/>\n<em><span style=\"color: #000000;\">LINK zu den FOTO\u2019s: <\/span><a title=\"Hier klicken!!!\" href=\"https:\/\/www.igbce-blogs.de\/aufgeweckte-alte\/?p=6457\" target=\"_blank\" rel=\"noopener\">Hier klicken!!!<\/a><\/em><\/h3>\n<p>&nbsp;<\/p>\n<h3><span style=\"color: #000000;\"><span style=\"color: #0000ff;\">Oktober 2015: <\/span><\/span><span style=\"color: #000000;\">LINK zur WEBSEITE: <\/span><a title=\"Hier klicken!!!\" href=\"https:\/\/www.igbce-blogs.de\/aufgeweckte-alte\/?page_id=5995\" target=\"_blank\" rel=\"noopener\">Hier klicken!!!<\/a><span style=\"color: #000000;\"><span style=\"color: #000000;\"><br \/>\nDie MOSEL und ihr WEIN; Besuch von Burg ELTZ<br \/>\nund Beilstein, das Dornr\u00f6schen der Mosel genannt.<\/span><\/span><em><br \/>\n<span style=\"color: #000000;\">LINK zu den FOTO\u2019s: <\/span><a title=\"Hier klicken!!!\" href=\"https:\/\/www.igbce-blogs.de\/aufgeweckte-alte\/?p=6525\" target=\"_blank\" rel=\"noopener\">Hier klicken!!!<\/a><\/em><\/h3>\n<p>&nbsp;<\/p>\n<h3><span style=\"color: #000000;\"><span style=\"color: #0000ff;\">November 2015: <\/span><\/span><span style=\"color: #000000;\">LINK zur WEBSEITE: <\/span><a title=\"Hier klicken!!!\" href=\"https:\/\/www.igbce-blogs.de\/aufgeweckte-alte\/?page_id=6003\" target=\"_blank\" rel=\"noopener\">Hier klicken!!!<\/a><span style=\"color: #000000;\"><span style=\"color: #000000;\"><br \/>\nAdventskaffee am 25. Nov. 2015 ab 14:00 Uhr!<br \/>\nGegen 14:30 Uhr ein Vortrag zum Thema Gesundheits-<br \/>\nberatung &amp; Lebenshilfe im Alter. Claudia Ehling von<br \/>\nder CARITAS erl\u00e4utert Angebote f\u00fcr \u00e4ltere Menschen.<\/span><\/span><em><span style=\"color: #888888;\"><br \/>\n<\/span><\/em><em><span style=\"color: #000000;\">LINK zum VORTRAG: <\/span><a title=\"Claudia Ehling CARITAS Vortrag zum Thema Gesundheitsberatung &amp; Lebenshilfe im Alter!\" href=\"http:\/\/www.igbce-blogs.de:80\/aufgeweckte-alte\/wp-content\/uploads\/\/2016\/06\/Vortrag-Claudia-Ehling-CARITAS-H%C3%B6chst-am-25.11.2015.pptx\" target=\"_blank\" rel=\"noopener\">Hier klicken!!!<br \/>\n<\/a><span style=\"color: #000000;\">LINK zu den FOTO\u2019s: <\/span><a title=\"Adventskaffee am 25. Nov. 2015 ab 14:00 Uhr!\" href=\"https:\/\/www.igbce-blogs.de\/aufgeweckte-alte\/?p=6660\" target=\"_blank\" rel=\"noopener\">Hier klicken!!!<\/a><\/em><\/h3>\n<h3>&nbsp;<\/h3>\n<h1><span style=\"color: #000080;\"><strong><span style=\"color: #3366ff;\">**************************************<\/span><br \/>\n<\/strong><\/span><\/h1>\n<h3 style=\"text-align: left;\"><span style=\"color: #000000;\">Zur <\/span><a href=\"https:\/\/www.igbce-blogs.de\/aufgeweckte-alte\/?page_id=5283\">\u00dcbersicht 2014<\/a><\/h3>\n<h3 style=\"text-align: left;\"><span style=\"color: #000000;\"><span style=\"color: #000000;\">Zur<\/span> <\/span><a href=\"https:\/\/www.igbce-blogs.de\/aufgeweckte-alte\/\" target=\"_blank\" rel=\"noopener\">Startseite<\/a><\/h3>\n<p style=\"text-align: center; padding-left: 30px;\">&nbsp;<\/p>\nRelated Images:","protected":false},"excerpt":{"rendered":"<p>2015 \u2013 Viel NEUES und keine LANGEWEILE ! &nbsp; *************************** Unser Programm im Jahre 2015 mit Bildern und Berichten dazu. &nbsp; *************************** Februar 2015: LINK zur WEBSEITE: Hier klicken!!! Kreppelkaffee am Di. den 3. Febr. 2015 um 14:00 Uhr B\u00fcttenredner Heinz Eichhorn und Kindertanzgruppe. LINK zu den FOTO&#8217;s: Hier klicken!!! &nbsp; M\u00e4rz 2015: LINK zur [&hellip;]<\/p>\n","protected":false},"author":3,"featured_media":0,"parent":0,"menu_order":9989,"comment_status":"open","ping_status":"closed","template":"tagcloud.php","meta":{"ngg_post_thumbnail":0,"footnotes":""},"class_list":["post-5672","page","type-page","status-publish","hentry"],"_links":{"self":[{"href":"https:\/\/www.igbce-blogs.de\/aufgeweckte-alte\/index.php?rest_route=\/wp\/v2\/pages\/5672","targetHints":{"allow":["GET"]}}],"collection":[{"href":"https:\/\/www.igbce-blogs.de\/aufgeweckte-alte\/index.php?rest_route=\/wp\/v2\/pages"}],"about":[{"href":"https:\/\/www.igbce-blogs.de\/aufgeweckte-alte\/index.php?rest_route=\/wp\/v2\/types\/page"}],"author":[{"embeddable":true,"href":"https:\/\/www.igbce-blogs.de\/aufgeweckte-alte\/index.php?rest_route=\/wp\/v2\/users\/3"}],"replies":[{"embeddable":true,"href":"https:\/\/www.igbce-blogs.de\/aufgeweckte-alte\/index.php?rest_route=%2Fwp%2Fv2%2Fcomments&post=5672"}],"version-history":[{"count":118,"href":"https:\/\/www.igbce-blogs.de\/aufgeweckte-alte\/index.php?rest_route=\/wp\/v2\/pages\/5672\/revisions"}],"predecessor-version":[{"id":14170,"href":"https:\/\/www.igbce-blogs.de\/aufgeweckte-alte\/index.php?rest_route=\/wp\/v2\/pages\/5672\/revisions\/14170"}],"wp:attachment":[{"href":"https:\/\/www.igbce-blogs.de\/aufgeweckte-alte\/index.php?rest_route=%2Fwp%2Fv2%2Fmedia&parent=5672"}],"curies":[{"name":"wp","href":"https:\/\/api.w.org\/{rel}","templated":true}]}}