{"id":53,"date":"2010-01-25T18:03:52","date_gmt":"2010-01-25T17:03:52","guid":{"rendered":"http:\/\/www.igbce-blogs.de:80\/aufgeweckte-alte\/?page_id=53"},"modified":"2020-04-21T15:18:08","modified_gmt":"2020-04-21T13:18:08","slug":"einladung-zu-veranstaltungen","status":"publish","type":"page","link":"https:\/\/www.igbce-blogs.de\/aufgeweckte-alte\/?page_id=53","title":{"rendered":"Einladung zu den Veranstaltungen"},"content":{"rendered":"<h3 class=\"entry\" style=\"text-align: center;\"><span style=\"color: #000000;\">Liebe Senioren,<\/span><\/h3>\n<h4 class=\"entry\" style=\"text-align: center;\"><em><span style=\"color: #000000;\">beim Treffen der Senioren im Bezirk Rhein-Main<br \/>\nder IG BCE, wurden erste \u00dcberlegungen angestellt,<\/span><span style=\"color: #000000;\">welche Aktivit\u00e4ten wir der Generation<br \/>\nim (Un-)Ruhestand anbieten k\u00f6nnen,<\/span><\/em><\/h4>\n<h4 style=\"text-align: center;\"><em><span style=\"color: #000000;\">um gemeinsam ein paar sch\u00f6ne Stunden zu verbringen.<\/span><\/em><\/h4>\n<h4 class=\"entry\" style=\"text-align: center;\"><em><span style=\"color: #000000;\">Wir wollen klein anfangen und hoffen, dass viele mitmachen.<br \/>\nDaher laden wir Dich herzlich zu unseren Veranstaltungen ein.<\/span><\/em><\/h4>\n<h4 class=\"entry\" style=\"text-align: center;\"><em><span style=\"color: #000000;\">Wir hoffen auf eine rege Teilnahme und bitten um<br \/>\nDeine Anmeldung, damit wir planen k\u00f6nnen.<\/span><\/em><\/h4>\n<h4 class=\"entry\" style=\"text-align: center;\"><em><span style=\"color: #000000;\">Mit freundlichen Gr\u00fc\u00dfen<br \/>\nDie \u201eAufgeweckten Alten\u201d<\/span><\/em><\/h4>\n<div>&nbsp;<\/div>\n<div>&nbsp;<\/div>\n<h2 style=\"text-align: center;\"><span style=\"color: #000080;\">Vorschlagsliste f\u00fcr Unternehmungen,<\/span><\/h2>\n<h2 style=\"text-align: center;\"><span style=\"color: #000080;\">Veranstaltungen und Aktivit\u00e4ten aller Art!<\/span><\/h2>\n<p>&nbsp;<\/p>\n<h5 style=\"text-align: center;\"><span style=\"color: #000080;\">**********************************************<\/span><\/h5>\n<h3 style=\"text-align: center;\"><em><span style=\"color: #000000;\">WAS k\u00f6nnen wir tun?<\/span><\/em><\/h3>\n<h3 style=\"text-align: center;\"><em><span style=\"color: #000000;\">WO ist es interessant?<\/span><\/em><\/h3>\n<h3 style=\"text-align: center;\"><em><span style=\"color: #000000;\">WANN m\u00f6chten wir es?<\/span><\/em><\/h3>\n<h4 style=\"text-align: center;\"><span style=\"color: #000000;\">************************************<\/span><\/h4>\n<p>&nbsp;<\/p>\n<h4 style=\"text-align: center;\"><span style=\"color: #000080;\">Ihre Vorschl\u00e4ge und Mitarbeit! <\/span><\/h4>\n<h5 style=\"text-align: center;\"><a href=\"http:\/\/www.igbce-blogs.de:80\/aufgeweckte-alte\/wp-content\/uploads\/\/2010\/01\/@Seniorenbrief-Vorschlagsliste.pdf\" target=\"_blank\" rel=\"noopener\">VORSCHLAGSLISTE im PDF-Format <\/a><a href=\"http:\/\/www.igbce-blogs.de:80\/aufgeweckte-alte\/wp-content\/uploads\/\/2010\/01\/@SeniorenbriefVorschlagsliste.doc\" target=\"_blank\" rel=\"noopener\"><br \/>\nVORSCHLAGSLISTE im Wordformat<\/a><\/h5>\n<h5 style=\"text-align: center;\"><span style=\"color: #000000;\">zum Herunterladen!<\/span><\/h5>\n<p>&nbsp;<\/p>\n<h4 style=\"text-align: center;\"><span style=\"color: #000000;\">************************************<\/span><\/h4>\n<h5>&nbsp;<\/h5>\n<h5 style=\"text-align: left;\"><span style=\"color: #000000;\"><span style=\"color: #000000;\">Zur<\/span> <\/span><a href=\"https:\/\/www.igbce-blogs.de\/aufgeweckte-alte\/?page_id=130\">Startseite<\/a><\/h5>\n<h5 style=\"text-align: left;\"><span style=\"color: #000000;\">Zur <\/span><a href=\"https:\/\/www.igbce-blogs.de\/aufgeweckte-alte\/?page_id=3550\">\u00dcbersicht 2010<\/a><\/h5>\nRelated Images:","protected":false},"excerpt":{"rendered":"<p>Liebe Senioren, beim Treffen der Senioren im Bezirk Rhein-Main der IG BCE, wurden erste \u00dcberlegungen angestellt,welche Aktivit\u00e4ten wir der Generation im (Un-)Ruhestand anbieten k\u00f6nnen, um gemeinsam ein paar sch\u00f6ne Stunden zu verbringen. Wir wollen klein anfangen und hoffen, dass viele mitmachen. Daher laden wir Dich herzlich zu unseren Veranstaltungen ein. Wir hoffen auf eine rege [&hellip;]<\/p>\n","protected":false},"author":3,"featured_media":0,"parent":0,"menu_order":9995,"comment_status":"open","ping_status":"closed","template":"tagcloud.php","meta":{"ngg_post_thumbnail":0,"footnotes":""},"class_list":["post-53","page","type-page","status-publish","hentry"],"_links":{"self":[{"href":"https:\/\/www.igbce-blogs.de\/aufgeweckte-alte\/index.php?rest_route=\/wp\/v2\/pages\/53","targetHints":{"allow":["GET"]}}],"collection":[{"href":"https:\/\/www.igbce-blogs.de\/aufgeweckte-alte\/index.php?rest_route=\/wp\/v2\/pages"}],"about":[{"href":"https:\/\/www.igbce-blogs.de\/aufgeweckte-alte\/index.php?rest_route=\/wp\/v2\/types\/page"}],"author":[{"embeddable":true,"href":"https:\/\/www.igbce-blogs.de\/aufgeweckte-alte\/index.php?rest_route=\/wp\/v2\/users\/3"}],"replies":[{"embeddable":true,"href":"https:\/\/www.igbce-blogs.de\/aufgeweckte-alte\/index.php?rest_route=%2Fwp%2Fv2%2Fcomments&post=53"}],"version-history":[{"count":20,"href":"https:\/\/www.igbce-blogs.de\/aufgeweckte-alte\/index.php?rest_route=\/wp\/v2\/pages\/53\/revisions"}],"predecessor-version":[{"id":13790,"href":"https:\/\/www.igbce-blogs.de\/aufgeweckte-alte\/index.php?rest_route=\/wp\/v2\/pages\/53\/revisions\/13790"}],"wp:attachment":[{"href":"https:\/\/www.igbce-blogs.de\/aufgeweckte-alte\/index.php?rest_route=%2Fwp%2Fv2%2Fmedia&parent=53"}],"curies":[{"name":"wp","href":"https:\/\/api.w.org\/{rel}","templated":true}]}}