{"id":5283,"date":"2015-02-26T12:50:14","date_gmt":"2015-02-26T11:50:14","guid":{"rendered":"http:\/\/www.igbce-blogs.de\/aufgeweckte-alte\/?page_id=5283"},"modified":"2023-03-08T18:40:50","modified_gmt":"2023-03-08T16:40:50","slug":"2014-spannende-tage-in-diesem-jahr","status":"publish","type":"page","link":"https:\/\/www.igbce-blogs.de\/aufgeweckte-alte\/?page_id=5283","title":{"rendered":"2014 &#8211; Wir waren in Stra\u00dfburg &#038; mehr !"},"content":{"rendered":"<h3><span style=\"color: #000000;\">ngg_shortcode_0_placeholder<\/span><\/h3>\n<h3><span style=\"color: #000080;\">Link zur Seite: <\/span><br \/>\n<span style=\"color: #ff0000;\"><a title=\"https:\/\/www.igbce-blogs.de\/aufgeweckte-alte\/?page_id=5405\" href=\"https:\/\/www.igbce-blogs.de\/aufgeweckte-alte\/?page_id=5405\" target=\"_blank\" rel=\"noopener\">STRASSBURG am 15. Sept. 2014 &#8211; EUROPAPARLAMENT<\/a><\/span><\/h3>\n<h1><span style=\"color: #000000;\"><strong>****************************************<\/strong><\/span><\/h1>\n<h2><span style=\"color: #000000;\"><span style=\"color: #000080;\">Aktivit\u00e4ten -&gt;<\/span> <span style=\"color: #f40000;\"><em>Unser Jahresplan 2014<\/em><\/span><\/span><\/h2>\n<p>&nbsp;<\/p>\n<h3><span style=\"color: #000000;\">Februar 2014: <cite><\/cite>\u200e<br \/>\nKreppelkaffee am Mi. den 19. Februar 2014<br \/>\num 14:00 Uhr mit dem Zauberer Ello.<br \/>\nLINK zur: <a title=\"Link zur Zauberer ELLO Webseite\" href=\"http:\/\/www.zauberer-ello.de\/fotoalbum-1.html\" target=\"_blank\" rel=\"noopener\"><cite><strong>Zauberer<\/strong>&#8211;<strong>ELLO-Webseite<\/strong><\/cite><\/a><\/span><\/h3>\n<p>&nbsp;<\/p>\n<h3><span style=\"color: #000000;\">M\u00e4rz 2014: Hess. Rundfunk mit Hessenschau<br \/>\nF\u00fchrungen ab dem 6. M\u00e4rz in Gruppen a 20 Pers.<br \/>\nLINK: <a title=\"Link zur Die historische Altstadt l\u00e4dt zum Bummeln und Verweilen ein.\" href=\"http:\/\/www.hr-online.de\/website\/derhr\/home\/index.jsp?rubrik=2348\" target=\"_blank\" rel=\"noopener\"><cite><strong>Die Webseite des Hess. Rundfunks in Ffm.<\/strong><\/cite><\/a><\/span><\/h3>\n<p>&nbsp;<\/p>\n<h3><span style=\"color: #000000;\">April 2014: Am 30. dieses Monats<br \/>\neine Busfahrt in die Domstadt Speyer.<br \/>\nWillkommen im TECHNIK MUSEUM SPEYER!<br \/>\nLINK-1 zur: <a title=\"Link zur Domstadt Speyer - F\u00fchrungen\" href=\"http:\/\/www.speyer.de\/sv_speyer\/de\/Tourismus\/Aktivit%C3%A4ten%20+%20F%C3%BChrungen\/\" target=\"_blank\" rel=\"noopener\"><cite><strong>Domstadt Speyer &#8211; F\u00fchrungen<\/strong><\/cite><\/a><\/span><br \/>\n<span style=\"color: #000000;\">LINK-2 zur: <\/span><a title=\"Link zur Domstadt Speyer - Technikmuseum\" href=\"http:\/\/speyer.technik-museum.de\/\" target=\"_blank\" rel=\"noopener\"><cite><strong>Domstadt Speyer &#8211; Technikmuseum<\/strong><\/cite><\/a><\/h3>\n<p>&nbsp;<\/p>\n<h3><span style=\"color: #000000;\">Mai 2014: Am 27. dieses Monats<br \/>\nBAD ORB &#8211; F\u00fchrung von und mit A. Weber<br \/>\nLINK: <a title=\"Link zur Die historische Altstadt l\u00e4dt zum Bummeln und Verweilen ein.\" href=\"http:\/\/www.bad-orb.info\/erkunden\/Sehenswert\" target=\"_blank\" rel=\"noopener\"><cite><strong>Die historische Altstadt von BAD ORB<\/strong><\/cite><\/a><\/span><\/h3>\n<p>&nbsp;<\/p>\n<h3><span style=\"color: #000000;\">Juni 2014: WACKERS Kaffee mit R\u00f6sterei am<br \/>\n18. + 25. des Monats in Gruppen a 30 Personen<br \/>\nLINK: <a title=\"100 Jahre Wackers Kaffee\" href=\"http:\/\/www.wackers-kaffee.net\/roesterei\/fuehrungen.aspx\" target=\"_blank\" rel=\"noopener\"><em>100 Jahre Wackers Kaffee in Frankfurt<\/em><br \/>\n<\/a>LINK: <em><a title=\"23-J\u00e4hrige gr\u00fcndet &quot;Wacker's Kaffee&quot;\" href=\"http:\/\/www.hr-online.de\/website\/specials\/extended\/index.jsp?rubrik=85575&amp;key=standard_document_51474841\" target=\"_blank\" rel=\"noopener\">23-J\u00e4hrige gr\u00fcndet &#8222;Wacker&#8217;s Kaffee&#8220;<\/a><\/em><\/span><\/h3>\n<p>&nbsp;<\/p>\n<h3><span style=\"color: #000000;\">September 2014: Busfahrt mit \u00dcbernachtung zum<br \/>\nEUROPAPARLAMENT in Stra\u00dfburg am 15.09.2014<\/span><span style=\"color: #000000;\"><span style=\"color: #000000;\"><br \/>\nLINK: <\/span><a title=\"Das Europ\u00e4ische Parlament &amp; Informationsb\u00fcro in Deutschland\" href=\"http:\/\/www.europarl.de\/de\/europa_und_sie\/das_ep.htmlhttp:\/\/\" target=\"_blank\" rel=\"noopener\">Das Europ\u00e4ische Parlament in Stra\u00dfburg<\/a><br \/>\n<span style=\"color: #000000;\">LINK: <\/span><\/span><a title=\"Bericht und Foto's zur Fahrt nach Stra\u00dfburg\" href=\"https:\/\/www.igbce-blogs.de\/aufgeweckte-alte\/?page_id=5405\" target=\"_blank\" rel=\"noopener\">Bericht und Foto&#8217;s zur Fahrt nach Stra\u00dfburg<\/a><\/h3>\n<h3>&nbsp;<\/h3>\n<h3><span style=\"color: #000000;\">Oktober 2014: Mainz mit seinen Sehensw\u00fcrdigkeiten,<br \/>\nStadtf\u00fchrung Mainz und das Schifffahrtsmuseum.<br \/>\n<\/span><span style=\"color: #000000;\">L<span style=\"color: #000000;\">INK: <\/span><\/span><a title=\"Zu den Bildern - unser Ausflug nach Mainz\" href=\"https:\/\/www.igbce-blogs.de\/aufgeweckte-alte\/?p=5687\" target=\"_blank\" rel=\"noopener\"><em>Zu den Bildern &#8211; unser Ausflug nach Mainz<\/em><\/a><br \/>\n<span style=\"color: #000000;\"><span style=\"color: #000000;\">LINK:<\/span> <\/span><a title=\"Zum Bericht von Doris mit Bildern aus Mainz\" href=\"https:\/\/www.igbce-blogs.de\/aufgeweckte-alte\/?page_id=5731\" target=\"_blank\" rel=\"noopener\"><em>Zum Bericht von Doris mit Bildern aus Mainz<\/em><\/a><\/h3>\n<p>&nbsp;<\/p>\n<h3><span style=\"color: #000000;\">November 2014:<br \/>\nAdventskaffee Termin am 26. November 2014<\/span><br \/>\n<span style=\"color: #000000;\">LINK: <\/span><a title=\"Der Adventskaffee und Jahresabschlu\u00df\" href=\"https:\/\/www.igbce-blogs.de\/aufgeweckte-alte\/?page_id=5771\" target=\"_blank\" rel=\"noopener\"><em>Der Adventskaffee und Jahresabschlu\u00df<\/em><\/a><span style=\"color: #000000;\"><br \/>\n<\/span><\/h3>\n<h5 style=\"text-align: left;\">&nbsp;<\/h5>\n<h3 style=\"text-align: left;\"><span style=\"color: #000000;\">Zur <\/span><a href=\"https:\/\/www.igbce-blogs.de\/aufgeweckte-alte\/?page_id=3623\">\u00dcbersicht 2013<\/a><\/h3>\n<h3 style=\"text-align: left;\"><span style=\"color: #000000;\"><span style=\"color: #000000;\">Zur<\/span> <\/span><a href=\"https:\/\/www.igbce-blogs.de\/aufgeweckte-alte\/\" target=\"_blank\" rel=\"noopener\">Startseite<\/a><\/h3>\n<p style=\"text-align: center; padding-left: 30px;\">&nbsp;<\/p>\nRelated Images:","protected":false},"excerpt":{"rendered":"<p>Link zur Seite: STRASSBURG am 15. Sept. 2014 &#8211; EUROPAPARLAMENT **************************************** Aktivit\u00e4ten -&gt; Unser Jahresplan 2014 &nbsp; Februar 2014: \u200e Kreppelkaffee am Mi. den 19. Februar 2014 um 14:00 Uhr mit dem Zauberer Ello. LINK zur: Zauberer&#8211;ELLO-Webseite &nbsp; M\u00e4rz 2014: Hess. Rundfunk mit Hessenschau F\u00fchrungen ab dem 6. M\u00e4rz in Gruppen a 20 Pers. LINK: [&hellip;]<\/p>\n","protected":false},"author":3,"featured_media":0,"parent":0,"menu_order":9990,"comment_status":"open","ping_status":"closed","template":"","meta":{"ngg_post_thumbnail":0,"footnotes":""},"class_list":["post-5283","page","type-page","status-publish","hentry"],"_links":{"self":[{"href":"https:\/\/www.igbce-blogs.de\/aufgeweckte-alte\/index.php?rest_route=\/wp\/v2\/pages\/5283","targetHints":{"allow":["GET"]}}],"collection":[{"href":"https:\/\/www.igbce-blogs.de\/aufgeweckte-alte\/index.php?rest_route=\/wp\/v2\/pages"}],"about":[{"href":"https:\/\/www.igbce-blogs.de\/aufgeweckte-alte\/index.php?rest_route=\/wp\/v2\/types\/page"}],"author":[{"embeddable":true,"href":"https:\/\/www.igbce-blogs.de\/aufgeweckte-alte\/index.php?rest_route=\/wp\/v2\/users\/3"}],"replies":[{"embeddable":true,"href":"https:\/\/www.igbce-blogs.de\/aufgeweckte-alte\/index.php?rest_route=%2Fwp%2Fv2%2Fcomments&post=5283"}],"version-history":[{"count":95,"href":"https:\/\/www.igbce-blogs.de\/aufgeweckte-alte\/index.php?rest_route=\/wp\/v2\/pages\/5283\/revisions"}],"predecessor-version":[{"id":14171,"href":"https:\/\/www.igbce-blogs.de\/aufgeweckte-alte\/index.php?rest_route=\/wp\/v2\/pages\/5283\/revisions\/14171"}],"wp:attachment":[{"href":"https:\/\/www.igbce-blogs.de\/aufgeweckte-alte\/index.php?rest_route=%2Fwp%2Fv2%2Fmedia&parent=5283"}],"curies":[{"name":"wp","href":"https:\/\/api.w.org\/{rel}","templated":true}]}}