{"id":4627,"date":"2014-03-18T16:00:09","date_gmt":"2014-03-18T15:00:09","guid":{"rendered":"http:\/\/www.igbce-blogs.de\/aufgeweckte-alte\/?page_id=4627"},"modified":"2016-06-29T16:28:15","modified_gmt":"2016-06-29T14:28:15","slug":"kreppel-kaffee-mit-zauberer-ello","status":"publish","type":"page","link":"https:\/\/www.igbce-blogs.de\/aufgeweckte-alte\/?page_id=4627","title":{"rendered":"Kreppel-Kaffee mit Zauberer &#8222;ELLO&#8220;"},"content":{"rendered":"<h2 style=\"text-align: center;\"><em><span style=\"color: #0000ff;\"><strong>Lasst Euch verzaubern\u2026<br \/>\n<\/strong><\/span><\/em><\/h2>\n<p><strong> <\/strong><\/p>\n<p><strong> <\/strong><\/p>\n<p><strong> <\/strong><\/p>\n<p><strong> <\/strong><\/p>\n<p><strong> <\/strong><\/p>\n<p><strong> <\/strong><\/p>\n<h4><strong><a href=\"http:\/\/www.igbce-blogs.de:80\/aufgeweckte-alte\/wp-content\/uploads\/\/2014\/02\/0281.jpg\">ngg_shortcode_0_placeholder<\/a><\/strong><\/h4>\n<address><strong><a href=\"http:\/\/www.igbce-blogs.de:80\/aufgeweckte-alte\/wp-content\/uploads\/\/2014\/02\/0281.jpg\"><span style=\"color: #000000;\">Sie konnte es nicht glauben&#8230;<\/span><\/a><\/strong><\/address>\n<address> <\/address>\n<address><strong><span style=\"color: #000000;\"><span style=\"color: #000000;\"> <\/span><\/p>\n<h4><span style=\"color: #000000;\">LINK zu den sch\u00f6nsten Foto&#8217;s <\/span><a title=\"LINK zu den Sch\u00f6nsten Foto's mit Zauberer-ELLO\" href=\"https:\/\/www.igbce-blogs.de\/aufgeweckte-alte\/?p=4996\" target=\"_blank\"><cite><strong>mit dem Zauberer<\/strong>&#8211;<strong>ELLO<\/strong><\/cite><\/a><\/h4>\n<p><\/span><\/strong><strong> <\/strong><strong> <\/strong><strong> <\/strong><strong> <\/strong><strong> <\/strong><strong> <\/strong><strong> <\/strong><strong> <\/strong><strong> <\/strong><strong> <\/strong><\/p>\n<\/address>\n<h4><a href=\"http:\/\/www.igbce-blogs.de:80\/aufgeweckte-alte\/wp-content\/uploads\/\/2014\/02\/Begr%C3%BC%C3%9Fungsrede-zum-Kreppel-Kaffee-190214-AWeber.pdf\">Begr\u00fc\u00dfungsrede zum Kreppel-Kaffee am 19.02.2014 von AWeber<\/a><\/h4>\n<ul>\n<li>\n<address><strong>Begr\u00fc\u00dfung an<\/strong><\/address>\n<\/li>\n<\/ul>\n<address> <\/address>\n<address style=\"padding-left: 30px;\">alle Anwesenden, die Presse, unsere besonderen G\u00e4ste und Zauberer Ello!<\/address>\n<address> <\/address>\n<address> <\/address>\n<address> <\/address>\n<address> <\/address>\n<address> <\/address>\n<ul>\n<li>\n<address><strong>Wer sind die Aufgeweckten Alten<\/strong><\/address>\n<\/li>\n<\/ul>\n<address> <\/address>\n<address style=\"padding-left: 30px;\">Kolleginnen und Kollegen der IG-BCE im Ruhestand,<\/p>\n<p>ehemalige Hoechster und Rotfabriker aus allen Branchen.<\/p>\n<\/address>\n<address> <\/address>\n<address> <\/address>\n<address><strong> <\/strong><\/address>\n<address> <\/address>\n<address> <\/address>\n<ul>\n<li>\n<address><strong>Was machen wir<\/strong><\/address>\n<\/li>\n<\/ul>\n<address> <\/address>\n<address style=\"padding-left: 30px;\">\u00dcberwiegend kulturelle Veranstaltungen wie z. B. heute, Theaterbesuche-Barock am Main, Ausflugsfahrten zu interessanten Zielen, St\u00e4dtereisen, Besichtigungen wie z. B. Hess. Rundfunk\u00a0 &#8211; Flughafen, F\u00fchrungen wie z. B. den Hauptfriedhof,\u00a0 Rundgang durch Frankfurt, Polizeipr\u00e4sidium Ffm mit dem Kriminalmuseum, Mathildenh\u00f6he Darmstadt, Hessentag, Oppenheim-KellerBesichtigung, Wetterpark-Offenbach, \u00a0usw.<strong> <\/strong><\/address>\n<address style=\"padding-left: 30px;\"> <\/address>\n<address style=\"padding-left: 30px;\"><\/address>\n<address style=\"padding-left: 30px;\"><strong>Wir finanzieren uns auch selbst, sozusagen zum Selbstkostenpreis,<\/strong><span style=\"font-weight: bold; font-style: normal;\">denn Mitgliedsbeitr\u00e4ge k\u00f6nnen f\u00fcr\u00a0 Veranstaltungen nicht herhalten.<\/span><\/address>\n<address style=\"padding-left: 30px;\"><strong>Deshalb erwarten wir heute auch von allen Teilnehmern 5 \u20ac. <\/strong><\/address>\n<address style=\"padding-left: 30px;\">Das hatten wir aber auch angek\u00fcndigt!<\/address>\n<address style=\"padding-left: 30px;\"> <\/address>\n<address style=\"padding-left: 30px;\"> <\/address>\n<address style=\"padding-left: 30px;\"> <\/address>\n<ul>\n<li>\n<address><strong>N\u00e4chste Ziele:<\/strong><\/address>\n<\/li>\n<\/ul>\n<address> <\/address>\n<address style=\"padding-left: 30px;\">Technikmuseum in Speyer, Ausflug Bad Orb, Europa-Parlament in Stra\u00dfburg mit \u00dcbernachtung.<\/address>\n<address> <\/address>\n<address> <\/address>\n<address> <\/address>\n<ul>\n<li>\n<address><strong>Unser Motto:<\/strong><\/address>\n<\/li>\n<\/ul>\n<address> <\/address>\n<address style=\"padding-left: 30px;\">Der Gedanke war und ist, mit Kolleginnen und Kollegen im Ruhestand abwechslungsreich\u00a0<span style=\"font-style: normal;\">die Freizeit gestalten, sich zum Meinungsaustausch zu treffen <\/span><\/address>\n<address style=\"padding-left: 30px;\"><span style=\"font-style: normal;\"> <\/span><span style=\"font-style: normal;\">und so wie heute, einfach gem\u00fctlich bei sch\u00f6nem Programm zusammen zu sitzen.<\/span><\/address>\n<address style=\"padding-left: 30px;\"><span style=\"font-weight: bold; font-style: normal;\"><br \/>\n<\/span><span style=\"font-weight: bold; font-style: normal;\"> Im Namen von Peter und dem gesamten Vorbereitungsteam w\u00fcnsche <\/span><span style=\"font-weight: bold; font-style: normal;\">ich\u00a0 nunmehr einen sch\u00f6nen verzauberten\u00a0 Nachmittag mit unserem<\/span><\/address>\n<address style=\"padding-left: 30px;\"><strong>K\u00fcnstler Ello, der in einigen Minuten sein Programm starten wird.<\/strong><\/address>\n<address style=\"padding-left: 30px;\"><strong><\/p>\n<p><\/strong><strong> <\/strong><strong> <\/strong><strong> <\/strong><strong> <\/strong><strong> <\/strong><strong> <\/strong><strong> <\/strong><strong> <\/strong><strong> <\/strong><strong> <\/strong><strong> <\/strong><strong> <\/strong><strong> <\/strong><strong> <\/strong><strong> <\/strong><strong> <\/strong><strong> <\/strong><strong> <\/strong><strong> <\/strong><strong> <\/strong><strong> <\/strong><strong> <\/strong><strong> <\/strong><strong> <\/strong><strong> <\/strong><strong> <\/strong><strong> <\/strong><strong> <\/strong><strong> <\/strong><strong> <\/strong><strong> <\/strong><strong> <\/strong><strong> <\/strong><strong> <\/strong><strong> <\/strong><strong> <\/strong><strong> <\/strong><\/p>\n<\/address>\n<address style=\"padding-left: 30px;\"> <\/address>\n<h3 style=\"text-align: center;\"><span style=\"color: #0000ff;\"><strong>Kreppel-Kaffee mit zauberhaften Zaubereien<\/strong><\/span><\/h3>\n<p style=\"text-align: center;\"><span style=\"color: #0000ff;\"><span style=\"color: #000000;\">(24.02.14) Arno Weber von den \u201eAufgeweckten Alten\u201c hatte nicht zu viel versprochen! Zauberhaft war der gem\u00fctliche `Kreppel-Kaffee` mit dem K\u00fcnstler Ello, der mit Zauberei, Magie und Illusionen das Publikum im Katholischen Gemeindezentrum St. Josef begeisterte. Mit seinen magischen K\u00fcnsten entf\u00fchrte der Zauberer Ello<br \/>\ndie Zuschauer in die Welt der Wunder und der Phantasie. <\/span><\/span><\/p>\n<h4><strong><a href=\"http:\/\/www.igbce-blogs.de:80\/aufgeweckte-alte\/wp-content\/uploads\/\/2014\/02\/0281.jpg\">ngg_shortcode_1_placeholder<\/a><\/strong><\/h4>\n<p style=\"text-align: center;\"><span style=\"color: #0000ff;\"><span style=\"color: #000000;\"> <\/span><\/span><\/p>\n<p style=\"text-align: center;\"><span style=\"color: #0000ff;\"><span style=\"color: #000000;\">Wahrlich phantastisch zu erleben war, wie der Zauber-K\u00fcnstler Ello die Zuschauer in sein, im wahrsten Sinne des Wortes zauberhaftes Nachmittagsprogramm mit einbezog und zum Staunen brachte. Die G\u00e4ste verfolgten seine Zaubereien zwar mit Argus-Augen und<br \/>\npassten auf wie ein Luchs, doch Ellos Zauberk\u00fcnste waren so phantasievoll, dass auch die aufmerksamen Zuschauer des Zauberers Kunstst\u00fccke nicht entlarven konnten. Dabei war die Zauber-Show\u00a0 keineswegs geheimnisvoll, denn alles spielte sich auf offener B\u00fchne und f\u00fcr das Publikum gut sichtbar und doch unbegreiflich ab. Aber so muss es wohl auch sein, wenn ein Zauberer von Ellos K\u00fcnsten mit Seilen, Ringen, B\u00fcchern<br \/>\nsamt einem bunten Regenschirm agiert und fabelhaft demonstriert,<br \/>\nwie man Menschen auf zauberhafte Weise verbl\u00fcffen kann. <\/span><\/span><\/p>\n<h4><strong><a href=\"http:\/\/www.igbce-blogs.de:80\/aufgeweckte-alte\/wp-content\/uploads\/\/2014\/02\/0281.jpg\">ngg_shortcode_2_placeholder<\/a><\/strong><\/h4>\n<p style=\"text-align: center;\"><span style=\"color: #0000ff;\"><span style=\"color: #000000;\"> <\/span><\/span><\/p>\n<p style=\"text-align: center;\"><span style=\"color: #0000ff;\"><span style=\"color: #000000;\">Willkommen gehei\u00dfen wurden die G\u00e4ste von Arnold Weber, dieses Mal nicht in seiner Eigenschaft als Stadtverordneter der Stadt Frankfurt, sondern als Sprecher der \u201eAufgeweckten Alten\u201c. Und wer sind die Aufgeweckten Alten? Es sind Kolleginnen und Kollegen der IG BCE (Gewerkschaft) im (Un-)Ruhestand und ehemaligeHoechster Rotfabriker aus allen Branchen. Arnold Weber, ehemaliger Hoechst-Betriebsratsvorsitzender, informiert \u00fcber die Seniorenarbeit: \u201eWir, die `Aufgeweckten Alten`, organisieren \u00fcberwiegen kulturelle Veranstaltungen wie Theaterbesuche und `Barock am Main`, Ausflugsfahrten zu interessanten Zielen, St\u00e4dtereisen, Besichtigungen wie z. B. Hessischer Rundfunk, Flughafen, Mathildenh\u00f6he in Darmstadt und F\u00fchrungen im Polizeipr\u00e4sidium mit Kriminalmuseum, \u00fcber den Hauptfriedhof, den Hessentag.\u201c<br \/>\nAls n\u00e4chste Ziele nennt er den Besuch des Technik-Museums in Speyer, einen Ausflug nach Bad Orb und die Fahrt zum Europa-Parlament in Stra\u00dfburg mit \u00dcbernachtung.<br \/>\n\u201eDer Gedanke war und ist, mit Kolleginnen und Kollegen im Ruhestand abwechslungsreich die Freizeit zu gestalten, sich zum Meinungsaustausch zu treffen und so, wie heute beim Kreppel-Kaffee, gem\u00fctlich bei einem sch\u00f6nen Programm zusammen zu sein\u201c, erl\u00e4utert Arnold Weber. Er betont, dass sich die `Aufgeweckten Altern` selbst finanzieren<br \/>\nund keine Mitgliedsbeitr\u00e4ge erhoben werden. (www.igbce.de) -ir-<\/span><\/span><\/p>\n<address style=\"padding-left: 30px;\"> <\/address>\n<h4><span style=\"color: #000000;\">LINK zur:<\/span> <a title=\"Link zur Zauberer ELLO Webseite\" href=\"Http:\/\/www.zauberer-ello.de\/fotoalbum-1.html\" target=\"_blank\"><cite><strong>Zauberer<\/strong>&#8211;<strong>ELLO-Webseite<\/strong><\/cite><\/a><\/h4>\n<h3><span style=\"color: #000000;\"> <\/span><\/h3>\n<p><span style=\"color: #000000;\"> <\/span><\/p>\n<h3><span style=\"color: #000000;\"> <\/span><\/h3>\n<h5 style=\"text-align: left;\"><span style=\"color: #000000;\">Zur <\/span><a href=\"https:\/\/www.igbce-blogs.de\/aufgeweckte-alte\/?page_id=5283\">\u00dcbersicht 2014<\/a><\/h5>\n<h5 style=\"text-align: left;\"><span style=\"color: #000000;\"><span style=\"color: #000000;\">Zur<\/span> <\/span><a href=\"https:\/\/www.igbce-blogs.de\/aufgeweckte-alte\/?page_id=130\">Startseite<\/a><\/h5>\nRelated Images:","protected":false},"excerpt":{"rendered":"<p>Lasst Euch verzaubern\u2026 Sie konnte es nicht glauben&#8230; LINK zu den sch\u00f6nsten Foto&#8217;s mit dem Zauberer&#8211;ELLO Begr\u00fc\u00dfungsrede zum Kreppel-Kaffee am 19.02.2014 von AWeber Begr\u00fc\u00dfung an alle Anwesenden, die Presse, unsere besonderen G\u00e4ste und Zauberer Ello! Wer sind die Aufgeweckten Alten Kolleginnen und Kollegen der IG-BCE im Ruhestand, ehemalige Hoechster und Rotfabriker aus allen Branchen. Was [&hellip;]<\/p>\n","protected":false},"author":3,"featured_media":0,"parent":5283,"menu_order":1,"comment_status":"open","ping_status":"closed","template":"tagcloud.php","meta":{"ngg_post_thumbnail":0,"footnotes":""},"class_list":["post-4627","page","type-page","status-publish","hentry"],"_links":{"self":[{"href":"https:\/\/www.igbce-blogs.de\/aufgeweckte-alte\/index.php?rest_route=\/wp\/v2\/pages\/4627","targetHints":{"allow":["GET"]}}],"collection":[{"href":"https:\/\/www.igbce-blogs.de\/aufgeweckte-alte\/index.php?rest_route=\/wp\/v2\/pages"}],"about":[{"href":"https:\/\/www.igbce-blogs.de\/aufgeweckte-alte\/index.php?rest_route=\/wp\/v2\/types\/page"}],"author":[{"embeddable":true,"href":"https:\/\/www.igbce-blogs.de\/aufgeweckte-alte\/index.php?rest_route=\/wp\/v2\/users\/3"}],"replies":[{"embeddable":true,"href":"https:\/\/www.igbce-blogs.de\/aufgeweckte-alte\/index.php?rest_route=%2Fwp%2Fv2%2Fcomments&post=4627"}],"version-history":[{"count":142,"href":"https:\/\/www.igbce-blogs.de\/aufgeweckte-alte\/index.php?rest_route=\/wp\/v2\/pages\/4627\/revisions"}],"predecessor-version":[{"id":4631,"href":"https:\/\/www.igbce-blogs.de\/aufgeweckte-alte\/index.php?rest_route=\/wp\/v2\/pages\/4627\/revisions\/4631"}],"up":[{"embeddable":true,"href":"https:\/\/www.igbce-blogs.de\/aufgeweckte-alte\/index.php?rest_route=\/wp\/v2\/pages\/5283"}],"wp:attachment":[{"href":"https:\/\/www.igbce-blogs.de\/aufgeweckte-alte\/index.php?rest_route=%2Fwp%2Fv2%2Fmedia&parent=4627"}],"curies":[{"name":"wp","href":"https:\/\/api.w.org\/{rel}","templated":true}]}}