{"id":4511,"date":"2013-10-20T18:38:53","date_gmt":"2013-10-20T17:38:53","guid":{"rendered":"http:\/\/www.igbce-blogs.de\/aufgeweckte-alte\/?page_id=4511"},"modified":"2018-11-15T18:40:24","modified_gmt":"2018-11-15T16:40:24","slug":"experiminta_museum-und-botan-garten","status":"publish","type":"page","link":"https:\/\/www.igbce-blogs.de\/aufgeweckte-alte\/?page_id=4511","title":{"rendered":"EXPERIMINTA &#038; Botan. Garten 2013"},"content":{"rendered":"<p><img loading=\"lazy\" decoding=\"async\" src=\"data:image\/png;base64,iVBORw0KGgoAAAANSUhEUgAAAoAAAAAaCAIAAACozXp4AAAgAElEQVR4nO1de1xNWfvfXVEaupHS5XRRkoqKipAwlOQuTCQ1DKNGVCpCDZUSb4YIkRnXUV7D5DLVTJiJYVzCDJGGUaGYbpRO7fX74zmes9r7nDrhff3m9zvfz\/mj\/exnrb3W2mut71rP86wdQ+SQQw455JBDjv86mA9dADnkkEMOOeT4\/wg5AcshhxxyyCHHB4CcgOWQQw455JDjA+AfT8Dp6ekBAQEBAQEHDx5860waGhoC3qC8vPw9Fo+PioqKwsLCwsLCkpKS5uZmGVNlZGRA8davX\/8fLd77QmNj47Vr1\/Lz8y9evPj8+fMPXRw55HhvyM3NhcG4bt06GZM8f\/4cZ5iampr\/aPH+z6ClpeX27dsFBQUXLlwoLi5uaWn50CV6\/2iLgO3s7BgKCgoKampq\/fr1i42NbWxs\/K8VsW3Mnj0bivfFF1+8dSZ1dXVYzT\/++OM9Fg8hFAq3bNkyYMAAukm7du3q7e198eLFdpPPmzcPkgwZMuQ\/Ubz3iPv37y9dulRbW5uu6cCBA9PT02VfcLSL8PDwhQsXLly4sKio6H3l2QGMHEkYRvIvMZHk5YkvJ0wQp6qpIb16ieQDBpCmJpKezk2uqkrMzMiiReThQ1GqJ0+kPothyOPHhBAyejRXrqJCDA3J3Lnk3j1xASZNkpCDry\/cpN\/XzZs36er+8MMPeEtPTw+EvXr1YnjYvHkzIeTHH3+khT\/\/\/DNm9fHHH4Nw27ZtaWlp\/Bw4qK6uFpdj\/XpxsRcseG9vs4NITU2Fsrm4uMiY5NGjR1ijp0+fvvci5eTkcNpNWVlZV1d3\/PjxdOPLgpCQEBhZd+\/efe\/llBGlpaXR0dFGRkZ0jbp37x4YGHjjxo13zPz777+HCm7ZsuW9lPZd0AECpjF16tT\/WhHbxj+CgFmWnTRpkrTGXL16dbs5LFu2zNDQ0NDQcNKkSe+9eO8ReXl5Xbt2lWkyfTf07NkT8jx58uT7yrMDaJuACSFz54ol338vShUcLJIoKZGrVwkhEggYf1paBFjw7QgYf926kdu3RQWQmYDnzZtHV3fs2LF46y0I2NnZmWVZSPVOBGxnJy62jg4RCt\/7i5UF\/wgCRigpKcmyxEfg+P3xxx\/fezllwZkzZzQ0NKRV5913ILGxsZDV2LFj30uB3wUyEbCjo+PatWtDQ0PpbU1lZeV\/rZRt4B9BwCdOnMD8582bd\/LkyVOnTm3atMnFxYWRjYD\/ESgrK9PU1IRqKigoBAQEHD58+ODBg3PmzFFSUuJOpu+G\/y0ELBCQTz9t9Tt9mhBCKiuJtrZIx8yMNDSQ334jiooiSUSEKB+agJcuJUuWECcnsWT0aEJaE\/CYMdzHvXhBCEXAVlZk1SoSEUGGDROnmjFD9Li8PJKRQfr1E8ltbUlGBnkzz9LTnKqqakVFBchv3bpF30ICPnjwYEZGRufOnUE+efLkjIyMW7duER4BMwxz+PBhSEUT8E8\/\/fTpGwwbNgyVAwICUP7q1StR4e\/c4S4dzp79D75i6fhfTsChoaExMTFeXl4oCQoKkj2rD0vAxcXFWAAFBYXZs2fv37\/\/u+++27Bhg42Nzf9TAl64cCFIduzYgS\/1IZrICLlx40ZwcLCxsbGamlqvXr0CAwOvXLmCd2tqatatW+fs7NyzZ09dXV17e\/vFixf\/\/vvvhJCMjAxfX19fX9+vvvoKlB89euT7Bq9fvwYhy7LHjh2bPHmyQCDQ0tLq06fPnDlzoH\/QBFxYWDhu3LiePXtaW1unpqbiopsPlmV3797t6Oiora1ta2u7du1aPgGzLJufn+\/n56enp6empmZqahoWFlZaWoqZlJeXh4WF2dvb6+rq9uzZc\/DgwREREWVlZfzHTZs2DTLv27cvpxgnTpzYs2cPSvLz82fNmmVhYaGlpWVqajp9+vTjx48TQg4cOABtkpKSgspPnjxJTEy0s7PT0NDQ1NT08vL69ttvsdahoaGQ5Ny5c0eOHHFxcdHV1XVxcYEMEWVlZdHR0U5OTj169NDT03Nzc0tISHgB0zohRUVFISEhJiYm8Gbnz59\/+fJlaa365ZdfYjNmZmbSt65du2ZmZoYEfOvWrdDQUIFAoKampqenN2\/ePFyk19TUYAcoKytLSEiwtrbW1dWdOHEiWJ+ePHni6+vbqVMneJCbmxso\/\/TTT5BDYWFhUFCQgYGBmpqakZFRcHAwvtOSkhLMnBDyww8\/+Pv7x8fHE0Kampq2b98+cuRIfX19bW3tvn37zpkz59y5c5KrigQ8bZq01iD79ompYu1aMbNaWBAkFZqAobezLPH2Fm+Um5tbEfC\/\/y35WUjAkyeLJCxLHB1FQmvrVspjxojk48fTYg5lRkdHg3z+\/PkSCRjw0UcfgZx2iPIJWCAQgN+KJmA6n927d6OymHRpxMZyCXj+fKmNT8iJEyfgReMCt6GhAd\/+48ePCSH79++Hy82bN9+6dWvKlCl6enrm5uZxcXFNTU2YVWVl5eLFi42NjXv06OHp6Tlr1qx2Cbi5uXnLli12dnba2toDBw6Mjo7mE3BLS8vJkyenTp3ao0cPdXV1S0vLVatW0TEoV65c8ff379Onj7a2du\/evUeNGrVx40aJ7j+agGFmZlnW1NQUJLNmzULN6urq1NTUQYMGaWhodO\/e3d3dPTMzE\/J8+PChr68vrJUZhnF3d4fGKSwsLC0tnT9\/vpOTk56eXrdu3QwMDMaPH79p06b6+nrIFkYloLKyMjY21tLSUldXd9q0aXfu3GnjNXEQHByM7JudnU3famlp2bJly8iRI+Fy+\/btnp6e5ubmmpqa2tra9vb2ixYtovf6K1asgPLk5eWVlZVFRUVNmjQpMjISiBx6MihERkZCkqqqqpSUFAcHB2ic0aNHf\/311+h7Xr16Nejn5OTk5OQMHz5cV1fXwcFh\/\/79dDnz8vKmT58OVGViYuLl5ZWeni6tvh0j4MTERJCYm5tjsdLT0xUVFTnjTVlZ+fTp04SQiooKMzMzhgcY3osXL4bL2bNnQ270cruhoYEQ0tTUhARGA8gMCdjU1JRTjO3bt0urWmhoKD9DAEzWLMsuWbKEf1dTU7O4uJgQUlRUpKWlxVfYt28f\/3FYfhUVld27d9fW1vJ1WJbFzkdDXV2dELJixQq4nPxmhr127ZqOjg5fPywsDBSsrKxAYmFhQSsoKChcunQJdAoKCrp168bP5NChQ4SQXbt2SXyz36NNtXX5ra2tQWfYsGF8hfr6eugz+\/btw0GOUFJSOnbsGCHk2bNnKOSUXFdXt7a2tqSkhF9ghmFgHYPLWxpqamqwbrh8+TIKg4KC4A8fH5\/GxkZ6B4bw8fGR3IGQgKdMIUJhqx8u+1iWeHhIMPkWFIjz4RMwISQxUSysrW1FwFlZrZ6FPnU+ARNCfHxEQs6moT0Chk2tlpZWfX39kydPYK2DO90OEXCPHj0MDQ3h7+TkZPIuBGxjIyr2vHmiPzQ1CUWTHCQlJUFuuGeqr6\/HR8AwDw8Ph0tDQ0Nc0gFWrVoFqaqqqiTOYIx0AmZZFoM2+AACbmlpmTlzJv+ugYEB2B4yMzMVFBT4Cn\/99Rf\/iXwCbmhoQCvRrl27QK28vNzc3Jyf59ChQ1+9elVUVCSxwEeOHMnNzZV4y9XVFVb89+\/fRyFn2BoaGsoYM\/T69Ws0ss6cOVOiDoawDR06lF8eRUXFnJwcUMCAm2nTpnXv3h3+HjhwID+Vg4MDIeTOnTv6+vr8uwveRBsMGTJEYgUZhgGyI4TExcXxc1BSUpJWZZkIGHacnp6eMB3r6enhQqO4uBgm0x49euTk5JSUlGCftre3J4R89tlncGllZXXgwIHvv\/8+Nja2d+\/eshPwmjVrUDJr1qzdu3evXbvW0NCQQ8AMw5iamg4ZMgQndzc3N4n1+vnnnzGJra1tVFRUQEAASmBkHjt2DBUKCwvv3r2LTlx\/f39CiIeHBz4lOzv7+PHjYWFh3bt3l0jAOBcAlJWVnZycwsPD6QCijIwMVPD09Ny5c2dCQoKVlZVEAmZZ1tLSEiSbN29+8ODBt99+q6qqyjCMgoICLKKRgBmGsbOzo3semOufP3+O3d3IyCghIWHHjh1Tp05lGObQoUP3799XVlZmGEZXV\/fkyZMlJSWRkZGg3L9\/f34d\/\/rrL8w\/KSlJWqd6+PAhlFNLS+u777578OBBTEwMdjOWZWkCVlZWdnV1FQgEKMnOzobtSJcuXUDi5eW1ePHixYsXFxYWnj9\/HoRmZmY\/\/fTTvXv3cB709PQkrQkY4ePjs23bNvhbR0dn586d4CDo379\/+wTM\/9F2l3v3SOfOre5yQockEvC0aSKJtjZh2bZ8wDhJ8Qn48mWiri4SRkW1emh7BIzDYdu2bfB2FBUV586dC8IOEbCRkdG+ffvg7+7du1dVVb0lAd++LSpzp06kspKoqYku38y2fHSIgBmGMTAwGDZsGNKwqakpUEtgYCDqzJgxIyYmxtHRES6lEfDJkycxiaOj48qVK2muBQJGa+LQoUOvXr16+\/Ztd3d3kISHh9fX16MlNigoKCcn5+DBg35+fkpKSu0S8NSpU2fPno1E6+fnh8GPM2bMAKFAINi1a1dqair6jFatWvX48ePFixfDqGcYZuLEiTCyfvvtt9zcXAsLi4iIiIMHD2ZmZtJGkbNnz5LWBKyqqjp06FBceDEM88MPP0h7TTRw\/DIMc\/To0baVPTw8Jk+evHXr1sOHD6ekpOAiydXVFRQ4Ea+AmJiYQYMGwd+GhoZQwcTEREKIk5MTyNetW1dSUvLdd9+pq6uDBDZdSMAMw1hbW2M+0MiEkNLSUlwzRUdHnzp1KjMz08fHR1lZWVot3iYIy87ODjfdq1atAiGaRoVCIY7JkpKSESNGwN+TJ0+uq6sDnZcvX4I5sV0CFgqF2EVCQkKwbHV1dRs3biQUAc+cORMGDK5BNDQ0JNbL398fFCwsLGCo833A3t7ecJmfnw+p7t27BxJNTU2hUIgRKKGhoWgqr6ysvEcHnb5BTU0N2j04+OSTT2Cd0a9fP5BMmjQJzcivX7+Gc0ccAr5w4QJcfvzxx\/iUKVOmgHDr1q2EImCkw4kTJ4JkxIgRhJCUlBS47Ny5M1jkAKdPn7548SKuezB5c3MzvgvokTSuXr2KlYINtESsX78edHC+bmlp6dGjBwhv3rxJEzDs1BsbG7G1Y2JiIJVEHzAyB3ocq6urQaKiolJdXU0TcHBwcHZ2dm5u7rlz5z7\/\/HMQ2tnZoYWwubn5119\/lVwNGQmYEBIdLb6lokLe2PZFoAk4LY2kppIpU8SSzz4jpM0gLD4Bd+1KrKyIgYFYx9ycVFW1emh7BJybmwsv2szMDKwsPj4+q1evhrsdJeCWlhacCkNCQt6SgFevFpXZy4sQKprM31\/yC+ogAbu7uwuFQtJ6HVxbW\/vq1SukZOx77fqAfXx8QMHBwQFM2Xwf8ODBg+ESvOaE2hiYmZnduXMH9Y8dO4YTQlFREVp9aUgLwlJVVQ0MDATOrqmpwbqgv2bXrl0gEQgE8BSJPuDm5mYsA8uyz58\/xwV9QkICaU3A0Lb19fW47wTjR7vIysrCTGDsP3z40LQ1xo0bB8pCKgSvsbHx4MGDkLBz584gxF7n7Oycnp6el5eXnZ396tUriT5g3P07OzujEJfv4KVCAl6xYgUo4EIE9iSnT5+GS0VFxcuXL2OLtREEJxMBGxoaenp6jhkzxtjYGBsI2hQrqa+v3+cNcA2Vk5OzYMECujcMHjw4LCwMWapdAqatIrcxmJMCPwgLl5+dOnWSWC\/kQhxRHAIWCoVYBYFAAJWiTTfl5eW4XGUYRl1dffjw4bGxsRi3wseLFy\/Cw8NxtqIRHByMPMFQ1gwaHALGy27dumGzozE5ODiYUAT89ddfQybo6oZFIhK2xJh2XOb36tULH6GiogLCEydOcPTpFyfRDABwdXUFHT09PcwW9sQMwxw9epQmYIwzQHsDdn2JBIxEbmRkhJljbtevX6cJmC7VV199hXJFRUVbW9uFCxdKZV9CEbCpKVm0qNWPJmChUOyIhV9qaqt82oiC7ttXxNY0AY8d2+pZGRmifKRFQX\/8MeGfa2+PgH\/55Zfly5fTXTQ3N\/etCZgQkpeXB5fKyspovusAAbMssbISlRncaXv3ii67dSNSzJsdIuBpb3z5165dQ52qqiq6w2D8R7sEbGBgAAqbNm0CCYeA6U5ubm4OHZW29NTU1KipqeFlz549vb29d+7cCYt1PmgCdnd3Hzt2rJubGw6rnj17VlVV4cSooqKCe2LaoQPnjqQFYf32229BQUH9+vXj2Oq\/\/PJL0pqA\/\/77b0iCe0oZv15AWw4KCgo4xQOg+a2hoSE1NXXUqFE46gG43URu4rhgJRJwfHw8CLt27YpTB+43wOqJBAyh\/oSaNywtLQkhDx48oL0GRkZGU6dOPXTokFB6uH7HfMDNzc3jxo0DoY6ODiGEtjPwcezYsT\/\/\/NPExIQjV1VVBT8iEjCGCXAIuKCgAC8lxtDyCTg\/Px8k0ggYh0daWhpIOAT8\/PnzNirFMExpaemvv\/6K6zuEpqbm9evX22jSxsbGc+fOxcfH09YMbW3t0tJSvOQcwQRwCJg2i\/EBTgs+AeOUBAQ8cuRIuKRNCwj+W6PBNxD9\/fffaPyPwChfHmhG5GP\/\/v0SCRgNEm0QMMuyfI81jUuXLkkj4Pr6emdnZ34SnEC5kCUIixCSnMxlxK5dyaNHYgWJBNy9OwkOJtjbOxSEZWxM\/P2Jioro0smJ8KdsGQiYnkqsra1Zln0XAiaEeHp6ctq2AwRcVCRuAU9PMns2GT9eLOGtBQGc3k5kI+C7d++iTlVV1dmzZ\/ESHZntEjByJ5qCOAT8xx9\/SOqhYrx8+TItLY3vA7a3t0c7Ig2+D5gQcuXKFRRu3Ljxm2++gb+1tbUxIT3XwaZTIgHv2bMHC6OoqGhkZIQnhdog4OHDh4NERgK+ffs2ZhIXF0cIqaio8PHx8fHxQY8bEHBNTQ1toP3oo49wvno7Al62bFkbrwMc0nwCRnsJEDAhJCoqip98zJgx0j6B0DECJq09sq9evUKdf\/3rX894gC5bW1v71VdfeXl50UFDdnZ2hCJgjC1qYwcs8YAQn4Bx8EsjYHyX2C34O2Dkkry8PH69oDWfPn26fv16Dw8P+tTaNEkzcm5uLuczLizLoiWcYZiqqir8+8yZM\/wcOASME4ePjw+\/eBDkxSfg5ORkkHB2wBLLjCamlJQUaW+WgzFjxkASfX19vqHs7NmzDQ0NyHMJCQn8bBsaGiQS8IQJE0DCJ2B6L44d7PDhw\/zMm5qapBEwIeT169f79++fNm0avabs3Lkz+hdaQRYCvn+fdOkiUvP2JsrK4r9xl0wTcFERuXOHPHpEOGP1LaKgU1PFSQIDucoyEDDd5sCU70jAt27d4iyPOkDAtBmf\/\/vkE4lNggQMITZENgIuLi5GnaqqKjpe5MmTJ6DTLgHjngzjQDkE\/PTpU7y8ceMGv6+C9fLmzZtLly51cnJCgxxDbRtoSCRglmUxdC44OBh1VFVVkQ\/opT8YJpGA0fvW3NyMwSLLly+H6QWPObVBwOh\/lJGAWZZF86SlpSU99NB6BwS8efNmuNTX179y5QrLsji0ZSdg2n+3bt06EI4cOZL\/OiDyi0\/Ae\/bswdJiVr\/88suCBQtsbW3p9dOpU6ckVrljBFxaWorTuo6ODsuy6AMeMmQIPSkLhcJt27Y9e\/Zsy5YtGPTb0tKCDlpNTU1CRSPjKQXaCgE+YNxoLlmyBPOvr68H38NbELCfnx8ouLi4gHGAnvQ5PuCgoCD6OFNdXd2GDRsIIcnJyXhQoampCb0FgwcP5j9xwIAB7u7u58+fx6xaWlqmT58OSSCaDEOIJ06ciGzd1NQUGxtLpPuANTQ0Hjx4QD8rPz8flq7tEvDGjRvhskuXLn\/++SfmcOrUqZ9\/\/hlXWs7Ozpw3u337dpyMaHDiyPALlHV1dVFRUQoKCtXV1egDdnBwoOfZ5ubmnTt3Pn78WEYCxnhF2tyNPuBJkybRK56GhoYNGza0QcB79+7F82Msy2ZnZ6Ma7R0Xo10CZlmxjp4eqa4my5aJOQPtBxKDsDh4CwJmWXEkF8OQHTtaKctGwL\/\/\/ntaWlpaWhpsud6RgAkhGHYOkJWAWZZYWIgKbGBA+vUT\/Xr3Fgk1NCTs8ima7Nq1Kxyroxf3MhJwfX09GnKR+RISEkAijYDHjx8PCmPHjoV+SG+sOT5gPO4FePHixaZNm+7cuZOVlYXTxYsXL3B+wCFAg0\/AcA4KhRs3bqyrq8PQRSTX9PR0kJibm8Pj0JOVlZUFOhUVFZx2I5RJQ3YCbmhoUHwDaacZ8aANwzCTJ0\/G0cchYPRsznhzxv3XX38FSbsEjFw7aNAgFOJOr1OnTnBEFvHLL79AZHW7BHzhwoUC6oxDWVkZbgmkHcmRiYDV1dV79+7NMbXD6brS0lL0C1pZWUVGRiYnJwcHB4NBoKSkxMbGRltb+4svvvjmm2\/27t2LdYDVx9dff40ZGhgYYCASABwe9CFdLy+vDRs2REZGGhkZcaKgZSfg\/fv3Y4a2trYzZ87U09NDCfQwukMPGTJkzZo1GzZsmD9\/vpaWFsR2qaqqGhsbR0dHHzp0aMeOHbirBv8rB9gVevfuPX78+OnTp9OWWKAQfJcMw7i5ucXHx69Zs6Zv377SoqD79+8PEk1NzUWLFiUlJa1cuRK+7AFTW7sE\/OLFC1zY6ujohIeHb9y4ccqUKQoKCocOHcJwZehe8GZDQkLAU8UPwiKENDY2oueYYRg1NTV3d\/dRo0bhmrq6urq8vBxX5ebm5hEREcnJyUuXLoUgxlu3bslIwHhqyNjYOD4+Piws7MyZM5cuXcK0AwcOXLVqVVJS0meffQbvt7GxURoB+\/r6dunSZd68eXv27Dlw4ADaBgwNDSXbjuggLEXFVr8NGwghZNcusQLYIWtrib6+SNKrF4FJqqMErKDAfRznS1gYBV1TQ8zNRUIVFVJYSAghkZHE1ZV06ya2dbu6kjeRENgyQMAc8Al4woQJrq6uuK81NDR0dXWF8DeJBFxeXo5hpYzsBHz1qrj6tHfm7l2x\/NgxfoHpkFodHR07Ozt6Cy4jARNCRo0aBZdKSkre3t6enp5oHpNGwHRIgaOjo6+vL\/0JIyDgvXv3omT06NFxcXGJiYlz5szR0NAwMzODFbazs3NycvKRI0cSExNxEB2TVFl6vurVq5eBgQHd1N26dYMV85w5c0BiYGCQkpISFxeH1jsw+RJCHBwcQGJubp6YmBgaGnr69GnMzcvLa\/fu3UuWLMFG6BABo440Aq6traVZQEFBYciQIZ988omtrS1IgIBxF9u1a9ekpKStW7fi1rldAj5y5Ajmv2jRooSEhPDwcEKda9LQ0Pj000+TkpJiYmJgnuEEYUkjYDDyjx49OjU19fDhwzExMdhKV+HLdzy85acolyxZgo7lo0eP0i+bBhAwX25gYAAOf5oDsH3xbyBgoVBInzVCvDUBC4VCOoKcYRg6\/AGXeOvWrZN4Dg8JmH\/L1ta2ihNxSgghxM3NTWL7KCgohIeHw8KTZdmwsDC+jrRzwMXFxfzjaAAZCZgQcuHCBYmHicF3lZ2dLe3NSiRgQsizZ8\/QtcyBtrY22KVPnDgh7VNzshNwZmYmJy2cA05LS8MVIQdtEzBfX11dPS8vT\/LYaPtTlOXlYpIbM0ZscD50SKwGVqWOEjD\/J42ACSHXr4sPQRkYkCdPZPwUpYwELMunKGkCJq0dWLIS8IoVonIKBNwIc0tL0S1JZ0aFQiFngNBzi+wEfOnSJc5gx+lCGgG\/evUKN6ycJMwbAmZZVtrXCJCA+fDz85P4faE2PkVpaGiIL7SyspJuBMSoUaPQyoVH8hBHjhxZunQpLenUqROaoN4vARNCKioqpM0hzBsT46NHjzhzCH51pF0Crq+vRwcWAJwUDx8+5OwAER0iYD5WrlwprbJtEfDatWsDWyMkJGTTpk38j3SXl5dv27Zt3LhxlpaWJiYmTk5OCxcuPHXqVEtLy9WrVyMiIoYPH25ubm5hYeHu7h4fH49viBBy8+ZNX19fgUAwePDg7du3P3r0CB+HNl6WZc+ePTt37lx7e3sTExNbW9ugoCDoVTt37gRljHe4c+cOSGjXNQc1NTUxMTF9+vTp27fvihUrKisr8aH0l2ju3r0bHx8\/bNgwc3NzU1PToUOHLl++HIJj8\/PzP\/\/8cxcXF1NTU0tLy7Fjx27btk3aefOmpqacnJyQkBB3d\/f+\/ftbW1t7eHjEx8fz47ovXry4YMECR0dHgUBgbW3t5+cHQdFZWVlQPHraevnyZVZWlp+fn42NjbGxsY2NzYwZM3bv3g02w5UrV0KSQtj9EHLmzBmQQH8CPHv2DDzZffr0MTU1HTVq1ObNm\/G0e0VFRVpaGr5ZR0fHBQsW5OTktP1vFa5evbpkyRIHBwczMzMoVWZm5suXL1Hh6dOnO3bs8PLysrKyMjY2dnR0DAoKOnHiRHNzc21tLb4LXM1s2bIFJGgWY1n23\/\/+9+zZs52cnJycnCZMmIBfFyktLU1JSfHw8LCwsBAIBC4uLsHBwQUFBSzLlpaWYuZ0gR88eBAXFzdmzBhoBBcXlxUrVjyio6U4SE4mgYGSf6dOkSNHxJf0sTSWJdHRInlQEHn+nBQUiDWlhUrW1Eh9VmCgKFI6JUV02ZrVyNGjYs09e8jWrRJyeGOgxpa5f\/8+vxTHjx+Hu8uWLQPJsmXLAnmAE584BmFvgaivr1+wYAHc4gTZnj9\/HjNp5XePixOXn4N9+0S3vviCy82EEEIePnwYFBRkamo6YMCAhISEmpoazjA\/evQoXKKF8MmTJ6iD4U7Xrl2bOHGiiYmJm5tbVlZWXl4efxxxUFVVtXz5cnNzcxsbmzVr1pSVlZnkspkAAAGaSURBVGG29H9DKioqWrt2raurq6mpqZmZ2YgRI6KiooqKihobGw8cOODn52dvby8QCGxsbHx9fU+ePCnt635FRUWcF7Fw4cLIyMijR49yAqdfvny5d+9eDw8PfX19Q0NDb2\/vrKws+rNfLMt+++23M2fOdHR0HDRo0MSJE69fvy4UCpOSkuzs7MzMzGbMmHHjxo3U1FR4EERBPn36FB+NIz0pKQkkEHLb1NSEOvQnBaXVKDw83MHBwcTExMrKavTo0REREWfPnsW+cf369alTpwoEAkdHx5SUlOLiYsgZv5sRGxsLEtosDCgtLY2Kiho2bNjAgQNHjBgBawhCSGNj4\/HjxwMCAvr3729sbGxtbT1lypTt27dD\/G9CQgLdyQkhFy5cAAlQbF1d3c6dO6dPn96\/f3+BQGBnZ+fv73\/+\/Pk2qvmP\/3eEcsghhxxyyPFPhJyA5ZBDDjnkkOMDQE7AcsghhxxyyPEBICdgOeSQQw455PgAkBOwHHLIIYcccnwAyAlYDjnkkEMOOT4A5AQshxxyyCGHHB8A\/wPu7ExGfjk0twAAAABJRU5ErkJggg==\" alt=\"\" width=\"489\" height=\"26\"\/><\/p>\n<p>Wir trafen uns am Mittwoch, den 16. Oktober 2013 ab 9:30 Uhr am Science Center<br \/>\n<strong><span style=\"color: #ff0000;\">EXPERIMINTA<\/span><\/strong>; Hamburger Allee 22-24; 60486 Frankfurt am Main (N\u00e4he Messe)!<\/p>\n<h5 style=\"text-align: left;\"><strong><span style=\"color: #000000;\">LINK:<\/span> <a href=\"http:\/\/museen.de\/experiminta-sciencecenter-frankfurt-main.html\" target=\"_blank\" rel=\"noopener\">Das EXPERIMINTA Science Centers Frankfurt am Main<\/a><\/strong><\/h5>\n<p><strong><a class=\"shutterset_\" href=\"https:\/\/www.igbce-blogs.de\/aufgeweckte-alte\/wp-content\/gallery\/experiminta_museum-botan-garten\/0001-experimintabotangarten.jpg\" target=\"_blank\" rel=\"noopener\"><img loading=\"lazy\" decoding=\"async\" class=\"ngg-singlepic ngg-none alignleft\" style=\"border: 3px solid black; margin-top: 3px; margin-bottom: 3px;\" src=\"https:\/\/www.igbce-blogs.de\/aufgeweckte-alte\/wp-content\/gallery\/experiminta_museum-botan-garten\/thumbs\/thumbs_0001-experimintabotangarten.jpg\" alt=\"0001-experimintabotangarten\" width=\"133\" height=\"100\"\/><\/a><\/strong><br \/>\nPrinzip eines Science Centers ist, dass nicht gef\u00fchrt wird,<br \/>\nsondern eingef\u00fchrt wird. Es soll nicht belehrt werden,<br \/>\nsondern die Neugier, das Interesse stimuliert werden.<br \/>\nEine Betreuerin od. ein Betreuer des Science Centers<br \/>\nnimmt die Gruppe in Empfang und gibt eine kurze<br \/>\nEinf\u00fchrung. Durchgangsdauer ca. 2,5 Stunden.<br \/>\nIm Anschluss ist Gelegenheit f\u00fcr einen Imbiss in der Cafeteria.<\/p>\n<h3><span style=\"color: #008000;\">Der Botanischer Garten Frankfurt am Main<\/span><\/h3>\n<h5><strong><span style=\"color: #000000;\">LINK:<\/span> <a title=\"Der Botanische Garten in Frankfurt am Main\" href=\"Http:\/\/www.botanischergarten-frankfurt.de\" target=\"_blank\" rel=\"noopener\">Der Botanische Garten in Frankfurt am Main<\/a><\/strong><\/h5>\n<p>Wir fahren dann weiter zum Botan. Garten mit der Busline 32 von der Festhalle Messe<br \/>\nzur Haltestelle Ditmarstra\u00dfe. Die F\u00fchrung im Botan. Garten beginnt um 15:00 Uhr.<\/p>\nngg_shortcode_0_placeholder\nngg_shortcode_1_placeholder\n<p>&nbsp;<\/p>\n<h5 style=\"text-align: left;\"><span style=\"color: #000000;\">Zur <\/span><a href=\"https:\/\/www.igbce-blogs.de\/aufgeweckte-alte\/?page_id=3623\">\u00dcbersicht 2013<\/a><\/h5>\n<h5 style=\"text-align: left;\"><span style=\"color: #000000;\"><span style=\"color: #000000;\">Zur<\/span> <\/span><a href=\"https:\/\/www.igbce-blogs.de\/aufgeweckte-alte\/?page_id=130\">Startseite<\/a><\/h5>\nRelated Images:","protected":false},"excerpt":{"rendered":"<p>Wir trafen uns am Mittwoch, den 16. Oktober 2013 ab 9:30 Uhr am Science Center EXPERIMINTA; Hamburger Allee 22-24; 60486 Frankfurt am Main (N\u00e4he Messe)! LINK: Das EXPERIMINTA Science Centers Frankfurt am Main Prinzip eines Science Centers ist, dass nicht gef\u00fchrt wird, sondern eingef\u00fchrt wird. Es soll nicht belehrt werden, sondern die Neugier, das Interesse [&hellip;]<\/p>\n","protected":false},"author":3,"featured_media":0,"parent":3623,"menu_order":7,"comment_status":"open","ping_status":"closed","template":"tagcloud.php","meta":{"ngg_post_thumbnail":0,"footnotes":""},"class_list":["post-4511","page","type-page","status-publish","hentry"],"_links":{"self":[{"href":"https:\/\/www.igbce-blogs.de\/aufgeweckte-alte\/index.php?rest_route=\/wp\/v2\/pages\/4511","targetHints":{"allow":["GET"]}}],"collection":[{"href":"https:\/\/www.igbce-blogs.de\/aufgeweckte-alte\/index.php?rest_route=\/wp\/v2\/pages"}],"about":[{"href":"https:\/\/www.igbce-blogs.de\/aufgeweckte-alte\/index.php?rest_route=\/wp\/v2\/types\/page"}],"author":[{"embeddable":true,"href":"https:\/\/www.igbce-blogs.de\/aufgeweckte-alte\/index.php?rest_route=\/wp\/v2\/users\/3"}],"replies":[{"embeddable":true,"href":"https:\/\/www.igbce-blogs.de\/aufgeweckte-alte\/index.php?rest_route=%2Fwp%2Fv2%2Fcomments&post=4511"}],"version-history":[{"count":36,"href":"https:\/\/www.igbce-blogs.de\/aufgeweckte-alte\/index.php?rest_route=\/wp\/v2\/pages\/4511\/revisions"}],"predecessor-version":[{"id":10973,"href":"https:\/\/www.igbce-blogs.de\/aufgeweckte-alte\/index.php?rest_route=\/wp\/v2\/pages\/4511\/revisions\/10973"}],"up":[{"embeddable":true,"href":"https:\/\/www.igbce-blogs.de\/aufgeweckte-alte\/index.php?rest_route=\/wp\/v2\/pages\/3623"}],"wp:attachment":[{"href":"https:\/\/www.igbce-blogs.de\/aufgeweckte-alte\/index.php?rest_route=%2Fwp%2Fv2%2Fmedia&parent=4511"}],"curies":[{"name":"wp","href":"https:\/\/api.w.org\/{rel}","templated":true}]}}