{"id":4232,"date":"2013-12-03T16:12:47","date_gmt":"2013-12-03T15:12:47","guid":{"rendered":"http:\/\/www.igbce-blogs.de\/aufgeweckte-alte\/?page_id=4232"},"modified":"2014-01-31T19:00:26","modified_gmt":"2014-01-31T18:00:26","slug":"fulda-schlos-fasanerie-2013","status":"publish","type":"page","link":"https:\/\/www.igbce-blogs.de\/aufgeweckte-alte\/?page_id=4232","title":{"rendered":"Stadt Fulda &#8211; Schlo\u00df Fasanerie 2013"},"content":{"rendered":"<h4 style=\"text-align: left;\"><span style=\"color: #000000;\">Unsere Fahrt in die barocke Domstadt Fulda am 11. Sept. 2013<\/span><\/h4>\n<h4 style=\"text-align: left;\">ngg_shortcode_0_placeholder<\/h4>\n<p><span style=\"color: #000000;\">Auf dem Domplatz wurden wir von unseren drei Stadtf\u00fchrern erwartet. Nach der Dombesichtigung und einem sehr interessanten kleinen Rundgang durch die Altstadt, vorbei am Hexenturm, \u00fcber den Markt zum Stadtschlo\u00df, liefen wir durch das Paulstor zum Felsenkeller &#8211; Mittagessen. Freie Zeit bis 14:30 Uhr und Weiterfahrt ab Domplatz zum 7 km entfernten Schlo\u00df Fasanerie. Die Schlossf\u00fchrung ab 15:00 Uhr ging durch die reich ausgestatteten Schaur\u00e4ume des Barocks und Klassizismus. Gezeigt wurden bedeutende Best\u00e4nde an Mobiliar und Ausstattungskunst sowie eine Gem\u00e4ldesammlung mit Werken namhafter Maler<\/span><span style=\"color: #000000;\"> vergangener Jahrhunderte. Die ehemalige barocke Sommerresidenz der Fuldaer F\u00fcrstbisch\u00f6fe wurde im 19. Jahrhundert durch den Kurf\u00fcrsten von Hessen-Kassel im klassizistischen Stil neu ausgestattet. Heute sind in dem Schloss die umfangreichen Kunstsammlungen des hessischen F\u00fcrstenhauses ausgestellt. Ausklang mit leckerem, frischen Kuchen und einer guten Tasse im Schlo\u00dfcafe.<\/span><\/p>\n<h4><span style=\"color: #000000;\"><span style=\"color: #000000;\">LINK zu den Fotos:<\/span> <a title=\"Domstadt Fulda und Schl\u00df Fasanerie\" href=\"https:\/\/www.igbce-blogs.de\/aufgeweckte-alte\/?cat=5\" target=\"_blank\">Domstadt Fulda und Schlo\u00df Fasanerie<\/a><\/span><\/h4>\n<p><span style=\"color: #000000;\"><strong>ngg_shortcode_1_placeholder<\/strong><br \/>\n<\/span><\/p>\n<p><span> <\/span><\/p>\n<h5 style=\"text-align: left;\"><span style=\"color: #000000;\">Zur <\/span><a href=\"https:\/\/www.igbce-blogs.de\/aufgeweckte-alte\/?page_id=3623\">\u00dcbersicht 2013<\/a><\/h5>\n<h5 style=\"text-align: left;\"><span style=\"color: #000000;\"><span style=\"color: #000000;\">Zur<\/span> <\/span><a href=\"https:\/\/www.igbce-blogs.de\/aufgeweckte-alte\/?page_id=130\">Startseite<\/a><\/h5>\nRelated Images:","protected":false},"excerpt":{"rendered":"<p>Unsere Fahrt in die barocke Domstadt Fulda am 11. Sept. 2013 Auf dem Domplatz wurden wir von unseren drei Stadtf\u00fchrern erwartet. Nach der Dombesichtigung und einem sehr interessanten kleinen Rundgang durch die Altstadt, vorbei am Hexenturm, \u00fcber den Markt zum Stadtschlo\u00df, liefen wir durch das Paulstor zum Felsenkeller &#8211; Mittagessen. Freie Zeit bis 14:30 Uhr [&hellip;]<\/p>\n","protected":false},"author":3,"featured_media":0,"parent":3623,"menu_order":5,"comment_status":"open","ping_status":"closed","template":"tagcloud.php","meta":{"ngg_post_thumbnail":0,"footnotes":""},"class_list":["post-4232","page","type-page","status-publish","hentry"],"_links":{"self":[{"href":"https:\/\/www.igbce-blogs.de\/aufgeweckte-alte\/index.php?rest_route=\/wp\/v2\/pages\/4232","targetHints":{"allow":["GET"]}}],"collection":[{"href":"https:\/\/www.igbce-blogs.de\/aufgeweckte-alte\/index.php?rest_route=\/wp\/v2\/pages"}],"about":[{"href":"https:\/\/www.igbce-blogs.de\/aufgeweckte-alte\/index.php?rest_route=\/wp\/v2\/types\/page"}],"author":[{"embeddable":true,"href":"https:\/\/www.igbce-blogs.de\/aufgeweckte-alte\/index.php?rest_route=\/wp\/v2\/users\/3"}],"replies":[{"embeddable":true,"href":"https:\/\/www.igbce-blogs.de\/aufgeweckte-alte\/index.php?rest_route=%2Fwp%2Fv2%2Fcomments&post=4232"}],"version-history":[{"count":40,"href":"https:\/\/www.igbce-blogs.de\/aufgeweckte-alte\/index.php?rest_route=\/wp\/v2\/pages\/4232\/revisions"}],"predecessor-version":[{"id":4615,"href":"https:\/\/www.igbce-blogs.de\/aufgeweckte-alte\/index.php?rest_route=\/wp\/v2\/pages\/4232\/revisions\/4615"}],"up":[{"embeddable":true,"href":"https:\/\/www.igbce-blogs.de\/aufgeweckte-alte\/index.php?rest_route=\/wp\/v2\/pages\/3623"}],"wp:attachment":[{"href":"https:\/\/www.igbce-blogs.de\/aufgeweckte-alte\/index.php?rest_route=%2Fwp%2Fv2%2Fmedia&parent=4232"}],"curies":[{"name":"wp","href":"https:\/\/api.w.org\/{rel}","templated":true}]}}