{"id":4073,"date":"2013-05-22T15:03:32","date_gmt":"2013-05-22T14:03:32","guid":{"rendered":"http:\/\/www.igbce-blogs.de\/aufgeweckte-alte\/?page_id=4073"},"modified":"2014-01-29T16:54:48","modified_gmt":"2014-01-29T15:54:48","slug":"henkell-biebricher-schlos-2013","status":"publish","type":"page","link":"https:\/\/www.igbce-blogs.de\/aufgeweckte-alte\/?page_id=4073","title":{"rendered":"HENKELL &#038; Biebricher Schlo\u00df 2013"},"content":{"rendered":"ngg_shortcode_0_placeholder\n<h4><span style=\"color: #000080;\"><strong>LINK: <\/strong><\/span><strong><a title=\"LINK: Unsere Eindr\u00fccke mit den Foto's dazu! \" href=\"https:\/\/www.igbce-blogs.de\/aufgeweckte-alte\/?cat=5\" target=\"_blank\">Unsere Eindr\u00fccke mit den sch\u00f6nsten Fotos dazu!<\/a><\/strong><em> <\/em><\/h4>\n<h4><em><span style=\"color: #0000ff;\">Besuch der Sektkellerei HENKELL (von Peter)!<\/span><\/em><\/h4>\n<h5><span style=\"color: #000080;\">Am 2. Mai 2013 besuchten unsere &#8222;Aufgeweckten Alten&#8220;<br \/>\ndie Sektkellerei Henkell in Wiebaden<\/span><span style=\"color: #000080;\">.<\/span><\/h5>\n<p>Wir trafen uns am H\u00f6chster Bahnhof und fuhren mit einem Bus der Fa. Gutacker<br \/>\nnach Wiesbaden-Biebrich. Um 09:50 Uhr am Haupttor der Kellerei angekommen,<br \/>\nbegaben wir uns nach der Anmeldung beim Pf\u00f6rtner durch den Wandelgang<br \/>\nentlang des Geb\u00e4udes, in die gro\u00dfe Eingangshalle.<\/p>\n<p>Hier wurden wir bereits erwartet, denn um 10:00 Uhr begann die F\u00fchrung.<br \/>\nDie Eingangshalle, ein Marmorsaal, besteht aus unterschiedlichem griechischem Mormor.<br \/>\nDas Gel\u00e4nder der Freitreppe ist aus stilistischen Sektflaschen geformt. In der Mitte der<br \/>\nGlaskuppel h\u00e4ngt ein Kronleuchter mit ca. 2,50 m Durchmesser von der von der Decke.<\/p>\n<p>\u00dcber eine Treppe von 50 Stufen nach unten, kommt man in den Stillweinkeller.<br \/>\nDieser hat eine Lagerkapazit\u00e4t von ca. 10 Millionen Litern. In riesigen gemauerten F\u00e4ssern,<br \/>\ndie mit Epoxydharz ausgekleidet sind, lagern Weine aus verschiedenen Regionen Europas.<br \/>\nEin solches Fass, hat ein Fassungsverm\u00f6gen von \u00fcber 200.000 Litern. Alle F\u00e4sser und<br \/>\nTanks sind durch eine Rohrleitung von ca. 50 km L\u00e4nge miteinander verbunden.<br \/>\nHier findet man F\u00e4sser mit Weinen aus vielen Anbauorten und Regionen,<br \/>\nwelche mit den Ortswappen versehen sind.<\/p>\n<p>Die 50 Stufen der Treppe symbolisieren 50 Weinkeller, in denen Adam Henkell<br \/>\nzu Mainzer Zeiten seinen Wein lagerte, bevor er sich in Biebrich niederlie\u00df.<\/p>\n<p>Nach einem kurzen Besuch im &#8222;Kellereimuseum&#8220;, wo uns alte Ger\u00e4tschaften<br \/>\nzur Erzeugung von Sekt gezeigt wurden, fuhren wir mit einem Aufzug wieder nach oben.<br \/>\nAuf einer Gallerie konnten wir den Mitarbeitern beim Abf\u00fcllen zuschauen.<\/p>\n<p>Nach unserem Rundgang durch die Kellerei haben wir uns dann ein<br \/>\nFirmenvideo angeschaut und drei verschiedene Sekte des Hauses verkostet.<br \/>\nDanach war es dann auch schon an der Zeit Abschied zu nehmen.<br \/>\nWir trugen uns auch noch in das G\u00e4stebuch der Firma ein.<\/p>\n<p>Wir m\u00f6chten uns hier nochmals bei allen Beteiligten der Firma Henkell,<br \/>\nf\u00fcr die besonders lebendige F\u00fchrung durch Ihr Haus recht herzlich bedanken.<\/p>\n<h3><span style=\"color: #000080;\"><em><strong><span style=\"text-decoration: underline;\">Die Eintr\u00e4ge ins G\u00e4stebuch bei Henkell<\/span>: <\/strong><\/em><\/span><\/h3>\n<ol>\n<li>\n<address><strong>Warum denn immer zu Hause hocken?<\/strong><\/address>\n<address><strong> Lieber gehen wir zu \u201eHenkell Trocken&#8220;! <\/strong><\/address>\n<p><strong> <\/strong><\/li>\n<p><strong> <\/strong><\/p>\n<address style=\"text-align: center;\"> <\/address>\n<p><strong> <\/strong><\/p>\n<li>\n<address><strong>Die \u201eAufgeweckten Alten\u201c kann man nur locken<\/strong><\/address>\n<address><strong> mit ADAM \u2013 HENKELL\u00a0 \u201eCHARDONNAY\u201c Trocken! <\/strong><\/address>\n<\/li>\n<p><strong> <\/strong><\/p>\n<p style=\"text-align: center;\"><strong> <\/strong><\/p>\n<address style=\"text-align: center;\"><strong> <\/strong><\/address>\n<p><strong> <\/strong><strong> <\/strong><strong> <\/strong><strong> <\/strong><\/p>\n<li><strong> <\/strong><strong>Ich trinke t\u00e4glich um 11 Uhr ein Glas Sekt,<\/strong><strong><br \/>\nweil das meine Lebensgeister weckt.<\/strong><\/li>\n<p style=\"text-align: center;\">\n<li><strong><span style=\"text-decoration: underline;\">Lateinische Inschrift in der Halle<\/span>: <\/strong><br \/>\n<strong><em>In vino veritas, ergo bibimus!<\/em><\/strong><br \/>\n<strong><span style=\"text-decoration: underline;\">Zu deutsch<\/span><\/strong>:<br \/>\n<strong><em>Im Wein liegt Wahrheit, also trinken wir!<\/em><\/strong><\/li>\n<\/ol>\n<p style=\"text-align: center;\">\n<p><span style=\"color: #0000ff;\"> <\/span><\/p>\n<p><span><\/span><br \/>\n<span><\/span><\/p>\n<h5 style=\"text-align: left;\"><span style=\"color: #000000;\">Zur <\/span><a href=\"https:\/\/www.igbce-blogs.de\/aufgeweckte-alte\/?page_id=3623\">\u00dcbersicht 2013<\/a><\/h5>\n<h5 style=\"text-align: left;\"><span style=\"color: #000000;\"><span style=\"color: #000000;\">Zur<\/span> <\/span><a href=\"https:\/\/www.igbce-blogs.de\/aufgeweckte-alte\/?page_id=130\">Startseite<\/a><\/h5>\nRelated Images:","protected":false},"excerpt":{"rendered":"<p>LINK: Unsere Eindr\u00fccke mit den sch\u00f6nsten Fotos dazu! Besuch der Sektkellerei HENKELL (von Peter)! Am 2. Mai 2013 besuchten unsere &#8222;Aufgeweckten Alten&#8220; die Sektkellerei Henkell in Wiebaden. Wir trafen uns am H\u00f6chster Bahnhof und fuhren mit einem Bus der Fa. Gutacker nach Wiesbaden-Biebrich. Um 09:50 Uhr am Haupttor der Kellerei angekommen, begaben wir uns nach [&hellip;]<\/p>\n","protected":false},"author":3,"featured_media":0,"parent":3623,"menu_order":3,"comment_status":"open","ping_status":"open","template":"tagcloud.php","meta":{"ngg_post_thumbnail":0,"footnotes":""},"class_list":["post-4073","page","type-page","status-publish","hentry"],"_links":{"self":[{"href":"https:\/\/www.igbce-blogs.de\/aufgeweckte-alte\/index.php?rest_route=\/wp\/v2\/pages\/4073","targetHints":{"allow":["GET"]}}],"collection":[{"href":"https:\/\/www.igbce-blogs.de\/aufgeweckte-alte\/index.php?rest_route=\/wp\/v2\/pages"}],"about":[{"href":"https:\/\/www.igbce-blogs.de\/aufgeweckte-alte\/index.php?rest_route=\/wp\/v2\/types\/page"}],"author":[{"embeddable":true,"href":"https:\/\/www.igbce-blogs.de\/aufgeweckte-alte\/index.php?rest_route=\/wp\/v2\/users\/3"}],"replies":[{"embeddable":true,"href":"https:\/\/www.igbce-blogs.de\/aufgeweckte-alte\/index.php?rest_route=%2Fwp%2Fv2%2Fcomments&post=4073"}],"version-history":[{"count":37,"href":"https:\/\/www.igbce-blogs.de\/aufgeweckte-alte\/index.php?rest_route=\/wp\/v2\/pages\/4073\/revisions"}],"predecessor-version":[{"id":4411,"href":"https:\/\/www.igbce-blogs.de\/aufgeweckte-alte\/index.php?rest_route=\/wp\/v2\/pages\/4073\/revisions\/4411"}],"up":[{"embeddable":true,"href":"https:\/\/www.igbce-blogs.de\/aufgeweckte-alte\/index.php?rest_route=\/wp\/v2\/pages\/3623"}],"wp:attachment":[{"href":"https:\/\/www.igbce-blogs.de\/aufgeweckte-alte\/index.php?rest_route=%2Fwp%2Fv2%2Fmedia&parent=4073"}],"curies":[{"name":"wp","href":"https:\/\/api.w.org\/{rel}","templated":true}]}}