{"id":3815,"date":"2013-05-16T17:46:35","date_gmt":"2013-05-16T16:46:35","guid":{"rendered":"http:\/\/www.igbce-blogs.de\/aufgeweckte-alte\/?page_id=3815"},"modified":"2014-01-29T16:52:43","modified_gmt":"2014-01-29T15:52:43","slug":"alt-frankfurt-und-der-romer-2013","status":"publish","type":"page","link":"https:\/\/www.igbce-blogs.de\/aufgeweckte-alte\/?page_id=3815","title":{"rendered":"Alt-Frankfurt und der R\u00f6mer 2013"},"content":{"rendered":"<h5><span style=\"color: #000080;\"><strong>Ein Stadtrundgang, nicht nur f\u00fcr Neufrankfurter von Bj\u00f6rn Wissenbach mit den &#8222;Aufgeweckten Alten&#8220; am 13. M\u00e4rz 2013<\/strong><\/span><\/h5>\n<h4><span style=\"color: #0000ff;\">LINK: <\/span> <a title=\"LINK: Unsere Eindr\u00fccke mit den Foto's dazu! \" href=\"https:\/\/www.igbce-blogs.de\/aufgeweckte-alte\/?p=3850\" target=\"_blank\">Unsere Eindr\u00fccke mit den sch\u00f6nsten Fotos dazu!<\/a><\/h4>\n<h6><span style=\"color: #000000;\"><em>Der Stadtrundgang durch die Innenstadt Frankfurts, beleuchtete an den verbliebenen, historischen Geb\u00e4uden die gro\u00dfen, geschichtlichen Wirkungslinien der Kommune im Wegekreuz, dem politischen Frankfurt als Wahl \u2013 und Kr\u00f6nungsort der Deutsch-R\u00f6mischen K\u00f6nige und Kaiser und der daran herangewachsenen Messe.<\/em><\/span><\/h6>\n<p><span style=\"color: #000000;\"> <\/span><\/p>\n<h6><span style=\"color: #000000;\"><em> <\/em><\/span><\/h6>\n<p><span style=\"color: #000000;\"> <\/span><\/p>\n<h6><span style=\"color: #000000;\"><em>Diese besondere Mischung machte Frankfurt zu dem, was es war und auch heute noch partiell ist. Ausgehend von einem der sch\u00f6nsten Geb\u00e4ude, die die wilhelminische Honoratiorengesellschaft der Stadt hinterlassen hat, verlief der Rundgang vom Opernhaus \u00fcber die Fressgass hin zum Goetheplatz, nicht ohne an den ber\u00fchmtesten Frankfurter zu erinnern. Die um die Ecke liegende B\u00f6rse war Anlass, um nochmal \u00fcber die Bedeutung der Frankfurter Bankiers, besonders im 19. Jahrhundert zu sprechen und das Thurn und Taxis\u00b4sche Palais als einzige kurze Residenz am Ort bot die Gelegenheit, die Selbst\u00e4ndigkeit Frankfurts herauszukehren.<\/em><\/span><\/h6>\n<p><span style=\"color: #000000;\"> <\/span><\/p>\n<h6><span style=\"color: #000000;\"><em> <\/em><\/span><\/h6>\n<p><span style=\"color: #000000;\"> <\/span><\/p>\n<h6><span style=\"color: #000000;\"><em>Dem Gegen\u00fcber stand der Besuch in der Liebfrauenkirche, die als \u201eKirche ohne Gemeinde\u201c vormacht, wie man trotzdem das Haus mit Gl\u00e4ubigen f\u00fcllt. Der Abschluss der F\u00fchrung, die in strahlender Sonne, aber bei kalter Temperatur stattfand, war der Betrachtung des R\u00f6merberges gewidmet als dem historischen Hauptplatz Frankfurts.<\/em><\/span><\/h6>\n<p><span style=\"color: #000000;\"><em><br \/>\n<\/em><\/span><\/p>\n<h4><span style=\"color: #000080;\"><span style=\"text-decoration: underline;\"><em>Es folgen <strong>TEXT &amp; BILD <\/strong>mit <strong>LINKS<\/strong> aus <\/em><\/span><strong><span style=\"text-decoration: underline;\">WIKIPEDIA<\/span>:<\/strong><\/span><\/h4>\n<div>\n<div>\n<p><a href=\"http:\/\/commons.wikimedia.org\/wiki\/File:Frankfurt_Am_Main-Roemerberg_19-27_von_Suedosten-20110307.jpg\" target=\"_blank\" class=\"image\"><img loading=\"lazy\" decoding=\"async\" class=\"thumbimage\" src=\"http:\/\/upload.wikimedia.org\/wikipedia\/commons\/thumb\/d\/dc\/Frankfurt_Am_Main-Roemerberg_19-27_von_Suedosten-20110307.jpg\/330px-Frankfurt_Am_Main-Roemerberg_19-27_von_Suedosten-20110307.jpg\" alt=\"\" width=\"480\" height=\"360\" \/><\/a><\/p>\n<div class=\"thumb tright\">\n<div style=\"width: 332px;\" class=\"thumbinner\">\n<div>\n<div class=\"magnify\"><a title=\"vergr\u00f6\u00dfern und Informationen zum Bild anzeigen\" href=\"http:\/\/de.wikipedia.org\/wiki\/Datei:Frankfurt_Am_Main-Roemerberg_19-27_von_Suedosten-20110307.jpg\" class=\"internal\"><img loading=\"lazy\" decoding=\"async\" src=\"http:\/\/bits.wikimedia.org\/static-1.22wmf3\/skins\/common\/images\/magnify-clip.png\" alt=\"\" width=\"15\" height=\"11\" \/><\/a> Der <a title=\"R\u00f6mer (Frankfurt am Main)\" href=\"http:\/\/de.wikipedia.org\/wiki\/R%C3%B6mer_%28Frankfurt_am_Main%29\">R\u00f6mer<\/a> ist Frankfurts Rathaus und ein Wahrzeichen der Stadt.<a href=\"http:\/\/commons.wikimedia.org\/wiki\/File:Frankfurt_Am_Main-Stadtansicht_von_der_Deutschherrnbruecke_am_fruehen_Abend-20110808.jpg\"><\/a><\/div>\n<\/div>\n<\/div>\n<\/div>\n<\/div>\n<\/div>\n<p><strong>Frankfurt am Main<\/strong> ist mit mehr als <a href=\"http:\/\/de.wikipedia.org\/wiki\/Frankfurt_am_Main#Einwohnerentwicklung\">690.000 Einwohnern<\/a> die <a title=\"Liste der gr\u00f6\u00dften St\u00e4dte in Hessen\" href=\"http:\/\/de.wikipedia.org\/wiki\/Liste_der_gr%C3%B6%C3%9Ften_St%C3%A4dte_in_Hessen\">gr\u00f6\u00dfte Stadt<\/a> des <a title=\"Hessen\" href=\"http:\/\/de.wikipedia.org\/wiki\/Hessen\">Landes Hessen<\/a> und\u00a0\u2013 nach <a title=\"Berlin\" href=\"http:\/\/de.wikipedia.org\/wiki\/Berlin\">Berlin<\/a>, <a title=\"Hamburg\" href=\"http:\/\/de.wikipedia.org\/wiki\/Hamburg\">Hamburg<\/a>, <a title=\"M\u00fcnchen\" href=\"http:\/\/de.wikipedia.org\/wiki\/M%C3%BCnchen\">M\u00fcnchen<\/a> und <a title=\"K\u00f6ln\" href=\"http:\/\/de.wikipedia.org\/wiki\/K%C3%B6ln\">K\u00f6ln<\/a> \u2013 die <a title=\"Liste der Gro\u00dfst\u00e4dte in Deutschland\" href=\"http:\/\/de.wikipedia.org\/wiki\/Liste_der_Gro%C3%9Fst%C3%A4dte_in_Deutschland\">f\u00fcnftgr\u00f6\u00dfte<\/a> der <a title=\"Deutschland\" href=\"http:\/\/de.wikipedia.org\/wiki\/Deutschland\">Bundesrepublik Deutschland<\/a>. Der engere Ballungsraum <a title=\"Regionalverband FrankfurtRheinMain\" href=\"http:\/\/de.wikipedia.org\/wiki\/Regionalverband_FrankfurtRheinMain\">Frankfurt\/Rhein-Main<\/a> hat etwa 2,2 Millionen,<sup id=\"cite_ref-2\"><a href=\"http:\/\/de.wikipedia.org\/wiki\/Frankfurt_am_Main#cite_note-2\">[2]<\/a><\/sup> die gesamte <a title=\"Rhein-Main-Gebiet\" href=\"http:\/\/de.wikipedia.org\/wiki\/Rhein-Main-Gebiet\">Metropolregion Rhein-Main<\/a> 5,5 Millionen Einwohner.<\/p>\n<p>Seit dem <a title=\"Mittelalter\" href=\"http:\/\/de.wikipedia.org\/wiki\/Mittelalter\">Mittelalter<\/a> geh\u00f6rt Frankfurt zu den bedeutenden urbanen Zentren Deutschlands. 794  erstmals urkundlich erw\u00e4hnt, war es seit dem Hochmittelalter <a title=\"Freie und Reichsst\u00e4dte\" href=\"http:\/\/de.wikipedia.org\/wiki\/Freie_und_Reichsst%C3%A4dte\">Freie Reichsstadt<\/a> und bis 1806 Wahl-, seit 1562 auch Kr\u00f6nungsstadt der <a title=\"R\u00f6misch-deutscher Kaiser\" href=\"http:\/\/de.wikipedia.org\/wiki\/R%C3%B6misch-deutscher_Kaiser\">r\u00f6misch-deutschen Kaiser<\/a>. Von 1816 an war Frankfurt <a title=\"Freie Stadt Frankfurt\" href=\"http:\/\/de.wikipedia.org\/wiki\/Freie_Stadt_Frankfurt\">Freie Stadt<\/a>, in der die <a title=\"Bundestag (Deutscher Bund)\" href=\"http:\/\/de.wikipedia.org\/wiki\/Bundestag_%28Deutscher_Bund%29\">Bundesversammlung<\/a> des <a title=\"Deutscher Bund\" href=\"http:\/\/de.wikipedia.org\/wiki\/Deutscher_Bund\">Deutschen Bundes<\/a> und 1848\/49 das erste frei gew\u00e4hlte deutsche <a title=\"Frankfurter Nationalversammlung\" href=\"http:\/\/de.wikipedia.org\/wiki\/Frankfurter_Nationalversammlung\">Parlament<\/a> ihren Sitz hatten. Im Verlauf des <a title=\"Deutscher Krieg\" href=\"http:\/\/de.wikipedia.org\/wiki\/Deutscher_Krieg\">Deutschen Krieges<\/a> von Preu\u00dfen annektiert, verlor Frankfurt 1866 seine Unabh\u00e4ngigkeit als <a title=\"Stadtstaat\" href=\"http:\/\/de.wikipedia.org\/wiki\/Stadtstaat\">Stadtstaat<\/a>. Seit 1875 z\u00e4hlte Frankfurt \u00fcber 100.000 Einwohner, seit 1928 mehr als 500.000.<\/p>\n<p>Heute ist Frankfurt ein internationales <a title=\"Finanzplatz Frankfurt am Main\" href=\"http:\/\/de.wikipedia.org\/wiki\/Finanzplatz_Frankfurt_am_Main\">Finanzzentrum<\/a> und ein wichtiges Industrie-, Messe- und Dienstleistungszentrum. Es wird unter \u00f6konomischen Kriterien zu den <a title=\"Weltstadt\" href=\"http:\/\/de.wikipedia.org\/wiki\/Weltstadt#Ranglisten_und_Studien\">Weltst\u00e4dten<\/a> gez\u00e4hlt.<sup id=\"cite_ref-GaWC_2010_3-0\"><a href=\"http:\/\/de.wikipedia.org\/wiki\/Frankfurt_am_Main#cite_note-GaWC_2010-3\">[3]<\/a><\/sup> Frankfurt ist Sitz der <a title=\"Europ\u00e4ische Zentralbank\" href=\"http:\/\/de.wikipedia.org\/wiki\/Europ%C3%A4ische_Zentralbank\">Europ\u00e4ischen Zentralbank<\/a>, der <a title=\"Deutsche Bundesbank\" href=\"http:\/\/de.wikipedia.org\/wiki\/Deutsche_Bundesbank\">Deutschen Bundesbank<\/a>, der <a title=\"Frankfurter Wertpapierb\u00f6rse\" href=\"http:\/\/de.wikipedia.org\/wiki\/Frankfurter_Wertpapierb%C3%B6rse\">Frankfurter Wertpapierb\u00f6rse<\/a>, zahlreicher Finanzinstitute und der <a title=\"Messe Frankfurt\" href=\"http:\/\/de.wikipedia.org\/wiki\/Messe_Frankfurt\">Messe Frankfurt<\/a>.<\/p>\n<p><em>Franconofurd<\/em>,<sup id=\"cite_ref-5\"><a href=\"http:\/\/de.wikipedia.org\/wiki\/Frankfurt_am_Main#cite_note-5\">[5]<\/a><\/sup> auch <em>Francorum vadus<\/em><sup id=\"cite_ref-6\"><a href=\"http:\/\/de.wikipedia.org\/wiki\/Frankfurt_am_Main#cite_note-6\">[6]<\/a><\/sup> lautet der Name der Siedlung auf dem Domh\u00fcgel in den ersten urkundlichen Erw\u00e4hnungen 794 in <a title=\"Althochdeutsch\" href=\"http:\/\/de.wikipedia.org\/wiki\/Althochdeutsch\">althochdeutscher<\/a> und <a title=\"Latein\" href=\"http:\/\/de.wikipedia.org\/wiki\/Latein\">lateinischer<\/a> Sprache. Beides bedeutet <em>Furt der Franken<\/em>, eine Felsbarriere im Untergrund des <a title=\"Main\" href=\"http:\/\/de.wikipedia.org\/wiki\/Main\">Mains<\/a>, die es erm\u00f6glichte, an dieser wahrscheinlich etwas oberhalb der <a title=\"Alte Br\u00fccke (Frankfurt am Main)\" href=\"http:\/\/de.wikipedia.org\/wiki\/Alte_Br%C3%BCcke_%28Frankfurt_am_Main%29\">Alten Br\u00fccke<\/a> gelegenen Stelle den Fluss\u00a0\u2013 der damals viel breiter war als heute\u00a0\u2013 bei normalem Wasserstand gefahrlos zu \u00fcberqueren. Die <a title=\"Furt\" href=\"http:\/\/de.wikipedia.org\/wiki\/Furt\">Furt<\/a> hatte in der R\u00f6merzeit wohl noch keine strategische Bedeutung gehabt, da die von <a title=\"Mainz\" href=\"http:\/\/de.wikipedia.org\/wiki\/Mainz\">Mainz<\/a> aus in das Innere Germaniens f\u00fchrenden Stra\u00dfen den Domh\u00fcgel und die sumpfige Mainniederung umgingen.<\/p>\n<p>Nach dem Abzug der R\u00f6mer um das Jahr 260 war der Domh\u00fcgel von den <a title=\"Alamannen\" href=\"http:\/\/de.wikipedia.org\/wiki\/Alamannen\">Alamannen<\/a> \u00fcbernommen worden. Etwa um 530 l\u00f6sten die <a title=\"Franken (Volk)\" href=\"http:\/\/de.wikipedia.org\/wiki\/Franken_%28Volk%29\">Franken<\/a> die Alamannen in der Herrschaft \u00fcber das Untermaingebiet ab.  Wahrscheinlich nutzten die neuen Herrscher die Furt nun als wichtigen  Verkehrsweg, den ihre Handelspartner deshalb mit dem Namen <em>Frankenfurt<\/em> belegten.<sup id=\"cite_ref-7\"><a href=\"http:\/\/de.wikipedia.org\/wiki\/Frankfurt_am_Main#cite_note-7\">[7]<\/a><\/sup><\/p>\n<p>1014\u201317 schrieb der Chronist <a title=\"Thietmar von Merseburg\" href=\"http:\/\/de.wikipedia.org\/wiki\/Thietmar_von_Merseburg\">Thietmar von Merseburg<\/a> eine bis heute bekannte <a title=\"Legende\" href=\"http:\/\/de.wikipedia.org\/wiki\/Legende\">Legende<\/a> von der Gr\u00fcndung der Stadt durch <a title=\"Karl der Gro\u00dfe\" href=\"http:\/\/de.wikipedia.org\/wiki\/Karl_der_Gro%C3%9Fe\">Karl den Gro\u00dfen<\/a> nieder.<sup id=\"cite_ref-8\"><a href=\"http:\/\/de.wikipedia.org\/wiki\/Frankfurt_am_Main#cite_note-8\">[8]<\/a><\/sup> Er bringt sie in Verbindung mit den <a title=\"Sachsenkriege (Karl der Gro\u00dfe)\" href=\"http:\/\/de.wikipedia.org\/wiki\/Sachsenkriege_%28Karl_der_Gro%C3%9Fe%29\">Sachsenkriegen<\/a>:<\/p>\n<div class=\"thumb tright\">\n<div style=\"width: 222px;\" class=\"thumbinner\">\n<p><a href=\"http:\/\/commons.wikimedia.org\/wiki\/File:Die_Frankenfurt.jpg\" target=\"_blank\" class=\"image\"><img loading=\"lazy\" decoding=\"async\" class=\"thumbimage alignleft\" src=\"http:\/\/upload.wikimedia.org\/wikipedia\/commons\/thumb\/f\/ff\/Die_Frankenfurt.jpg\/220px-Die_Frankenfurt.jpg\" alt=\"\" width=\"480\" height=\"360\" \/><\/a><\/p>\n<div class=\"thumbcaption\">\n<div class=\"magnify\"><a title=\"vergr\u00f6\u00dfern und Informationen zum Bild anzeigen\" href=\"http:\/\/de.wikipedia.org\/wiki\/Datei:Die_Frankenfurt.jpg\" class=\"internal\"><img loading=\"lazy\" decoding=\"async\" src=\"http:\/\/bits.wikimedia.org\/static-1.22wmf3\/skins\/common\/images\/magnify-clip.png\" alt=\"\" width=\"15\" height=\"11\" \/><\/a><\/div>\n<p>Die Legende der Frankenfurt<\/p>\n<\/div>\n<\/div>\n<\/div>\n<blockquote><p>\u201eDie Herkunft dieses Ortsnamens soll dir nicht l\u00e4nger  unklar bleiben, lieber Leser. Deshalb will ich dir jetzt erz\u00e4hlen, was  ich von glaubw\u00fcrdigen M\u00e4nnern dar\u00fcber geh\u00f6rt habe. Unter der Regierung  Kaiser Karls des Gro\u00dfen, des Sohnes K\u00f6nig Pippins, kam es zwischen den  Seinen und unseren Vorfahren (den Sachsen) zum Kriege. In diesem Kampfe  wurden die Franken von den Unsrigen besiegt. Als sie nun, unkundig einer  Furt, \u00fcber den Main zur\u00fcck mu\u00dften, ging vor ihnen eine Hirschkuh  hin\u00fcber und zeigte ihnen so durch Gottes Erbarmen gleichsam den Weg. Ihr  folgten sie und erreichten frohen Mutes das rettende Ufer. Danach hei\u00dft  der Ort Frankfurt. Als sich der Kaiser auf diesem Feldzuge schon von  den Feinden \u00fcberwunden sah, wich er als erster zur\u00fcck und erkl\u00e4rte: \u201aEs  ist mir lieber, da\u00df die Leute mich schm\u00e4hen und sagen, ich sei von hier  geflohen, als ich sei hier gefallen. Denn so lange ich lebe, darf ich  hoffen, die mir angetane schwere Schmach zu r\u00e4chen.\u2018\u201c<\/p>\n<p><cite>\u2013 Thietmar von Merseburg: Chronicon VII, 75<\/cite><\/p><\/blockquote>\n<p>Tats\u00e4chlich f\u00fchrte Karl der Gro\u00dfe niemals in der Maingegend Krieg  gegen die Sachsen. Auch die Geschichte der Entstehung des Namens von <a title=\"Frankfurt-Sachsenhausen\" href=\"http:\/\/de.wikipedia.org\/wiki\/Frankfurt-Sachsenhausen\">Sachsenhausen<\/a>, als vermeintlicher Ort der Ansiedlung gefangener Sachsen durch den siegreichen Kaiser, ist eine <a title=\"Legende\" href=\"http:\/\/de.wikipedia.org\/wiki\/Legende\">Legende<\/a>.  Sie geht wahrscheinlich auf eine sagenhafte Vermischung mit der  geschichtlichen Tatsache zur\u00fcck, dass er kurz nach seiner Abreise 794  gegen aufst\u00e4ndische Sachsen in Norddeutschland ins Feld zog.<\/p>\n<p>Andere Legenden um den Namen und die Gr\u00fcndung Frankfurts sind heute  weniger bekannt. Sie dienten vor allem in der fr\u00fchen Neuzeit dazu, die  Bedeutung Frankfurts <a title=\"Mythos\" href=\"http:\/\/de.wikipedia.org\/wiki\/Mythos\">mythisch<\/a> zu \u00fcberh\u00f6hen. Der <a title=\"Humanismus\" href=\"http:\/\/de.wikipedia.org\/wiki\/Humanismus\">Humanist<\/a> <a title=\"Johannes Trithemius\" href=\"http:\/\/de.wikipedia.org\/wiki\/Johannes_Trithemius\">Johannes Trithemius<\/a> pr\u00e4gte im 15. Jahrhundert den Namen Helenopolis als Synonym f\u00fcr  Frankfurt, das bis ins 18. Jahrhundert gelegentlich von anderen  Humanisten genutzt wurde. Der Ursprung des Namens ist unklar. So soll  Helenopolis eine Gr\u00fcndung des <a title=\"Helenos (Sohn des Priamos)\" href=\"http:\/\/de.wikipedia.org\/wiki\/Helenos_%28Sohn_des_Priamos%29\">Helenos<\/a>, eines Sohnes des <a title=\"Priamos\" href=\"http:\/\/de.wikipedia.org\/wiki\/Priamos\">Priamos<\/a>, gewesen sein, der sich nach der Flucht aus <a title=\"Troja\" href=\"http:\/\/de.wikipedia.org\/wiki\/Troja\">Troja<\/a> hier niedergelassen habe. Frankfurt h\u00e4tte danach den gleichen mythischen Ursprung wie <a title=\"Rom\" href=\"http:\/\/de.wikipedia.org\/wiki\/Rom\">Rom<\/a>, dessen legend\u00e4re Gr\u00fcnder <a title=\"Romulus und Remus\" href=\"http:\/\/de.wikipedia.org\/wiki\/Romulus_und_Remus\">Romulus und Remus<\/a> Nachfahren geflohener Trojaner waren. Andere Autoren f\u00fchrten den Namen auf die Kaiserin <a title=\"Helena (Heilige)\" href=\"http:\/\/de.wikipedia.org\/wiki\/Helena_%28Heilige%29\">Helena<\/a>, die Mutter <a title=\"Konstantin der Gro\u00dfe\" href=\"http:\/\/de.wikipedia.org\/wiki\/Konstantin_der_Gro%C3%9Fe\">Konstantins des Gro\u00dfen<\/a>, zur\u00fcck.<\/p>\n<p>Trithemius\u2019 Mythos bietet auch eine Erkl\u00e4rung f\u00fcr den Namen  Frankfurts an: Demnach soll um das Jahr 130 nach Christus ein gewisser <em>Francus<\/em>, ein Herzog der <em>Hogier<\/em>, die alte Stadt Helenopolis wiederhergestellt und nach seinem Namen <em>Franckenfurt<\/em> genannt haben.<sup id=\"cite_ref-9\"><a href=\"http:\/\/de.wikipedia.org\/wiki\/Frankfurt_am_Main#cite_note-9\">[9]<\/a><\/sup><\/p>\n<p>Die urspr\u00fcngliche Namensform <em>Franconofurd<\/em> entwickelte sich im Mittelalter zu <em>Frankenfort<\/em> oder <em>Frankinfort<\/em>, in der Neuzeit zu <em>Franckfort<\/em> und <em>Franckfurth<\/em> weiter. Sp\u00e4testens seit Anfang des 19. Jahrhunderts hat sich die Schreibweise <em>Frankfurt<\/em> gefestigt. Der Namenszusatz <em>am Main<\/em> findet sich bereits in den \u00e4ltesten Urkunden, seit dem 14. Jahrhundert regelm\u00e4\u00dfig.<sup id=\"cite_ref-10\"><a href=\"http:\/\/de.wikipedia.org\/wiki\/Frankfurt_am_Main#cite_note-10\">[10]<\/a><\/sup> Umgangssprachlich wird der amtliche Name fast immer zu <em>Frankfurt<\/em> verk\u00fcrzt, solange keine Verwechslungsgefahr insbesondere mit <a title=\"Frankfurt (Oder)\" href=\"http:\/\/de.wikipedia.org\/wiki\/Frankfurt_%28Oder%29\">Frankfurt (Oder)<\/a> besteht. Auch Namensformen wie <em>Frankfurt\/Main<\/em> oder <em>Frankfurt a. M.<\/em> finden sich h\u00e4ufig, im Eisenbahnverkehr ist <em>Frankfurt (Main)<\/em> \u00fcblich. Weithin sind auch die Abk\u00fcrzungen <em>Ffm<\/em> oder <em>FFM<\/em> in Gebrauch.<\/p>\n<p><span><\/span><br \/>\n<span><\/span><\/p>\n<h5 style=\"text-align: left;\"><span style=\"color: #000000;\">Zur <\/span><a href=\"https:\/\/www.igbce-blogs.de\/aufgeweckte-alte\/?page_id=3623\">\u00dcbersicht 2013<\/a><\/h5>\n<h5 style=\"text-align: left;\"><span style=\"color: #000000;\"><span style=\"color: #000000;\">Zur<\/span> <\/span><a href=\"https:\/\/www.igbce-blogs.de\/aufgeweckte-alte\/?page_id=130\">Startseite<\/a><\/h5>\nRelated Images:","protected":false},"excerpt":{"rendered":"<p>Ein Stadtrundgang, nicht nur f\u00fcr Neufrankfurter von Bj\u00f6rn Wissenbach mit den &#8222;Aufgeweckten Alten&#8220; am 13. M\u00e4rz 2013 LINK: Unsere Eindr\u00fccke mit den sch\u00f6nsten Fotos dazu! Der Stadtrundgang durch die Innenstadt Frankfurts, beleuchtete an den verbliebenen, historischen Geb\u00e4uden die gro\u00dfen, geschichtlichen Wirkungslinien der Kommune im Wegekreuz, dem politischen Frankfurt als Wahl \u2013 und Kr\u00f6nungsort der Deutsch-R\u00f6mischen [&hellip;]<\/p>\n","protected":false},"author":3,"featured_media":0,"parent":3623,"menu_order":1,"comment_status":"open","ping_status":"open","template":"tagcloud.php","meta":{"ngg_post_thumbnail":0,"footnotes":""},"class_list":["post-3815","page","type-page","status-publish","hentry"],"_links":{"self":[{"href":"https:\/\/www.igbce-blogs.de\/aufgeweckte-alte\/index.php?rest_route=\/wp\/v2\/pages\/3815","targetHints":{"allow":["GET"]}}],"collection":[{"href":"https:\/\/www.igbce-blogs.de\/aufgeweckte-alte\/index.php?rest_route=\/wp\/v2\/pages"}],"about":[{"href":"https:\/\/www.igbce-blogs.de\/aufgeweckte-alte\/index.php?rest_route=\/wp\/v2\/types\/page"}],"author":[{"embeddable":true,"href":"https:\/\/www.igbce-blogs.de\/aufgeweckte-alte\/index.php?rest_route=\/wp\/v2\/users\/3"}],"replies":[{"embeddable":true,"href":"https:\/\/www.igbce-blogs.de\/aufgeweckte-alte\/index.php?rest_route=%2Fwp%2Fv2%2Fcomments&post=3815"}],"version-history":[{"count":84,"href":"https:\/\/www.igbce-blogs.de\/aufgeweckte-alte\/index.php?rest_route=\/wp\/v2\/pages\/3815\/revisions"}],"predecessor-version":[{"id":4408,"href":"https:\/\/www.igbce-blogs.de\/aufgeweckte-alte\/index.php?rest_route=\/wp\/v2\/pages\/3815\/revisions\/4408"}],"up":[{"embeddable":true,"href":"https:\/\/www.igbce-blogs.de\/aufgeweckte-alte\/index.php?rest_route=\/wp\/v2\/pages\/3623"}],"wp:attachment":[{"href":"https:\/\/www.igbce-blogs.de\/aufgeweckte-alte\/index.php?rest_route=%2Fwp%2Fv2%2Fmedia&parent=3815"}],"curies":[{"name":"wp","href":"https:\/\/api.w.org\/{rel}","templated":true}]}}