{"id":3623,"date":"2013-01-07T18:10:45","date_gmt":"2013-01-07T16:10:45","guid":{"rendered":"http:\/\/www.igbce-blogs.de\/aufgeweckte-alte\/?page_id=3623"},"modified":"2026-03-27T12:54:00","modified_gmt":"2026-03-27T10:54:00","slug":"2013-das-haben-wir-vor","status":"publish","type":"page","link":"https:\/\/www.igbce-blogs.de\/aufgeweckte-alte\/?page_id=3623","title":{"rendered":"2013 \u2013 Das hatten wir in diesem Jahr!"},"content":{"rendered":"<h2 style=\"text-align: left;\"><span style=\"color: #ff0000;\">Jahresplan 2013 &#8211; Aktivit\u00e4ten &#8211; Veranstaltungen<br \/>\n<\/span>&nbsp;ngg_shortcode_0_placeholder<\/h2>\n<h3 style=\"padding-left: 60px; text-align: left;\"><span style=\"color: #000000;\"><span style=\"color: #0000ff;\">Januar 2013:<br \/>\n<\/span><\/span><span style=\"color: #000000;\">Kreppelkaffee am Di. den 29.01.2013<br \/>\n<a href=\"https:\/\/www.igbce-blogs.de\/aufgeweckte-alte\/?page_id=3655\">Unser Kreppel-Kaffee im Januar<\/a><br \/>\n<\/span><\/h3>\n<p style=\"text-align: left;\">&nbsp;<\/p>\n<h3 style=\"padding-left: 60px; text-align: left;\"><span style=\"color: #000000;\"><span style=\"color: #0000ff;\">Febr.\/M\u00e4rz 2013:<br \/>\n<\/span><\/span><a href=\"https:\/\/www.igbce-blogs.de\/aufgeweckte-alte\/?page_id=3815\"><span style=\"color: #000000;\"><span style=\"color: #ff0000;\">Alt-Frankfurt und der R\u00f6mer am 13. M\u00e4rz<\/span><\/span><\/a><br \/>\n<span style=\"color: #000000;\">eine F\u00fchrung durch unsere sch\u00f6ne Stadt!<\/span><\/h3>\n<p style=\"text-align: left;\">&nbsp;<\/p>\n<h3 style=\"padding-left: 60px; text-align: left;\"><span style=\"color: #000000;\"><span style=\"color: #0000ff;\">April 2013:<br \/>\n<a href=\"https:\/\/www.igbce-blogs.de\/aufgeweckte-alte\/?page_id=3909\">Wetterpark &amp; Ledermuseum 2013<\/a><br \/>\n<\/span>Wetterpark Offenbach am 18. April<\/span><\/h3>\n<p style=\"text-align: left;\">&nbsp;<\/p>\n<h3 style=\"padding-left: 60px; text-align: left;\"><span style=\"color: #000000;\"><span style=\"color: #0000ff;\">Mai 2013:<br \/>\n<a href=\"https:\/\/www.igbce-blogs.de\/aufgeweckte-alte\/?page_id=4073\">HENKELL &amp; Biebricher Schlo\u00df 2013<\/a><br \/>\n<\/span><\/span><span style=\"color: #000000;\">F\u00fchrung durch Henkell \u2013 Wiesbaden<br \/>\nund das <\/span><span style=\"color: #000000;\">Biebricher Schlo\u00df am 18. Mai<\/span><\/h3>\n<p style=\"text-align: left;\">&nbsp;<\/p>\n<h3 style=\"padding-left: 60px; text-align: left;\"><span style=\"color: #000000;\"><span style=\"color: #0000ff;\">Juni\/Juli 2013:<\/span> Am 3. Juli zum<br \/>\n<\/span><span style=\"color: #000000;\">Bismarckturm Ingelheim mit Tigergarten<br \/>\n<\/span><span style=\"color: #000000;\">und nach Bingen zur Rochuskapelle<br \/>\n<a href=\"https:\/\/www.igbce-blogs.de\/aufgeweckte-alte\/?page_id=4164\">Ingelheim-Tigergarten &amp; Rochuskapelle<\/a><br \/>\n<\/span><\/h3>\n<p style=\"text-align: left;\">&nbsp;<\/p>\n<h3 style=\"padding-left: 60px; text-align: left;\"><span style=\"color: #000000;\"><span style=\"color: #0000ff;\">September 2013:<\/span> Am 11. September<br \/>\nFulda &#8211; Stadtf\u00fchrung, Schlo\u00df und Extras<br \/>\n<a href=\"https:\/\/www.igbce-blogs.de\/aufgeweckte-alte\/?page_id=4232\">Die Stadt Fulda &amp; Schlo\u00df Fasanerie 2013<\/a><br \/>\n<\/span><\/h3>\n<p style=\"text-align: left;\">&nbsp;<\/p>\n<h3 style=\"padding-left: 60px; text-align: left;\"><span style=\"color: #000000;\"><span style=\"color: #0000ff;\">Oktober 2013:<\/span> Am 16. Oktober<br \/>\nExperiminta &amp; Sehenswertes Westend<br \/>\n<a href=\"https:\/\/www.igbce-blogs.de\/aufgeweckte-alte\/?page_id=4511\">EXPERIMINTA &amp; Botan. Garten 2013<\/a><br \/>\n<\/span><\/h3>\n<p style=\"text-align: left;\">&nbsp;<\/p>\n<h3 style=\"padding-left: 60px; text-align: left;\"><span style=\"color: #000000;\"><span style=\"color: #0000ff;\">November 2013:<\/span> Am 19. November<br \/>\n<\/span><span style=\"color: #000000;\">Unser Adventskaffee zum Jahresende<br \/>\n<\/span><\/h3>\n<p>&nbsp;<\/p>\n<h3><span style=\"color: #000000;\">PROGRAMM &#8211; \u00c4nderung vorbehalten !!!<\/span><\/h3>\n<h3 style=\"padding-left: 60px; text-align: left;\">&nbsp;<\/h3>\n<h3 style=\"text-align: left;\"><span style=\"color: #000000;\">Zur <\/span><a href=\"https:\/\/www.igbce-blogs.de\/aufgeweckte-alte\/?page_id=2112\">\u00dcbersicht 2012<\/a><\/h3>\n<h3 style=\"text-align: left;\"><span style=\"color: #000000;\"><span style=\"color: #000000;\">Zur<\/span> <\/span><a href=\"https:\/\/www.igbce-blogs.de\/aufgeweckte-alte\/?page_id=130\">Startseite<\/a><\/h3>\nRelated Images:","protected":false},"excerpt":{"rendered":"<p>Jahresplan 2013 &#8211; Aktivit\u00e4ten &#8211; Veranstaltungen &nbsp; Januar 2013: Kreppelkaffee am Di. den 29.01.2013 Unser Kreppel-Kaffee im Januar &nbsp; Febr.\/M\u00e4rz 2013: Alt-Frankfurt und der R\u00f6mer am 13. M\u00e4rz eine F\u00fchrung durch unsere sch\u00f6ne Stadt! &nbsp; April 2013: Wetterpark &amp; Ledermuseum 2013 Wetterpark Offenbach am 18. April &nbsp; Mai 2013: HENKELL &amp; Biebricher Schlo\u00df 2013 F\u00fchrung [&hellip;]<\/p>\n","protected":false},"author":3,"featured_media":0,"parent":0,"menu_order":9991,"comment_status":"open","ping_status":"closed","template":"tagcloud.php","meta":{"ngg_post_thumbnail":0,"footnotes":""},"class_list":["post-3623","page","type-page","status-publish","hentry"],"_links":{"self":[{"href":"https:\/\/www.igbce-blogs.de\/aufgeweckte-alte\/index.php?rest_route=\/wp\/v2\/pages\/3623","targetHints":{"allow":["GET"]}}],"collection":[{"href":"https:\/\/www.igbce-blogs.de\/aufgeweckte-alte\/index.php?rest_route=\/wp\/v2\/pages"}],"about":[{"href":"https:\/\/www.igbce-blogs.de\/aufgeweckte-alte\/index.php?rest_route=\/wp\/v2\/types\/page"}],"author":[{"embeddable":true,"href":"https:\/\/www.igbce-blogs.de\/aufgeweckte-alte\/index.php?rest_route=\/wp\/v2\/users\/3"}],"replies":[{"embeddable":true,"href":"https:\/\/www.igbce-blogs.de\/aufgeweckte-alte\/index.php?rest_route=%2Fwp%2Fv2%2Fcomments&post=3623"}],"version-history":[{"count":30,"href":"https:\/\/www.igbce-blogs.de\/aufgeweckte-alte\/index.php?rest_route=\/wp\/v2\/pages\/3623\/revisions"}],"predecessor-version":[{"id":22193,"href":"https:\/\/www.igbce-blogs.de\/aufgeweckte-alte\/index.php?rest_route=\/wp\/v2\/pages\/3623\/revisions\/22193"}],"wp:attachment":[{"href":"https:\/\/www.igbce-blogs.de\/aufgeweckte-alte\/index.php?rest_route=%2Fwp%2Fv2%2Fmedia&parent=3623"}],"curies":[{"name":"wp","href":"https:\/\/api.w.org\/{rel}","templated":true}]}}