{"id":3448,"date":"2012-12-19T17:38:41","date_gmt":"2012-12-19T16:38:41","guid":{"rendered":"http:\/\/www.igbce-blogs.de\/aufgeweckte-alte\/?page_id=3448"},"modified":"2018-11-15T17:40:06","modified_gmt":"2018-11-15T15:40:06","slug":"unser-adventskaffee-2012","status":"publish","type":"page","link":"https:\/\/www.igbce-blogs.de\/aufgeweckte-alte\/?page_id=3448","title":{"rendered":"Unser ADVENTSKAFFEE 2012"},"content":{"rendered":"<h3><span style=\"color: #800000;\">Einladung zum ADVENTSKAFFEE 2012 in H\u00f6chst!<\/span><\/h3>\n<p>ngg_shortcode_0_placeholder AUFGEWECKTE ALTE &#8211; WEIHNACHT2012<\/p>\n<h5>&nbsp;<span style=\"color: #000000;\">Liebe aktive \u201eAufgeweckte Alte\u201c, Kolleginnen und Kollegen,<br \/>\ndieses Jahr neigt sich auch schon wieder dem Ende entgegen.<\/span><\/h5>\n<p>&nbsp;<\/p>\n<h5><span style=\"color: #000000;\">Nun sind wir schon \u00fcber drei Jahre im Kreis, der \u201eAufgeweckten Alten\u201c<br \/>\nzusammen, haben uns kennengelernt und neue Kontakte gekn\u00fcpft.<br \/>\nMit unseren Partnern und Freunden sch\u00f6ne gemeinsame Stunden<br \/>\nverbracht und einige Erkenntnisse gewonnen.<\/span><\/h5>\n<p>&nbsp;<\/p>\n<h5><span style=\"color: #000000;\">Die Extras des aktuellen Jahres 2012 waren nach einigen<br \/>\nnotwendigen \u00c4nderungen, der Hess. Rundfunk, der Hauptfriedhof,<br \/>\nFlughafen Frankfurt im April &amp; Juli, Seligenstadt mit dem Schiff,<br \/>\nder Hess. Landtag, unsere Odenwaldfahrt und Kelterei Possmann<br \/>\nmit dem Ebbelwei-Express. Es waren wirklich wundersch\u00f6ne<br \/>\nTage mit vielen neuem Erfahrungen!<\/span><\/h5>\n<p>&nbsp;<\/p>\n<h5><span style=\"color: #000000;\">Nun wollen wir das Jahr unserer Aktivit\u00e4ten mit dem Adventskaffee<br \/>\nabschlie\u00dfen. Geplant ist au\u00dferdem auch ein Vortrag: Wie sch\u00fctze<br \/>\nich mich vor Stra\u00dfenkriminalit\u00e4t?<\/span><\/h5>\n<p>&nbsp;<\/p>\n<h5><span style=\"color: #000000;\">TERMIN ist Dienstag der 20. November 2012 &#8211; 14:00 Uhr<br \/>\nKath. Pfarrheim St. Josef, im Gemeindezentrum H\u00f6chst,<br \/>\nin der Schleifergasse 2, 65929 Frankfurt.<\/span><\/h5>\n<p>&nbsp;<\/p>\n<h5><span style=\"color: #000000;\">Wir bereiten Kaffee, Stollen und Geb\u00e4ck mit etwas vorweihnachtlicher<br \/>\nStimmung vor und freuen uns auf einen regen Austausch<br \/>\nzum gemeinsamen Erleben im Jahr 2012.<\/span><\/h5>\n<p>&nbsp;<\/p>\n<h5><span style=\"color: #000000;\">Bitte sendet Eure Teilnahme bis Freitag, den 8. Novemver 2012 zur\u00fcck,<br \/>\ndamit wir diesen, unseren Nachmittag entsprechend vorbereiten k\u00f6nnen.<\/span><\/h5>\n<p>&nbsp;<\/p>\n<h5><span style=\"color: #000000;\">Wir freuen uns auf Euch in gem\u00fctlicher Runde<br \/>\ndie &#8222;Aufgeweckten Alten&#8220;.<\/span><\/h5>\n<h4><a href=\"http:\/\/www.igbce-blogs.de:80\/aufgeweckte-alte\/wp-content\/uploads\/\/2012\/12\/POLIZEI-Vortrag-von-190_Rudolph-zum-ADVENTSKAFFEE-@20-11-2012-H\u00f6chst.pdf\"> <span style=\"color: #000080;\"><span style=\"color: #000080;\">Vortrag: <\/span><span style=\"color: #ff0000;\">Wie sch\u00fctze ich mich vor Stra\u00dfenkriminalit\u00e4t? <\/span><\/span><\/a><\/h4>\n<p>&nbsp;<\/p>\n<h5 style=\"text-align: left;\"><span style=\"color: #000000;\">Zur <\/span><a href=\"https:\/\/www.igbce-blogs.de\/aufgeweckte-alte\/?page_id=2112\">\u00dcbersicht 2012<\/a><\/h5>\n<h5 style=\"text-align: left;\"><span style=\"color: #000000;\"><span style=\"color: #000000;\">Zur<\/span> <\/span><a href=\"https:\/\/www.igbce-blogs.de\/aufgeweckte-alte\/?page_id=130\">Startseite<\/a><\/h5>\nRelated Images:","protected":false},"excerpt":{"rendered":"<p>Einladung zum ADVENTSKAFFEE 2012 in H\u00f6chst! AUFGEWECKTE ALTE &#8211; WEIHNACHT2012 &nbsp;Liebe aktive \u201eAufgeweckte Alte\u201c, Kolleginnen und Kollegen, dieses Jahr neigt sich auch schon wieder dem Ende entgegen. &nbsp; Nun sind wir schon \u00fcber drei Jahre im Kreis, der \u201eAufgeweckten Alten\u201c zusammen, haben uns kennengelernt und neue Kontakte gekn\u00fcpft. Mit unseren Partnern und Freunden sch\u00f6ne gemeinsame [&hellip;]<\/p>\n","protected":false},"author":3,"featured_media":0,"parent":2112,"menu_order":9,"comment_status":"open","ping_status":"closed","template":"tagcloud.php","meta":{"ngg_post_thumbnail":0,"footnotes":""},"class_list":["post-3448","page","type-page","status-publish","hentry"],"_links":{"self":[{"href":"https:\/\/www.igbce-blogs.de\/aufgeweckte-alte\/index.php?rest_route=\/wp\/v2\/pages\/3448","targetHints":{"allow":["GET"]}}],"collection":[{"href":"https:\/\/www.igbce-blogs.de\/aufgeweckte-alte\/index.php?rest_route=\/wp\/v2\/pages"}],"about":[{"href":"https:\/\/www.igbce-blogs.de\/aufgeweckte-alte\/index.php?rest_route=\/wp\/v2\/types\/page"}],"author":[{"embeddable":true,"href":"https:\/\/www.igbce-blogs.de\/aufgeweckte-alte\/index.php?rest_route=\/wp\/v2\/users\/3"}],"replies":[{"embeddable":true,"href":"https:\/\/www.igbce-blogs.de\/aufgeweckte-alte\/index.php?rest_route=%2Fwp%2Fv2%2Fcomments&post=3448"}],"version-history":[{"count":33,"href":"https:\/\/www.igbce-blogs.de\/aufgeweckte-alte\/index.php?rest_route=\/wp\/v2\/pages\/3448\/revisions"}],"predecessor-version":[{"id":10948,"href":"https:\/\/www.igbce-blogs.de\/aufgeweckte-alte\/index.php?rest_route=\/wp\/v2\/pages\/3448\/revisions\/10948"}],"up":[{"embeddable":true,"href":"https:\/\/www.igbce-blogs.de\/aufgeweckte-alte\/index.php?rest_route=\/wp\/v2\/pages\/2112"}],"wp:attachment":[{"href":"https:\/\/www.igbce-blogs.de\/aufgeweckte-alte\/index.php?rest_route=%2Fwp%2Fv2%2Fmedia&parent=3448"}],"curies":[{"name":"wp","href":"https:\/\/api.w.org\/{rel}","templated":true}]}}