{"id":2112,"date":"2012-01-02T14:44:54","date_gmt":"2012-01-02T13:44:54","guid":{"rendered":"http:\/\/www.igbce-blogs.de\/aufgeweckte-alte\/?page_id=2112"},"modified":"2026-03-27T12:55:18","modified_gmt":"2026-03-27T10:55:18","slug":"unser-programm-2012","status":"publish","type":"page","link":"https:\/\/www.igbce-blogs.de\/aufgeweckte-alte\/?page_id=2112","title":{"rendered":"2012 &#8211; Das war unser Programm !"},"content":{"rendered":"<h3 style=\"text-align: left;\"><a href=\"http:\/\/www.igbce-blogs.de:80\/aufgeweckte-alte\/wp-content\/uploads\/\/2012\/01\/2011-11-24_Einladungen-zum-JAHRESPROGRAMM-2012.pdf\" target=\"_blank\" rel=\"noopener\">UNSER PROGRAMM 2012<\/a> <span style=\"color: #333399;\">PDF: Zum Herunterladen<\/span><\/h3>\n<h3><a href=\"http:\/\/www.igbce-blogs.de:80\/aufgeweckte-alte\/wp-content\/uploads\/\/2012\/01\/2011-11-24_Einladungen-zum-JAHRESPROGRAMM-2012.pdf\" target=\"_blank\" rel=\"noopener\">ngg_shortcode_0_placeholder<\/a><\/h3>\n<h3><span style=\"color: #000000;\">Jahresplan 2012 &#8211; Aktivit\u00e4ten und Veranstaltungen<br \/>\n<span style=\"color: #ff0000;\">PROGRAMM-\u00c4nderung f\u00fcr das zweite Halbjahr !!!<br \/>\n<\/span><\/span><\/h3>\n<p>&nbsp;<\/p>\n<ol>\n<li>\n<h4><span style=\"color: #000000;\"><span style=\"color: #0000ff;\">JANUAR 2012<\/span> am 17. Jan und 01.\/06.\/12. M\u00e4rz ab 17:15 Uhr<br \/>\n<a href=\"https:\/\/www.igbce-blogs.de\/aufgeweckte-alte\/?page_id=2362\">Besuch des&nbsp; Hessichen Rundfunks in Frankfurt<\/a><\/span><\/h4>\n<p>&nbsp;<\/li>\n<li>\n<h4>&nbsp;<span style=\"color: #000000;\"><span style=\"color: #0000ff;\">FEBRUAR 2012<\/span> am 07. des Monats ab 13:30 Uhr<br \/>\n<a href=\"https:\/\/www.igbce-blogs.de\/aufgeweckte-alte\/?page_id=2291\">Kreppel-Kaffee <span style=\"color: #000000;\">im<\/span><\/a> Gemeindezentrum St. Joseph in H\u00f6chst.<\/span><\/h4>\n<p>&nbsp;<\/li>\n<li>\n<h4>&nbsp;<span style=\"color: #000000;\"><span style=\"color: #0000ff;\">M\u00c4RZ 2012<\/span> am 27. M\u00e4rz, F\u00fchrung ab 14:00 Uhr<br \/>\n<a href=\"https:\/\/www.igbce-blogs.de\/aufgeweckte-alte\/?page_id=2486\">Besuch des Hauptfriedhofs in Frankfurt\/Main<\/a><\/span>&nbsp;<\/h4>\n<p>&nbsp;<\/li>\n<li>\n<h4>&nbsp;<span style=\"color: #000000;\"><span style=\"color: #0000ff;\">APRIL 2012<\/span> am 26. April, F\u00fchrung um 16 Uhr,<br \/>\nVortrag und Rundfahrt Flughafen &#8211; Frankfurt<br \/>\n<a href=\"https:\/\/www.igbce-blogs.de\/aufgeweckte-alte\/?page_id=2792\">Flughafen\u2013Besuch im April 2012<\/a><\/span><\/h4>\n<p>&nbsp;<\/li>\n<li>\n<h4>&nbsp;<span style=\"color: #000000;\"><span style=\"color: #0000ff;\">MAI 2012 (<span style=\"color: #ff0000;\">ge\u00e4ndert<\/span>)!<span style=\"color: #000000;\"> Am<\/span><\/span><\/span><span style=\"color: #000000;\"> 22. Mai, Abfahrt 9:30 Uhr<br \/>\nTreffpunkt 9:00 Uhr am &#8222;Eisernen Steg&#8220; Frankfurt<br \/>\n<\/span><span style=\"color: #000000;\"><a href=\"https:\/\/www.igbce-blogs.de\/aufgeweckte-alte\/?page_id=2896\">Mit dem Schiff-Seligenstadt am Main!<\/a>&nbsp;<\/span><\/h4>\n<p>&nbsp;<\/li>\n<li>\n<h4><span style=\"color: #000000;\"><span style=\"color: #0000ff;\">JUNI 2012 <\/span><\/span><span style=\"color: #0000ff;\">(<span style=\"color: #ff0000;\">ge\u00e4ndert<\/span>)!&nbsp;<a href=\"https:\/\/www.igbce-blogs.de\/aufgeweckte-alte\/?page_id=3019\">Zum Hess. Landtag im Juni 2012<\/a><\/span><br \/>\n<span style=\"color: #000000;\">Am 28. Juni, ab 9:00 Uhr F\u00fchrung <\/span><span style=\"color: #000000;\">Hess. LANDTAG<\/span><span style=\"color: #000000;\"> in<br \/>\nWiesbaden, danach ins Wispertal zur Laukenm\u00fchle und<br \/>\nweiter zum Niederwald-Denkmal durch<br \/>\ndie Weinberge nach R\u00fcdesheim.<\/span><\/h4>\n<p>&nbsp;<\/li>\n<li>\n<h4><span style=\"color: #0000ff;\">SEPTEMBER 2012 (<span style=\"color: #ff0000;\">ge\u00e4ndert<\/span>)!<br \/>\n<a href=\"https:\/\/www.igbce-blogs.de\/aufgeweckte-alte\/?page_id=3190\">ODENWALDFAHRT im Sept 2012<\/a><br \/>\n<\/span><span style=\"color: #000000;\">Am 20. September Busfahrt<\/span> <span style=\"color: #000000;\">zur<br \/>\nTropfsteinh\u00f6hle-Eberstadt, Essen in Buchen und<br \/>\n\u00fcber <\/span><span style=\"color: #000000;\">Kloster Engelberg zum Schlo\u00df Mespelbrunn.<\/span><\/h4>\n<p>&nbsp;<\/li>\n<li>\n<h4><span style=\"color: #000000;\"><span style=\"color: #0000ff;\">OKTOBER 2012 (<\/span><\/span><span style=\"color: #0000ff;\"><span style=\"color: #ff0000;\">ge\u00e4ndert<\/span><\/span><span style=\"color: #0000ff;\"><span style=\"color: #0000ff;\">)!<\/span> <span style=\"color: #000000;\">Am 4. Oktober Besichtigung<br \/>\nder KELTEREI POSSMANN in Frankfurt und einer Fahrt<br \/>\nmit dem Ebbelwei-Express durch unsere sch\u00f6ne Stadt!<br \/>\n<a href=\"https:\/\/www.igbce-blogs.de\/aufgeweckte-alte\/?page_id=3441\">POSSMANN &amp; Ebbelwei-Express<\/a><\/span><\/span><\/h4>\n<p>&nbsp;<\/li>\n<li>\n<h4><span style=\"color: #000000;\"><span style=\"color: #000000;\"> <span style=\"color: #0000ff;\">ADVENTSKAFFE<\/span> Am 20. November, ab 14:00 Uhr<br \/>\n(mit POLIZEI) Wie sch\u00fctze ich mich vor Stra\u00dfenkriminalit\u00e4t? <\/span><br \/>\n<a href=\"https:\/\/www.igbce-blogs.de\/aufgeweckte-alte\/?page_id=3448\">Unser ADVENTSKAFFEE 2012<\/a><br \/>\n<\/span><\/h4>\n<\/li>\n<\/ol>\n<address>&nbsp;<\/address>\n<address>&nbsp;<span style=\"color: #000000;\"><em>Sollten noch Vorschl\u00e4ge bei uns eintreffen, werden wir uns gerne bem\u00fchen,<br \/>\ndiese nach Pr\u00fcfung in unseren Jahresplan einzubauen. Bitte teilt uns mit,<br \/>\nan welchen Veranstaltungen Ihr gerne teilnehmen wollt!<\/em><\/span><\/address>\n<address>&nbsp;<\/address>\n<h3><strong><span style=\"color: #000000;\">Zur<\/span> <a href=\"https:\/\/www.igbce-blogs.de\/aufgeweckte-alte\/?page_id=117\">\u00dcbersicht 2011<\/a><\/strong><\/h3>\n<h3 style=\"text-align: left;\"><strong><span style=\"color: #000000;\">Zur <\/span><\/strong><a href=\"https:\/\/www.igbce-blogs.de\/aufgeweckte-alte\/?page_id=130\"><strong>Startseite<\/strong><\/a><\/h3>\n<div id=\"_mcePaste\" style=\"left: -10000px; top: 0px; width: 1px; height: 1px; overflow: hidden; position: absolute;\">\n<h4><span style=\"color: #0000ff;\">(<span style=\"color: #ff0000;\">g\u00e4ndert<\/span>)!<\/span><\/h4>\n<\/div>\nRelated Images:","protected":false},"excerpt":{"rendered":"<p>UNSER PROGRAMM 2012 PDF: Zum Herunterladen Jahresplan 2012 &#8211; Aktivit\u00e4ten und Veranstaltungen PROGRAMM-\u00c4nderung f\u00fcr das zweite Halbjahr !!! &nbsp; JANUAR 2012 am 17. Jan und 01.\/06.\/12. M\u00e4rz ab 17:15 Uhr Besuch des&nbsp; Hessichen Rundfunks in Frankfurt &nbsp; &nbsp;FEBRUAR 2012 am 07. des Monats ab 13:30 Uhr Kreppel-Kaffee im Gemeindezentrum St. Joseph in H\u00f6chst. &nbsp; &nbsp;M\u00c4RZ [&hellip;]<\/p>\n","protected":false},"author":3,"featured_media":0,"parent":0,"menu_order":9992,"comment_status":"open","ping_status":"closed","template":"tagcloud.php","meta":{"ngg_post_thumbnail":0,"footnotes":""},"class_list":["post-2112","page","type-page","status-publish","hentry"],"_links":{"self":[{"href":"https:\/\/www.igbce-blogs.de\/aufgeweckte-alte\/index.php?rest_route=\/wp\/v2\/pages\/2112","targetHints":{"allow":["GET"]}}],"collection":[{"href":"https:\/\/www.igbce-blogs.de\/aufgeweckte-alte\/index.php?rest_route=\/wp\/v2\/pages"}],"about":[{"href":"https:\/\/www.igbce-blogs.de\/aufgeweckte-alte\/index.php?rest_route=\/wp\/v2\/types\/page"}],"author":[{"embeddable":true,"href":"https:\/\/www.igbce-blogs.de\/aufgeweckte-alte\/index.php?rest_route=\/wp\/v2\/users\/3"}],"replies":[{"embeddable":true,"href":"https:\/\/www.igbce-blogs.de\/aufgeweckte-alte\/index.php?rest_route=%2Fwp%2Fv2%2Fcomments&post=2112"}],"version-history":[{"count":30,"href":"https:\/\/www.igbce-blogs.de\/aufgeweckte-alte\/index.php?rest_route=\/wp\/v2\/pages\/2112\/revisions"}],"predecessor-version":[{"id":22196,"href":"https:\/\/www.igbce-blogs.de\/aufgeweckte-alte\/index.php?rest_route=\/wp\/v2\/pages\/2112\/revisions\/22196"}],"wp:attachment":[{"href":"https:\/\/www.igbce-blogs.de\/aufgeweckte-alte\/index.php?rest_route=%2Fwp%2Fv2%2Fmedia&parent=2112"}],"curies":[{"name":"wp","href":"https:\/\/api.w.org\/{rel}","templated":true}]}}