{"id":1725,"date":"2011-10-11T13:26:23","date_gmt":"2011-10-11T12:26:23","guid":{"rendered":"http:\/\/www.igbce-blogs.de\/aufgeweckte-alte\/?page_id=1725"},"modified":"2021-04-19T18:15:32","modified_gmt":"2021-04-19T16:15:32","slug":"das-war-oppenheim-2011","status":"publish","type":"page","link":"https:\/\/www.igbce-blogs.de\/aufgeweckte-alte\/?page_id=1725","title":{"rendered":"Das war die Stadt Oppenheim !"},"content":{"rendered":"<h2><span style=\"color: #000000;\"><em><strong>Was uns in der historischen Weinstadt<br \/>\nOppenheim ganz besonders gefallen hat!<\/strong><\/em><\/span><\/h2>\n<h4><span style=\"color: #000000;\"><em>LINK: <a title=\"Begr\u00fc\u00dfung am Bf-H\u00f6chst zur Fahrt nach Oppenheim! \" href=\"http:\/\/www.igbce-blogs.de:80\/aufgeweckte-alte\/wp-content\/uploads\/\/2011\/09\/1-Einf\u00fchrung-Oppenheim-am-Bf-H\u00f6chst.pdf\" target=\"_blank\" rel=\"noopener\">Begr\u00fc\u00dfung am Bf-H\u00f6chst zur Fahrt nach Oppenheim! <\/a><\/em><\/span><\/h4>\n<h4><span style=\"color: #000000;\"><em>Denn die Stadt Oppenheim ist reich an Sehensw\u00fcrdigkeiten.<\/em><\/span><\/h4>\n<div><span style=\"color: #000000;\"><em><strong>Nach einigen Anlaufschwierigkeiten, sind wir, der &#8222;DB Bahn&#8220; sei dank,<br \/>\nmit einer Stunde Versp\u00e4tung, tats\u00e4chlich auch noch dort angekommen.<\/strong><\/em><\/span><\/div>\n<div>&nbsp;<\/div>\n<div><span style=\"color: #000000;\"><span style=\"color: #000000;\"><em><strong>Unser avisierter Stadtf\u00fchrer konnte seine Termine entsprechend anpassen,<br \/>\nwenn es dann auch etwas salopp gesprochen, im Galopp durch die Stadt ging.<br \/>\n<\/strong><\/em><\/span><\/span><\/div>\n<div>&nbsp;<\/div>\n<div><strong>ngg_shortcode_0_placeholder<\/strong><\/div>\n<div><span style=\"color: #000000;\"><em><strong><br \/>\n<\/strong><\/em><\/span><\/div>\n<div><span style=\"color: #000000;\"><em><strong>Die historische Altstadt, die \u00fcber ihr thronende Katharinenkirche<br \/>\nals bedeutendstes gothisches Bauwerk zwischen K\u00f6ln und Stra\u00dfburg,<br \/>\neinige bedeutende Geb\u00e4ude, Stra\u00dfen und Pl\u00e4tze mit ihren Brunnen. <\/strong><\/em><\/span><\/div>\n<div>&nbsp;<\/div>\n<h3><span style=\"color: #000000;\"><em><strong><a class=\"aligncenter\" title=\"H\u00f6hepunkt aber war das einzigartige Kellerlabyrinth, die Oppenheimer \u201eUnterwelt\u201c!\" href=\"http:\/\/www.kroeftel.de\/rhein-main-mosel-2\/oppenheimer-kellerlabyrimth---neuer-rundgang\/index.html\" target=\"_blank\" rel=\"noopener\">LINK: H\u00f6hepunkt aber ist das einzigartige<\/a><\/strong><\/em><em><strong><a class=\"aligncenter\" title=\"H\u00f6hepunkt aber war das einzigartige Kellerlabyrinth, die Oppenheimer \u201eUnterwelt\u201c!\" href=\"http:\/\/www.kroeftel.de\/rhein-main-mosel-2\/oppenheimer-kellerlabyrimth---neuer-rundgang\/index.html\" target=\"_blank\" rel=\"noopener\">Kellerlabyrinth, die OPPENHEIMER &#8222;Unterwelt&#8220;!<\/a><\/strong><\/em><\/span><\/h3>\n<div><span style=\"color: #000000;\"><em><strong>Vor allem aber ist das Engagement, die Lebendigkeit und Hingabe,<br \/>\nmit der uns diese nette Dame durch die unterirdischen Etagen<br \/>\nder Stadt f\u00fchrte, ganz besonders zu w\u00fcrdigen!<br \/>\nSie begann mit der geschichtlichen Stadtentwicklung<br \/>\nund brachte dann diese in Verbindung zu sehr lebendigen<br \/>\nEreignissen des geschichtlichen Alltags in der &#8222;Unterwelt&#8220;.<\/strong><\/em><\/span><\/div>\n<div><span style=\"color: #000000;\"><em><strong><a href=\"http:\/\/www.igbce-blogs.de:80\/aufgeweckte-alte\/wp-content\/uploads\/\/2011\/09\/147_Bildgr\u00f6\u00dfe-\u00e4ndern.jpg\"><img loading=\"lazy\" decoding=\"async\" class=\"alignnone size-full wp-image-2008\" title=\"147_Bildgr\u00f6\u00dfe \u00e4ndern\" src=\"http:\/\/www.igbce-blogs.de:80\/aufgeweckte-alte\/wp-content\/uploads\/\/2011\/09\/147_Bildgr\u00f6\u00dfe-\u00e4ndern-e1318360680963.jpg\" alt=\"\" width=\"500\" height=\"375\"\/><\/a><br \/>\n<\/strong><\/em><\/span><\/div>\n<div>&nbsp;<\/div>\n<div><span style=\"color: #000000;\"><em><strong>Bei einem guten Glas Rebsaft, einer herzhaften Mahlzeit, vielen Anekdoten und<br \/>\neiner herzlichen Fr\u00f6hlichkeit, klang dieser wundersch\u00f6ne Tag mit Kaiserwetter aus.<br \/>\nGegen 19:30 Uhr machte sich dann die Gesellschaft auf den Heimweg.<\/strong><\/em><\/span><\/div>\n<h4><span style=\"color: #000000;\">LINK:<\/span><span style=\"color: #000000;\"><em><strong><a href=\"http:\/\/www.igbce-blogs.de:80\/aufgeweckte-alte\/wp-content\/uploads\/\/2011\/09\/4-Oppenheim-Stadtplan-Altstadt.pdf\"> Stadtplan-Altstadt-Oppenheim<\/a><br \/>\n<\/strong><\/em><\/span><\/h4>\n<h4><span style=\"color: #000000;\">LINK: <em><a title=\"Wie und womit komme ich nach Oppenheim\" href=\"http:\/\/www.stadt-oppenheim.de\/index.php?id=81\" target=\"_blank\" rel=\"noopener\">Wein- und Festspielstadt Oppenheim!<\/a><\/em><\/span><\/h4>\n<h4><span style=\"color: #000000;\">LINK: <em><a title=\"Wie und womit komme ich nach Oppenheim\" href=\"http:\/\/www.stadt-oppenheim.de\/index.php?id=46\" target=\"_blank\" rel=\"noopener\">Wie und womit komme ich nach Oppenheim?<\/a><\/em><\/span><\/h4>\n<h4 style=\"text-align: left;\"><span style=\"color: #000000;\">LINK zu unserer Einladung:<\/span> <em><a title=\"Fahrt nach Oppenheim\" href=\"http:\/\/www.igbce-blogs.de:80\/aufgeweckte-alte\/wp-content\/uploads\/\/2011\/09\/2011-08-16_Veranstaltungseinladung_Fahrt-nach-Oppenheim.pdf\" target=\"_blank\" rel=\"noopener\">Fahrt nach Oppenheim!<\/a><\/em><\/h4>\n<div style=\"text-align: left;\">\n<div>\n<div id=\"attachment_1550\" style=\"width: 495px\" class=\"wp-caption alignnone\"><a title=\"Historische Weinstadt Oppenheim\" href=\"http:\/\/www.igbce-blogs.de:80\/aufgeweckte-alte\/wp-content\/uploads\/\/2011\/09\/001-Historische-Weinstadt-Oppenheimgross_picture-0024.jpg\" target=\"_blank\" rel=\"noopener\"><img loading=\"lazy\" decoding=\"async\" aria-describedby=\"caption-attachment-1550\" class=\"size-full wp-image-1550 \" style=\"border: 3px solid black; margin-top: 3px; margin-bottom: 3px;\" src=\"http:\/\/www.igbce-blogs.de:80\/aufgeweckte-alte\/wp-content\/uploads\/\/2011\/09\/001-Historische-Weinstadt-Oppenheimgross_picture-0024.jpg\" alt=\"\" width=\"485\" height=\"255\"\/><\/a><p id=\"caption-attachment-1550\" class=\"wp-caption-text\">Historische Weinstadt Oppenheim &#8211; Blick von der Burgruine Landskron<\/p><\/div>\n<\/div>\n<\/div>\n<div style=\"text-align: left;\">\n<h4 style=\"text-align: left;\"><span style=\"color: #000000;\">Die Weinstadt Oppenheim ist reich an Sehensw\u00fcrdigkeiten.<\/span><\/h4>\n<\/div>\n<div style=\"text-align: left;\">Die imposante Katharinenkirche \u00fcberragt die Stadt majest\u00e4tisch und besch\u00fctzend.<br \/>\nDas Beinhaus beherbergt Knochenfunde des fr\u00fcheren &#8222;Kirchhofs&#8220;,<br \/>\ndessen Begr\u00e4bnisst\u00e4tte seinerzeit den Himmel garantierte.<\/div>\n<div style=\"text-align: left;\">Seit den Festlichkeiten des Rheinland-Pfalz-Tages 2004,<br \/>\nden die Gemeinden Oppenheim und Nierstein ausrichteten,<br \/>\nhat sich die Stadt touristisch sehr viel weiter entwickelt.<\/div>\n<div style=\"text-align: left;\">\n<div style=\"text-align: left;\">Mehr als 100 000 Tagestouristen j\u00e4hrlich w\u00e4hlen Oppenheim als Ausflugsziel,<br \/>\nUrlaubsort oder als Gelegenheit das einmalige Ambiente<br \/>\neiner mittelalterlichen Stadt zu genie\u00dfen.<\/div>\n<div style=\"text-align: left;\">\n<div style=\"text-align: left;\">H\u00f6hepunkte im Panoptikum der Sehensw\u00fcrdigkeiten sind das einzigartige Kellerlabyrinth,<br \/>\ndie Oppenheimer \u201eUnterwelt\u201c, die historische Altstadt, die \u00fcber ihr thronende Katharinenkirche<br \/>\nals bedeutendstes gothisches Bauwerk zwischen K\u00f6ln und Stra\u00dfburg, das Stadtmuseum<br \/>\noder das Weinbaumuseum. Bei einem guten Glas Rebsaft, einer herzhaften Mahlzeit und<br \/>\nvielen Winzeranekdoten l\u00e4sst es sich so etwa bei einer Weinbergsrundfahrt aushalten.<\/div>\n<div style=\"text-align: left;\">Oder man genie\u00dft im Rahmen einer Tagesreise samt Altstadtbummel und<br \/>\ninteressanten F\u00fchrungen echtes Oppenheimer Flair.<br \/>\nGerade hier sieht die Stadt ihre Aufgabe in der Befriedigung<br \/>\nindividueller touristischer Bed\u00fcrfnisse.<\/div>\n<div style=\"text-align: left;\">\n<p>&nbsp;<\/p>\n<h5 style=\"text-align: left;\"><span style=\"color: #000000;\">Zur <\/span><a href=\"https:\/\/www.igbce-blogs.de\/aufgeweckte-alte\/?page_id=117\">\u00dcbersicht 2011<\/a><\/h5>\n<h5 style=\"text-align: left;\"><span style=\"color: #000000;\"><span style=\"color: #000000;\">Zur<\/span> <\/span><a href=\"https:\/\/www.igbce-blogs.de\/aufgeweckte-alte\/?page_id=130\">Startseite<\/a><\/h5>\n<\/div>\n<\/div>\n<\/div>\nRelated Images:","protected":false},"excerpt":{"rendered":"<p>Was uns in der historischen Weinstadt Oppenheim ganz besonders gefallen hat! LINK: Begr\u00fc\u00dfung am Bf-H\u00f6chst zur Fahrt nach Oppenheim! Denn die Stadt Oppenheim ist reich an Sehensw\u00fcrdigkeiten. Nach einigen Anlaufschwierigkeiten, sind wir, der &#8222;DB Bahn&#8220; sei dank, mit einer Stunde Versp\u00e4tung, tats\u00e4chlich auch noch dort angekommen. &nbsp; Unser avisierter Stadtf\u00fchrer konnte seine Termine entsprechend anpassen, [&hellip;]<\/p>\n","protected":false},"author":3,"featured_media":0,"parent":117,"menu_order":7,"comment_status":"open","ping_status":"open","template":"tagcloud.php","meta":{"ngg_post_thumbnail":0,"footnotes":""},"class_list":["post-1725","page","type-page","status-publish","hentry"],"_links":{"self":[{"href":"https:\/\/www.igbce-blogs.de\/aufgeweckte-alte\/index.php?rest_route=\/wp\/v2\/pages\/1725","targetHints":{"allow":["GET"]}}],"collection":[{"href":"https:\/\/www.igbce-blogs.de\/aufgeweckte-alte\/index.php?rest_route=\/wp\/v2\/pages"}],"about":[{"href":"https:\/\/www.igbce-blogs.de\/aufgeweckte-alte\/index.php?rest_route=\/wp\/v2\/types\/page"}],"author":[{"embeddable":true,"href":"https:\/\/www.igbce-blogs.de\/aufgeweckte-alte\/index.php?rest_route=\/wp\/v2\/users\/3"}],"replies":[{"embeddable":true,"href":"https:\/\/www.igbce-blogs.de\/aufgeweckte-alte\/index.php?rest_route=%2Fwp%2Fv2%2Fcomments&post=1725"}],"version-history":[{"count":134,"href":"https:\/\/www.igbce-blogs.de\/aufgeweckte-alte\/index.php?rest_route=\/wp\/v2\/pages\/1725\/revisions"}],"predecessor-version":[{"id":14115,"href":"https:\/\/www.igbce-blogs.de\/aufgeweckte-alte\/index.php?rest_route=\/wp\/v2\/pages\/1725\/revisions\/14115"}],"up":[{"embeddable":true,"href":"https:\/\/www.igbce-blogs.de\/aufgeweckte-alte\/index.php?rest_route=\/wp\/v2\/pages\/117"}],"wp:attachment":[{"href":"https:\/\/www.igbce-blogs.de\/aufgeweckte-alte\/index.php?rest_route=%2Fwp%2Fv2%2Fmedia&parent=1725"}],"curies":[{"name":"wp","href":"https:\/\/api.w.org\/{rel}","templated":true}]}}