{"id":14118,"date":"2021-04-19T18:31:02","date_gmt":"2021-04-19T16:31:02","guid":{"rendered":"https:\/\/www.igbce-blogs.de\/aufgeweckte-alte\/?page_id=14118"},"modified":"2023-10-05T17:59:25","modified_gmt":"2023-10-05T15:59:25","slug":"b-a-r-o-c-k-a-m-m-a-i-n","status":"publish","type":"page","link":"https:\/\/www.igbce-blogs.de\/aufgeweckte-alte\/?page_id=14118","title":{"rendered":"Einladung zu &#8222;Barock am Main&#8220;"},"content":{"rendered":"\r\n<h3><strong><em><span class=\"has-inline-color has-black-color\">B a r o c k&nbsp; a m&nbsp; M a i n ,&nbsp; <br \/>unser gemeinsamer Theaterbesuch im August 2011<\/span><\/em><\/strong><\/h3>\r\n<p><a href=\"https:\/\/www.igbce-blogs.de\/aufgeweckte-alte\/?attachment_id=19309\" rel=\"attachment wp-att-19309\"><img loading=\"lazy\" decoding=\"async\" class=\"size-full wp-image-19309 aligncenter\" src=\"https:\/\/www.igbce-blogs.de\/aufgeweckte-alte\/wp-content\/uploads\/\/2023\/10\/0001-Bolongarogarten_Pano.jpg\" alt=\"\" width=\"512\" height=\"199\" srcset=\"https:\/\/www.igbce-blogs.de\/aufgeweckte-alte\/wp-content\/uploads\/2023\/10\/0001-Bolongarogarten_Pano.jpg 512w, https:\/\/www.igbce-blogs.de\/aufgeweckte-alte\/wp-content\/uploads\/2023\/10\/0001-Bolongarogarten_Pano-480x187.jpg 480w, https:\/\/www.igbce-blogs.de\/aufgeweckte-alte\/wp-content\/uploads\/2023\/10\/0001-Bolongarogarten_Pano-150x58.jpg 150w\" sizes=\"auto, (max-width: 512px) 100vw, 512px\" \/><\/a><\/p>\r\n<p>Liebe \u201eAufgeweckte Alte\u201c<br \/>Kolleginnen, liebe Kollegen,<\/p>\r\n\r\n\r\n\r\n\r\n\r\n<p>in unserem Jahresprogramm 2011 hatten wir bereits auf einen gemeinsamen Theaterbesuch hingewiesen. Vom 4. August bis zum 4. September veranstaltet die \u201eFliegende Volksb\u00fchne\u201c abermals <strong>Barock am Main<\/strong> im Park des H\u00f6chster Bolongaropalastes. In diesem Jahr stehen auf dem Spielplan die Urauff\u00fchrung eines hessischen Moli\u00e9rs Schorsch Dandin.<br \/><strong>Der beduppte Ehemann<\/strong> und <strong>Karneval der Tiere<\/strong> mit der Musik<br \/>von Camille Saint-Saens in Versen neu erz\u00e4hlt von <strong>Michael Quast<\/strong>.<\/p>\r\n\r\n\r\n\r\n<p>Unser Vorschlag:&nbsp;&nbsp; <strong>Der beduppte Ehemann<\/strong><\/p>\r\n\r\n\r\n\r\n<p>Termin:&nbsp;&nbsp;&nbsp;&nbsp;&nbsp;&nbsp;&nbsp;&nbsp;&nbsp;&nbsp; &nbsp;&nbsp;&nbsp;&nbsp;&nbsp;&nbsp;&nbsp; 18. August 2011<\/p>\r\n\r\n\r\n\r\n<p>Preis:&nbsp;&nbsp;&nbsp;&nbsp;&nbsp;&nbsp;&nbsp;&nbsp;&nbsp;&nbsp;&nbsp;&nbsp;&nbsp;&nbsp;&nbsp;&nbsp;&nbsp;&nbsp;&nbsp;&nbsp;&nbsp; <strong>18 \u20ac<\/strong>, ab 20 Personen, zuz\u00fcglich<br \/>&nbsp;&nbsp;&nbsp;&nbsp;&nbsp;&nbsp;&nbsp;&nbsp;&nbsp;&nbsp;&nbsp;&nbsp;&nbsp;&nbsp;&nbsp;&nbsp;&nbsp;&nbsp;&nbsp;&nbsp;&nbsp;&nbsp;&nbsp; &nbsp;&nbsp;&nbsp;&nbsp;&nbsp;&nbsp;&nbsp; Vorverkaufsgeb\u00fchren, freie Platzwahl.<\/p>\r\n\r\n\r\n\r\n<p>Der Bolongarogarten \u00f6ffnet&nbsp; 90 Minuten vor Vorstellungsbeginn.<br \/>Es erwartet Euch die heitere Atmosph\u00e4re des Parks, eine anspruchsvolle Gastronomie, barocke Platzmusik und eine F\u00fchrung durch den Bolongaropalast.<br \/>G\u00f6nnen wir uns doch einen vergn\u00fcglichen und erinnerungsw\u00fcrdigen Abend.<\/p>\r\n\r\n\r\n\r\n<p>Damit wir aber vern\u00fcnftig planen und die Karten im Vorverkauf reservieren k\u00f6nnen,<br \/>bitten wir bis zum 25. Juli 2011 um Eure verbindliche R\u00fcckmeldung und um \u00dcberweisung des Betrags auf das Konto 0057451297, BLZ: 512 500 00, TaunusSparkasse.<\/p>\r\n\r\n\r\n\r\n<p>Herzliche Gr\u00fc\u00dfe <br \/>die \u201eAufgeweckten Alten\u201c<\/p>\r\n\r\n<h4 style=\"text-align: left;\"><span style=\"color: #000000;\">Zur <\/span><a href=\"https:\/\/www.igbce-blogs.de\/aufgeweckte-alte\/?page_id=117\">\u00dcbersicht 2011<\/a><\/h4>\r\n<h4 style=\"text-align: left;\"><strong><span style=\"color: #000000;\">Zur<\/span> <\/strong><span style=\"color: #ff0000;\"><strong><a title=\"Startseite\" href=\"https:\/\/www.igbce-blogs.de\/aufgeweckte-alte\/\/?page_id=130\">Startseite<\/a><\/strong><\/span><\/h4>Related Images:","protected":false},"excerpt":{"rendered":"<p>B a r o c k&nbsp; a m&nbsp; M a i n ,&nbsp; unser gemeinsamer Theaterbesuch im August 2011 Liebe \u201eAufgeweckte Alte\u201cKolleginnen, liebe Kollegen, in unserem Jahresprogramm 2011 hatten wir bereits auf einen gemeinsamen Theaterbesuch hingewiesen. Vom 4. August bis zum 4. September veranstaltet die \u201eFliegende Volksb\u00fchne\u201c abermals Barock am Main im Park des H\u00f6chster [&hellip;]<\/p>\n","protected":false},"author":3,"featured_media":0,"parent":117,"menu_order":5,"comment_status":"closed","ping_status":"closed","template":"tagcloud.php","meta":{"ngg_post_thumbnail":0,"footnotes":""},"class_list":["post-14118","page","type-page","status-publish","hentry"],"_links":{"self":[{"href":"https:\/\/www.igbce-blogs.de\/aufgeweckte-alte\/index.php?rest_route=\/wp\/v2\/pages\/14118","targetHints":{"allow":["GET"]}}],"collection":[{"href":"https:\/\/www.igbce-blogs.de\/aufgeweckte-alte\/index.php?rest_route=\/wp\/v2\/pages"}],"about":[{"href":"https:\/\/www.igbce-blogs.de\/aufgeweckte-alte\/index.php?rest_route=\/wp\/v2\/types\/page"}],"author":[{"embeddable":true,"href":"https:\/\/www.igbce-blogs.de\/aufgeweckte-alte\/index.php?rest_route=\/wp\/v2\/users\/3"}],"replies":[{"embeddable":true,"href":"https:\/\/www.igbce-blogs.de\/aufgeweckte-alte\/index.php?rest_route=%2Fwp%2Fv2%2Fcomments&post=14118"}],"version-history":[{"count":16,"href":"https:\/\/www.igbce-blogs.de\/aufgeweckte-alte\/index.php?rest_route=\/wp\/v2\/pages\/14118\/revisions"}],"predecessor-version":[{"id":19318,"href":"https:\/\/www.igbce-blogs.de\/aufgeweckte-alte\/index.php?rest_route=\/wp\/v2\/pages\/14118\/revisions\/19318"}],"up":[{"embeddable":true,"href":"https:\/\/www.igbce-blogs.de\/aufgeweckte-alte\/index.php?rest_route=\/wp\/v2\/pages\/117"}],"wp:attachment":[{"href":"https:\/\/www.igbce-blogs.de\/aufgeweckte-alte\/index.php?rest_route=%2Fwp%2Fv2%2Fmedia&parent=14118"}],"curies":[{"name":"wp","href":"https:\/\/api.w.org\/{rel}","templated":true}]}}