{"id":134,"date":"2010-07-07T18:58:54","date_gmt":"2010-07-07T17:58:54","guid":{"rendered":"http:\/\/www.igbce-blogs.de\/aufgeweckte-alte\/?page_id=134"},"modified":"2014-05-02T10:58:23","modified_gmt":"2014-05-02T09:58:23","slug":"flughafen-besuch-vom-28-mai-2010","status":"publish","type":"page","link":"https:\/\/www.igbce-blogs.de\/aufgeweckte-alte\/?page_id=134","title":{"rendered":"FLUGHAFEN im Mai und Nov. 2010"},"content":{"rendered":"<p><a class=\"aligncenter\" href=\"http:\/\/www.igbce-blogs.de:80\/aufgeweckte-alte\/wp-content\/uploads\/\/2010\/07\/03ffmairport.jpg\" target=\"_blank\"><span style=\"font-family: Arial;\"><span style=\"font-family: Arial;\"><span style=\"font-family: Arial;\"><span style=\"font-family: Arial;\"><span style=\"font-family: Arial;\"><span style=\"font-family: Arial;\"><img loading=\"lazy\" decoding=\"async\" class=\"alignnone\" style=\"border: 3px solid black;\" title=\"Frakfurter FLUGHAFEN Vorfeld\" src=\"http:\/\/www.igbce-blogs.de:80\/aufgeweckte-alte\/wp-content\/uploads\/\/2010\/07\/03ffmairport.jpg\" alt=\"Frakfurter FLUGHAFEN Vorfeld\" width=\"480\" height=\"360\" \/><\/span><\/span><\/span><\/span><\/span><\/span><\/a><\/p>\n<p><span style=\"font-family: Arial;\"><span style=\"font-family: Arial;\"><span style=\"font-family: Arial;\"><span style=\"font-family: Arial;\"><span style=\"font-family: Arial;\"><span style=\"font-family: Arial;\">Sehr geehrte &#8222;Aufgeweckte Alte&#8220;,<br \/>\nliebe Kolleginnen und Kollegen, <\/span><\/span><\/span><\/span><\/span><\/span><\/p>\n<p><span style=\"font-family: Arial;\"><span style=\"font-family: Arial;\"><span style=\"font-family: Arial;\"><span style=\"font-family: Arial;\"><span style=\"font-family: Arial;\"><span style=\"font-family: Arial;\">wir freuten uns sehr \u00fcber das au\u00dferordentlich rege Interesse und die vielen Anmeldungen zum Besuch von Flughafen und dem Polizeipr\u00e4sidium.<\/span><\/span><\/span><\/span><\/span><\/span><\/p>\n<p><span style=\"font-family: Arial;\"><span style=\"font-family: Arial;\"><span style=\"font-family: Arial;\"><span style=\"font-family: Arial;\"><span style=\"font-family: Arial;\"><span style=\"font-family: Arial;\">Hier nun endlich einige Informationen zum Frankfurter Flughafen, seiner Bedeutung, nicht nur in der Region, seinen Aktivit\u00e4ten und Vorhaben.<\/span><\/span><\/span><\/span><\/span><\/span><\/p>\n<p><span style=\"font-family: Arial;\"><span style=\"font-family: Arial;\"><span style=\"font-family: Arial;\"><span style=\"font-family: Arial;\"><span style=\"font-family: Arial;\"><span style=\"font-family: Arial;\">Bl\u00e4ttern Sie in dem von Herrn Frank Cornelius zur Verf\u00fcgung gestellten Vortrag, von Dr. Stefan Schulte der FRAPORT AG vom M\u00e4rz 2010.<\/span><\/span><\/span><\/span><\/span><\/span><\/p>\n<p><span style=\"font-family: Arial;\"><span style=\"font-family: Arial;\"><span style=\"font-family: Arial;\"><span style=\"font-family: Arial;\"><span style=\"font-family: Arial;\"><span style=\"font-family: Arial;\">Au\u00dferdem haben wir in der FOTO-GALLERIE viele Bilder, als sch\u00f6ne Erinnerungen dazu, von Teilnehmern zur Verf\u00fcgung gestellt.<\/span><\/span><\/span><\/span><\/span><\/span><\/p>\n<p><span style=\"font-family: Arial;\"><span style=\"font-family: Arial;\"><span style=\"font-family: Arial;\"><span style=\"font-family: Arial;\"><span style=\"font-family: Arial;\"><span style=\"font-family: Arial;\">Ich werde mich bem\u00fchen, \u00fcber das Polizeipr\u00e4sidium, auch noch etwas zum Nachlesen, hier auf unserer Seite zu bringen.<\/span><\/span><\/span><\/span><\/span><\/span><\/p>\n<h5><a title=\"Vortrag Frankfurter FLUGHAFEN FRAPORT AG \" href=\"http:\/\/www.igbce-blogs.de:80\/aufgeweckte-alte\/wp-content\/uploads\/\/2010\/07\/vortrag-frankfurter-flughafen-fraport-ag-marz-2010.pdf\" target=\"_blank\">Vortrag Frakfurter Flughafen FRAPORT AG M\u00e4rz 2010<\/a><\/h5>\n<h5><a title=\"FLUGHAFEN-Besuch im Mai 2010 Ppoint-FOTO-Show\" href=\"http:\/\/www.igbce-blogs.de:80\/aufgeweckte-alte\/wp-content\/uploads\/\/2010\/07\/flughafen-besuch-im-mai-2010-ppoint-show.pdf\" target=\"_blank\">FLUGHAFEN-Besuch im Mai 2010 Ppoint-FOTO-Show<\/a><\/h5>\n<h5><a title=\"FLUGHAFEN-Besuch im Mai 2010 PDF-Diashow\" href=\"http:\/\/www.igbce-blogs.de:80\/aufgeweckte-alte\/wp-content\/uploads\/\/2010\/07\/flughafen-besuch-im-mai-2010-pdf-diashow.pdf\" target=\"_blank\">FLUGHAFEN-Besuch im Mai 2010 PDF-Diashow<\/a><\/h5>\n<h3><a href=\"http:\/\/www.igbce-blogs.de:80\/aufgeweckte-alte\/wp-content\/uploads\/\/2010\/07\/flughafen-besuch-im-mai-2010-ppoint-show.pdf\"><\/a><\/h3>\n<p><span> <\/span><\/p>\n<h5 style=\"text-align: left;\"><span style=\"color: #000000;\">Zur <\/span><a href=\"https:\/\/www.igbce-blogs.de\/aufgeweckte-alte\/?page_id=3550\">\u00dcbersicht 2010<\/a><\/h5>\n<h5 style=\"text-align: left;\"><span style=\"color: #000000;\"><span style=\"color: #000000;\">Zur<\/span> <\/span><a href=\"https:\/\/www.igbce-blogs.de\/aufgeweckte-alte\/?page_id=130\">Startseite<\/a><\/h5>\nRelated Images:","protected":false},"excerpt":{"rendered":"<p>Sehr geehrte &#8222;Aufgeweckte Alte&#8220;, liebe Kolleginnen und Kollegen, wir freuten uns sehr \u00fcber das au\u00dferordentlich rege Interesse und die vielen Anmeldungen zum Besuch von Flughafen und dem Polizeipr\u00e4sidium. Hier nun endlich einige Informationen zum Frankfurter Flughafen, seiner Bedeutung, nicht nur in der Region, seinen Aktivit\u00e4ten und Vorhaben. Bl\u00e4ttern Sie in dem von Herrn Frank Cornelius [&hellip;]<\/p>\n","protected":false},"author":3,"featured_media":0,"parent":3550,"menu_order":3,"comment_status":"open","ping_status":"closed","template":"tagcloud.php","meta":{"ngg_post_thumbnail":0,"footnotes":""},"class_list":["post-134","page","type-page","status-publish","hentry"],"_links":{"self":[{"href":"https:\/\/www.igbce-blogs.de\/aufgeweckte-alte\/index.php?rest_route=\/wp\/v2\/pages\/134","targetHints":{"allow":["GET"]}}],"collection":[{"href":"https:\/\/www.igbce-blogs.de\/aufgeweckte-alte\/index.php?rest_route=\/wp\/v2\/pages"}],"about":[{"href":"https:\/\/www.igbce-blogs.de\/aufgeweckte-alte\/index.php?rest_route=\/wp\/v2\/types\/page"}],"author":[{"embeddable":true,"href":"https:\/\/www.igbce-blogs.de\/aufgeweckte-alte\/index.php?rest_route=\/wp\/v2\/users\/3"}],"replies":[{"embeddable":true,"href":"https:\/\/www.igbce-blogs.de\/aufgeweckte-alte\/index.php?rest_route=%2Fwp%2Fv2%2Fcomments&post=134"}],"version-history":[{"count":19,"href":"https:\/\/www.igbce-blogs.de\/aufgeweckte-alte\/index.php?rest_route=\/wp\/v2\/pages\/134\/revisions"}],"predecessor-version":[{"id":4688,"href":"https:\/\/www.igbce-blogs.de\/aufgeweckte-alte\/index.php?rest_route=\/wp\/v2\/pages\/134\/revisions\/4688"}],"up":[{"embeddable":true,"href":"https:\/\/www.igbce-blogs.de\/aufgeweckte-alte\/index.php?rest_route=\/wp\/v2\/pages\/3550"}],"wp:attachment":[{"href":"https:\/\/www.igbce-blogs.de\/aufgeweckte-alte\/index.php?rest_route=%2Fwp%2Fv2%2Fmedia&parent=134"}],"curies":[{"name":"wp","href":"https:\/\/api.w.org\/{rel}","templated":true}]}}