{"id":12780,"date":"2019-05-13T13:53:36","date_gmt":"2019-05-13T11:53:36","guid":{"rendered":"https:\/\/www.igbce-blogs.de\/aufgeweckte-alte\/?page_id=12780"},"modified":"2019-06-25T14:36:04","modified_gmt":"2019-06-25T12:36:04","slug":"tagesfahrt-zum-hambacher-schloss-am-19-juni-2019","status":"publish","type":"page","link":"https:\/\/www.igbce-blogs.de\/aufgeweckte-alte\/?page_id=12780","title":{"rendered":"Zum Hambacher Schloss am 19. Juni"},"content":{"rendered":"<h4><strong><a href=\"http:\/\/www.igbce-blogs.de:80\/aufgeweckte-alte\/wp-content\/uploads\/\/2019\/05\/Tagesfahrt-zum-Hambacher-Schloss-am-19.-Juni-2019-1.pdf\">Tagesfahrt zum Hambacher Schloss am 19. Juni 2019<\/a><\/strong><\/h4>\n<h3><em><span style=\"color: #1642ba;\"><strong>Am Mittwoch, den 19. Juni war unser Tagesausflug <\/strong><strong>zum Hambacher Schloss bei Neustadt an der Weinstra\u00dfe.<\/strong><\/span><\/em><\/h3>\n<p>Wir traffen uns Mittwoch, den 19. Juni 2019 ab ca. 7:30 Uhr.<\/p>\n<p>Abfahrt war 08:15 Uhr Bf &#8211; H\u00f6chst und ca. 10:30 Ankunft am Hambacher Schloss.<br \/>\nCa. 12:00 Uhr geht es dann weiter zur Villa Ludwigsh\u00f6he zum Mittagessen(Buffet).<\/p>\n<p>Leider klappte es nicht so recht mit der Absprache zum Mittagessen.<br \/>\nWir fanden dann aber mit Hilfe des Personals von Villa Ludwigsh\u00f6he<br \/>\nein sehr gutes Lokal mit Pf\u00e4lzer Spezialit\u00e4ten und einer superschnellen K\u00fcche.<\/p>\n<p>Die F\u00fchrung verschob sich auf 15:30 Uhr im EG Schloss Villa Ludwigsh\u00f6he Dauer<br \/>\nca. 30 Minuten, danach folgte die 15 Min. F\u00fchrung durch die Max-Slevogt-Galerie.<\/p>\n<p>Unsere Kaffepause begann dann ab ca. 17:00 Uhr in Neustadt\/Weinstra\u00dfe<br \/>\nund 18:20 Uhr wurde dann die Heimreise angetreten.<\/p>\n<p>Wir hatten einen wirklich sch\u00f6nen Tag mit Kaiserwetter<br \/>\nund letztendlich waren alle Teilnehmer hochzufrieden.<\/p>\n<p><strong><em>Herzliche Gr\u00fc\u00dfe<\/em><\/strong><br \/>\n<strong><em> die \u201eAufgeweckten Alten<\/em><\/strong>\u201c<\/p>\n<h4>&nbsp;<a href=\"http:\/\/www.igbce-blogs.de:80\/aufgeweckte-alte\/wp-content\/uploads\/\/2019\/05\/Das-Hambacher-Schloss-TEXT-e1557750510265.jpg\"><img loading=\"lazy\" decoding=\"async\" class=\"alignleft size-full wp-image-12803\" src=\"http:\/\/www.igbce-blogs.de:80\/aufgeweckte-alte\/wp-content\/uploads\/\/2019\/05\/Das-Hambacher-Schloss-TEXT-e1557750510265.jpg\" alt=\"\" width=\"480\" height=\"193\"\/><\/a><a href=\"http:\/\/www.igbce-blogs.de:80\/aufgeweckte-alte\/wp-content\/uploads\/\/2019\/05\/Das-Hambacher-Schloss-BILD-e1557750583792.jpg\" target=\"_blank\" rel=\"noopener\"><img loading=\"lazy\" decoding=\"async\" class=\"alignleft wp-image-12804 size-full\" src=\"http:\/\/www.igbce-blogs.de:80\/aufgeweckte-alte\/wp-content\/uploads\/\/2019\/05\/Das-Hambacher-Schloss-BILD-e1557750583792.jpg\" alt=\"\" width=\"480\" height=\"452\"\/><\/a><\/h4>\nRelated Images:","protected":false},"excerpt":{"rendered":"<p>Tagesfahrt zum Hambacher Schloss am 19. Juni 2019 Am Mittwoch, den 19. Juni war unser Tagesausflug zum Hambacher Schloss bei Neustadt an der Weinstra\u00dfe. Wir traffen uns Mittwoch, den 19. Juni 2019 ab ca. 7:30 Uhr. Abfahrt war 08:15 Uhr Bf &#8211; H\u00f6chst und ca. 10:30 Ankunft am Hambacher Schloss. Ca. 12:00 Uhr geht es [&hellip;]<\/p>\n","protected":false},"author":3,"featured_media":0,"parent":12412,"menu_order":4,"comment_status":"closed","ping_status":"closed","template":"tagcloud.php","meta":{"ngg_post_thumbnail":0,"footnotes":""},"class_list":["post-12780","page","type-page","status-publish","hentry"],"_links":{"self":[{"href":"https:\/\/www.igbce-blogs.de\/aufgeweckte-alte\/index.php?rest_route=\/wp\/v2\/pages\/12780","targetHints":{"allow":["GET"]}}],"collection":[{"href":"https:\/\/www.igbce-blogs.de\/aufgeweckte-alte\/index.php?rest_route=\/wp\/v2\/pages"}],"about":[{"href":"https:\/\/www.igbce-blogs.de\/aufgeweckte-alte\/index.php?rest_route=\/wp\/v2\/types\/page"}],"author":[{"embeddable":true,"href":"https:\/\/www.igbce-blogs.de\/aufgeweckte-alte\/index.php?rest_route=\/wp\/v2\/users\/3"}],"replies":[{"embeddable":true,"href":"https:\/\/www.igbce-blogs.de\/aufgeweckte-alte\/index.php?rest_route=%2Fwp%2Fv2%2Fcomments&post=12780"}],"version-history":[{"count":25,"href":"https:\/\/www.igbce-blogs.de\/aufgeweckte-alte\/index.php?rest_route=\/wp\/v2\/pages\/12780\/revisions"}],"predecessor-version":[{"id":13149,"href":"https:\/\/www.igbce-blogs.de\/aufgeweckte-alte\/index.php?rest_route=\/wp\/v2\/pages\/12780\/revisions\/13149"}],"up":[{"embeddable":true,"href":"https:\/\/www.igbce-blogs.de\/aufgeweckte-alte\/index.php?rest_route=\/wp\/v2\/pages\/12412"}],"wp:attachment":[{"href":"https:\/\/www.igbce-blogs.de\/aufgeweckte-alte\/index.php?rest_route=%2Fwp%2Fv2%2Fmedia&parent=12780"}],"curies":[{"name":"wp","href":"https:\/\/api.w.org\/{rel}","templated":true}]}}