{"id":12707,"date":"2019-05-02T18:36:04","date_gmt":"2019-05-02T16:36:04","guid":{"rendered":"https:\/\/www.igbce-blogs.de\/aufgeweckte-alte\/?page_id=12707"},"modified":"2019-05-30T16:43:44","modified_gmt":"2019-05-30T14:43:44","slug":"kloster-eberbach-fuehrung-mit-weinprobe","status":"publish","type":"page","link":"https:\/\/www.igbce-blogs.de\/aufgeweckte-alte\/?page_id=12707","title":{"rendered":"Kloster Eberbach F\u00fchrung &#038; Weinprobe"},"content":{"rendered":"<h2><span style=\"color: #339966;\"><strong><em>Willkommen im <a href=\"https:\/\/www.rheingau.de\/sehenswertes\/kloester\/kloster-eberbach\">KLOSTER EBERBACH \/ Rheingau<\/a><\/em><\/strong><\/span><\/h2>\n<h3>ngg_shortcode_0_placeholder<\/h3>\n<h5><span style=\"color: #000000;\"><strong><em>Am 14. Mai 2019 besuchten wir KLOSTER EBERBACH. Dort wartete ein gef\u00fchrter Klosterrundgang mit anschlie\u00dfender Stehweinprobe. Die Hessischen Staatsweing\u00fcter Kloster Eberbach kredenzen uns drei Kabinettweine zur Rieslingweinprobe im \u201eCabinetkeller\u201c.<\/em><\/strong><\/span><\/h5>\n<h3>ngg_shortcode_1_placeholder<\/h3>\n<h5><strong><span style=\"color: #000000;\"><em>Dank Arnold, der schon fr\u00fchzeitig mit dem PKW vor Ort war, erwartete man uns an der Klosterkasse. Zum Rundgang f\u00fchrten uns zwei nette und kompetende Damen zur Weinprobe und durch die Klosteranlage. Danach trafen wir uns zu einem guten Mittagessen in der <\/em><\/span><a class=\"js-toggle-entry\" href=\"https:\/\/www.rheingau.de\/gastronomie\/gutbuergerlich\/94\"><em>Klostersch\u00e4nke im Kloster Eberbach<\/em><\/a><\/strong><em>.<\/em><\/h5>\n<h5><span style=\"color: #000000;\"><strong><em>Anschlie\u00dfend streiften wir nach Herzenlust durch die Klosteranlage bis zur R\u00fcckfahrt nach ELTVILLE!<\/em><\/strong><\/span><\/h5>\n<h4>ngg_shortcode_2_placeholder<\/h4>\n<h4><strong><em><span style=\"color: #000000;\">WIKIPEDIA-LINK zu<\/span> <a href=\"https:\/\/de.wikipedia.org\/wiki\/Eltville_am_Rhein\">ELTVILLE am Rhein<\/a><\/em><\/strong><\/h4>\n<h5><span style=\"color: #000000;\"><strong><em>Bei einem Zwischenstopp in Eltville, besuchten wir den w<\/em><em>undersch\u00f6nen Rosengarten in der Kurf\u00fcrstliche Burg. Die Burg an sich ist schon sch\u00f6n anzusehen, das Verweilen im Rosengarten ist ebenfalls zu empfehlen. Wer einen ruhigen Tag in optisch reizvoller Kulisse verbringen will, sollte hier her. Sch\u00f6ne Umgebung zum Spazieren. Am Rheinufer &#8222;Anleger 511&#8220; fanden wir uns noch einmal zum Kaffeetrinken zusammen, bevor man dann gegen 17 bis 18:00 Uhr sich auf den Heimweg machte.<\/em><\/strong><\/span><span style=\"color: #000000;\">&nbsp;<\/span><\/h5>\n<p>&nbsp;<\/p>\n<h5><strong><em><span style=\"color: #008000;\">Wir hatten einen interessanten Tag!<\/span><br \/>\n<span style=\"color: #008000;\"> Herzliche Gr\u00fc\u00dfe von den<\/span><br \/>\n<span style=\"color: #008000;\"> \u201eAufgeweckten Alten\u201c<\/span> <\/em><\/strong><\/h5>\n<p>&nbsp;<\/p>\nRelated Images:","protected":false},"excerpt":{"rendered":"<p>Willkommen im KLOSTER EBERBACH \/ Rheingau Am 14. Mai 2019 besuchten wir KLOSTER EBERBACH. Dort wartete ein gef\u00fchrter Klosterrundgang mit anschlie\u00dfender Stehweinprobe. Die Hessischen Staatsweing\u00fcter Kloster Eberbach kredenzen uns drei Kabinettweine zur Rieslingweinprobe im \u201eCabinetkeller\u201c. Dank Arnold, der schon fr\u00fchzeitig mit dem PKW vor Ort war, erwartete man uns an der Klosterkasse. Zum Rundgang f\u00fchrten [&hellip;]<\/p>\n","protected":false},"author":3,"featured_media":0,"parent":12412,"menu_order":3,"comment_status":"closed","ping_status":"closed","template":"tagcloud.php","meta":{"ngg_post_thumbnail":0,"footnotes":""},"class_list":["post-12707","page","type-page","status-publish","hentry"],"_links":{"self":[{"href":"https:\/\/www.igbce-blogs.de\/aufgeweckte-alte\/index.php?rest_route=\/wp\/v2\/pages\/12707","targetHints":{"allow":["GET"]}}],"collection":[{"href":"https:\/\/www.igbce-blogs.de\/aufgeweckte-alte\/index.php?rest_route=\/wp\/v2\/pages"}],"about":[{"href":"https:\/\/www.igbce-blogs.de\/aufgeweckte-alte\/index.php?rest_route=\/wp\/v2\/types\/page"}],"author":[{"embeddable":true,"href":"https:\/\/www.igbce-blogs.de\/aufgeweckte-alte\/index.php?rest_route=\/wp\/v2\/users\/3"}],"replies":[{"embeddable":true,"href":"https:\/\/www.igbce-blogs.de\/aufgeweckte-alte\/index.php?rest_route=%2Fwp%2Fv2%2Fcomments&post=12707"}],"version-history":[{"count":43,"href":"https:\/\/www.igbce-blogs.de\/aufgeweckte-alte\/index.php?rest_route=\/wp\/v2\/pages\/12707\/revisions"}],"predecessor-version":[{"id":13104,"href":"https:\/\/www.igbce-blogs.de\/aufgeweckte-alte\/index.php?rest_route=\/wp\/v2\/pages\/12707\/revisions\/13104"}],"up":[{"embeddable":true,"href":"https:\/\/www.igbce-blogs.de\/aufgeweckte-alte\/index.php?rest_route=\/wp\/v2\/pages\/12412"}],"wp:attachment":[{"href":"https:\/\/www.igbce-blogs.de\/aufgeweckte-alte\/index.php?rest_route=%2Fwp%2Fv2%2Fmedia&parent=12707"}],"curies":[{"name":"wp","href":"https:\/\/api.w.org\/{rel}","templated":true}]}}