{"id":12705,"date":"2019-05-02T18:33:41","date_gmt":"2019-05-02T16:33:41","guid":{"rendered":"https:\/\/www.igbce-blogs.de\/aufgeweckte-alte\/?page_id=12705"},"modified":"2019-05-07T17:16:16","modified_gmt":"2019-05-07T15:16:16","slug":"wasserkraftwerk-friedrichssegenmarksburg","status":"publish","type":"page","link":"https:\/\/www.igbce-blogs.de\/aufgeweckte-alte\/?page_id=12705","title":{"rendered":"Friedrichssegen-Lahn und Marksburg"},"content":{"rendered":"<h3><em><span style=\"color: #0000ff;\"><strong>Wasserkraftwerk Friedrichsegen<br \/>\nund die Marksburg am Mittelrhein!<\/strong><\/span><\/em><\/h3>\n<h4><span style=\"color: #0000ff;\"><em><strong>Zu den FOTOs: <\/strong><\/em><\/span><a href=\"https:\/\/www.igbce-blogs.de\/aufgeweckte-alte\/?p=12603\"><strong><em>Hier klicken!!!<\/em><\/strong><\/a><\/h4>\n<p>Am <strong>10. April<\/strong> fuhren wir vom <strong>Bf.-H\u00f6chst um 8:30 Uhr<\/strong> an die Lahn.<br \/>\nUm<strong> 11:00 Uhr <\/strong>begann die<strong> F\u00fchrung im Wasserkraftwerk Friedrichssegen<br \/>\n<\/strong>f\u00fcr die Dauer von ca. einer Stunde; es entstanden keine Kosten.<\/p>\n<p>Weiter ging es nach Braubach zum Mittagessen ins <strong>\u201eGasthaus zum goldenen Schl\u00fcssel\u201c<\/strong> mit Ankunft zw. 12:00-13:00 Uhr Anschlie\u00dfend trafen wir gut gest\u00e4rkt um 15:00 Uhr zum <strong>Besuch mit F\u00fchrung auf der Marksburg <\/strong>ein, Dauer der F\u00fchrung ca. 50 Minuten. Nach einer Stunde Kaffepause auf der Terasse des Burgrestaurants, bei sch\u00f6nstem Fr\u00fchlingswetter, traten wir dann unsere Heimfahrt an und waren ca. 19:00 Uhr zur\u00fcck am Bf.-H\u00f6chst.<\/p>\n<p><strong><em>Herzliche Gr\u00fc\u00dfe<br \/>\ndie \u201eAufgeweckten Alten\u201c<\/em><\/strong><\/p>\n<p><strong>Wasserkraftwerk Friedrichssegen von 1909<\/strong><\/p>\nngg_shortcode_0_placeholder\n<p>Wasserkraftwerk Friedrichssegen<br \/>\nDas <strong>Wasserkraftwerk Friedrichssegen<\/strong> ist ein denkmalgesch\u00fctztes<a href=\"https:\/\/de.wikipedia.org\/wiki\/Wasserkraftwerk_Friedrichssegen#cite_note-1\"><sup>[1]<\/sup><\/a> <a href=\"https:\/\/de.wikipedia.org\/wiki\/Laufwasserkraftwerk\">Laufwasserkraftwerk<\/a> an der <a href=\"https:\/\/de.wikipedia.org\/wiki\/Lahn\">Lahn<\/a>. Erbaut wurde es 1906\u201307 und 1909 in Betrieb genommen. Es ist eins von insgesamt acht Wasserkraftwerken an der Lahn, die von der <a href=\"https:\/\/de.wikipedia.org\/wiki\/S%C3%BCwag_Energie\">S\u00fcwag Energie AG<\/a> betrieben werden. Das Kraftwerk liegt an einem ca. 500 m langen Oberwasserkanal der Lahn bei Flusskilometer 132,8 vor Friedrichssegen, einem Ortsteil von <a href=\"https:\/\/de.wikipedia.org\/wiki\/Lahnstein\">Lahnstein<\/a>.<\/p>\n<p><strong>Die Marksburg bei Braubach \/ Mittelrhein<\/strong><\/p>\nngg_shortcode_1_placeholder\n<p><strong>Die Marksburg ist die einzige nie zerst\u00f6rte H\u00f6henburg am Mittelrhein! <\/strong><br \/>\nHier zwischen Bingen und Koblenz, einem Gebiet, das von der UNESCO zum <a href=\"http:\/\/www.welterbe-mittelrhein.de\">Weltkulturerbe<\/a> ernannt wurde, gibt bzw. gab es im Durchschnitt alle 2,5 km eine Burg \u2013 \u00fcber 40 sind noch mehr oder weniger erhalten!<\/p>\n<p>Der Wert und die Bedeutung der Marksburg liegen also vor allem in ihrer vollst\u00e4ndigen Erhaltung als mittelalterliche Wehranlage. Die imposante Festung mit Bauten haupts\u00e4chlich aus dem 13. bis 15. Jahrhundert staffelt sich mit Bergfried, mehreren Geb\u00e4uden, Zwingern und Bastionen auf einem Felskegel 90 Meter \u00fcber dem romantischen St\u00e4dtchen Braubach und erm\u00f6glicht heute \u2013 auch durch sehenswerte, typische Innenr\u00e4ume wie Burgk\u00fcche, Rittersaal, Kemenate, Kapelle, R\u00fcstkammer, Weinkeller, Wehrg\u00e4nge und Turmstuben \u2013 eine Reise ins Mittelalter!<br \/>\n<strong>Herzlich willkommen!<\/strong><\/p>\nRelated Images:","protected":false},"excerpt":{"rendered":"<p>Wasserkraftwerk Friedrichsegen und die Marksburg am Mittelrhein! Zu den FOTOs: Hier klicken!!! Am 10. April fuhren wir vom Bf.-H\u00f6chst um 8:30 Uhr an die Lahn. Um 11:00 Uhr begann die F\u00fchrung im Wasserkraftwerk Friedrichssegen f\u00fcr die Dauer von ca. einer Stunde; es entstanden keine Kosten. Weiter ging es nach Braubach zum Mittagessen ins \u201eGasthaus zum [&hellip;]<\/p>\n","protected":false},"author":3,"featured_media":0,"parent":12412,"menu_order":2,"comment_status":"closed","ping_status":"closed","template":"tagcloud.php","meta":{"ngg_post_thumbnail":0,"footnotes":""},"class_list":["post-12705","page","type-page","status-publish","hentry"],"_links":{"self":[{"href":"https:\/\/www.igbce-blogs.de\/aufgeweckte-alte\/index.php?rest_route=\/wp\/v2\/pages\/12705","targetHints":{"allow":["GET"]}}],"collection":[{"href":"https:\/\/www.igbce-blogs.de\/aufgeweckte-alte\/index.php?rest_route=\/wp\/v2\/pages"}],"about":[{"href":"https:\/\/www.igbce-blogs.de\/aufgeweckte-alte\/index.php?rest_route=\/wp\/v2\/types\/page"}],"author":[{"embeddable":true,"href":"https:\/\/www.igbce-blogs.de\/aufgeweckte-alte\/index.php?rest_route=\/wp\/v2\/users\/3"}],"replies":[{"embeddable":true,"href":"https:\/\/www.igbce-blogs.de\/aufgeweckte-alte\/index.php?rest_route=%2Fwp%2Fv2%2Fcomments&post=12705"}],"version-history":[{"count":24,"href":"https:\/\/www.igbce-blogs.de\/aufgeweckte-alte\/index.php?rest_route=\/wp\/v2\/pages\/12705\/revisions"}],"predecessor-version":[{"id":12775,"href":"https:\/\/www.igbce-blogs.de\/aufgeweckte-alte\/index.php?rest_route=\/wp\/v2\/pages\/12705\/revisions\/12775"}],"up":[{"embeddable":true,"href":"https:\/\/www.igbce-blogs.de\/aufgeweckte-alte\/index.php?rest_route=\/wp\/v2\/pages\/12412"}],"wp:attachment":[{"href":"https:\/\/www.igbce-blogs.de\/aufgeweckte-alte\/index.php?rest_route=%2Fwp%2Fv2%2Fmedia&parent=12705"}],"curies":[{"name":"wp","href":"https:\/\/api.w.org\/{rel}","templated":true}]}}