{"id":12412,"date":"2020-04-02T12:00:26","date_gmt":"2020-04-02T10:00:26","guid":{"rendered":"https:\/\/www.igbce-blogs.de\/aufgeweckte-alte\/?page_id=12412"},"modified":"2023-03-09T20:28:35","modified_gmt":"2023-03-09T18:28:35","slug":"2019-jahresprogramm-mit-geschichte-und-wein","status":"publish","type":"page","link":"https:\/\/www.igbce-blogs.de\/aufgeweckte-alte\/?page_id=12412","title":{"rendered":"2019 &#8211; Geschichte und Wein ist das Motto !"},"content":{"rendered":"<h2><span style=\"color: #1642ba;\"><strong><u>Ausblick auf das Jahresprogramm 2019 <\/u><\/strong><\/span><\/h2>\n<h4><span style=\"color: #1642ba;\"><strong><em>Mit der Themenauswahl f\u00fcr die unten genannten Monate!<\/em><\/strong><\/span><\/h4>\n<h4><span style=\"color: #000000;\"><em><br \/>\nM\u00e4rz [ 1 ] <\/em><em>Am 13. M\u00e4rz war unser Kreppelkaffee.<br \/>\n<\/em><\/span><em><span style=\"color: #000000;\"><strong><span style=\"color: #0000ff;\">Zur WEBSEITE:<\/span> <\/strong><\/span><a href=\"https:\/\/www.igbce-blogs.de\/aufgeweckte-alte\/?page_id=12703\"><strong>Hier klicken!!!<br \/>\n<\/strong><\/a><\/em><span style=\"color: #000000;\"><em>&nbsp;&nbsp;&nbsp;&nbsp;&nbsp;&nbsp;&nbsp;&nbsp;&nbsp;&nbsp;&nbsp;&nbsp;&nbsp;&nbsp;&nbsp;&nbsp;&nbsp;&nbsp;&nbsp;&nbsp;&nbsp;&nbsp;&nbsp;&nbsp;&nbsp;&nbsp;&nbsp; <\/em><\/span><\/h4>\n<h4><span style=\"color: #000000;\"><em>April [ 2 ] <\/em><em>Besichtigung eines <a href=\"https:\/\/www.lahnstein.de\/tourismus\/museen\/wasserkraftwerk\/\">Wasserwerkes an der Lahn<\/a><br \/>\nund der <a href=\"https:\/\/www.marksburg.de\/\">MARKSBURG<\/a> mit F\u00fchrung <strong>am 10. April 2019.<\/strong><br \/>\n<\/em><\/span><em><span style=\"color: #0000ff;\"><strong>Zur WEBSEITE: <\/strong><\/span><a href=\"https:\/\/www.igbce-blogs.de\/aufgeweckte-alte\/?page_id=12705\"><strong>Hier klicken!!!<br \/>\n<\/strong><\/a><span style=\"color: #0000ff;\"><strong>Zu den FOTOs: <\/strong><\/span><\/em><a href=\"https:\/\/www.igbce-blogs.de\/aufgeweckte-alte\/?p=12603\"><strong><em>Hier klicken!!!<\/em><\/strong><\/a><span style=\"color: #000000;\"><em> &nbsp;&nbsp;&nbsp;&nbsp;&nbsp;&nbsp;&nbsp;&nbsp;&nbsp;&nbsp;&nbsp;&nbsp;&nbsp;&nbsp;&nbsp;&nbsp;&nbsp;&nbsp;&nbsp;&nbsp;&nbsp;&nbsp;&nbsp;&nbsp;&nbsp;&nbsp;&nbsp;&nbsp;&nbsp;&nbsp;&nbsp;&nbsp;&nbsp;&nbsp;&nbsp;&nbsp;&nbsp; <\/em><\/span><\/h4>\n<h4><span style=\"color: #000000;\"><em><br \/>\nMai [ 3 ] <\/em><em><strong>Am 14. Mai <\/strong><a href=\"https:\/\/www.rheingau.de\/sehenswertes\/kloester\/kloster-eberbach\">Kloster Eberbach im Rheingau<\/a><br \/>\nmit Klosterf\u00fchrung und Riesling-Weinpobe<br \/>\n<\/em><\/span><em><span style=\"color: #0000ff;\"><strong>Zur <span style=\"color: #0000ff;\">WEBSEITE<\/span>: <\/strong><\/span><a href=\"https:\/\/www.igbce-blogs.de\/aufgeweckte-alte\/?page_id=12707\"><strong>Hier klicken!!!<\/strong><\/a><br \/>\n<\/em><span style=\"color: #0000ff;\"><em><strong>Zu den FOTOs: <\/strong><\/em><\/span><a href=\"https:\/\/www.igbce-blogs.de\/aufgeweckte-alte\/?p=12929\"><strong><em>Hier klicken!!!<\/em><\/strong><\/a><em> &nbsp;&nbsp;<\/em><\/h4>\n<h4><span style=\"color: #000000;\"><em>&nbsp;&nbsp;&nbsp;&nbsp;&nbsp;&nbsp;&nbsp;&nbsp;&nbsp;&nbsp;&nbsp;&nbsp;&nbsp;&nbsp;&nbsp;&nbsp;&nbsp;&nbsp;&nbsp;&nbsp;&nbsp;&nbsp;&nbsp;&nbsp;&nbsp;&nbsp;&nbsp;&nbsp;&nbsp;&nbsp;&nbsp;&nbsp; &nbsp;&nbsp;&nbsp;&nbsp;&nbsp;&nbsp;&nbsp;&nbsp;&nbsp;&nbsp;&nbsp;&nbsp;&nbsp;&nbsp;&nbsp;&nbsp;&nbsp;&nbsp;&nbsp;&nbsp;&nbsp;&nbsp;&nbsp;&nbsp;&nbsp;&nbsp;&nbsp;&nbsp;&nbsp;&nbsp;&nbsp;&nbsp;&nbsp;&nbsp;&nbsp;&nbsp;&nbsp; <\/em><\/span><span style=\"color: #000000;\"><em><br \/>\nJuni [ 4 ] <\/em><em>Das <a href=\"https:\/\/www.hambacherschloss.eu\/\">Hambacher Schloss<\/a><br \/>\n<\/em><\/span><span style=\"color: #000000;\"><em>Symbol der <a href=\"https:\/\/de.wikipedia.org\/wiki\/Demokratische_Bewegung_(Deutschland)\">deutschen Demokratiebewegung<\/a><br \/>\nTagestour <strong>am den 19. Juni 2019.<br \/>\n<\/strong><\/em><\/span><em><span style=\"color: #0000ff;\"><strong>Zur WEBSEITE: <\/strong><\/span><a href=\"https:\/\/www.igbce-blogs.de\/aufgeweckte-alte\/?page_id=12780\"><strong>Hier klicken!!!<\/strong><\/a><\/em><br \/>\n<span style=\"color: #0000ff;\"><em><strong>Zu den FOTOs: <\/strong><\/em><\/span><a href=\"https:\/\/www.igbce-blogs.de\/aufgeweckte-alte\/?p=13107\"><strong><em>Hier klicken!!!<\/em><\/strong><\/a><em> &nbsp;&nbsp;<\/em><\/h4>\n<h4><span style=\"color: #000000;\"><em>&nbsp;<\/em><\/span><\/h4>\n<h2 style=\"text-align: left; padding-left: 60px;\"><span style=\"color: #000000;\"><em>Juli\/August&nbsp; SOMMERPAUSE<\/em><\/span><\/h2>\n<h4><span style=\"color: #000000;\"><em><br \/>\n<\/em><\/span><span style=\"color: #0000ff;\"><em>September [ 5 ] <\/em><em><a href=\"https:\/\/www.weinhaus-schieferfels.de\/gruppenreisen\/\">3-Tagefahrt an die Mosel<\/a><br \/>\n<span style=\"color: #000000;\">* Sonnentage vom 13. bis 15. September *<\/span><br \/>\n<strong>Erinnerungsh<\/strong><\/em><\/span><em><strong><span style=\"color: #0000ff;\">ilfe beim Bilder betrachten:<\/span><br \/>\n<span style=\"color: #0000ff;\">Dieser <\/span><\/strong><\/em><span style=\"color: #000000;\"><em><a href=\"https:\/\/www.igbce-blogs.de\/aufgeweckte-alte\/?p=13539\">Reisebericht von REGINA<\/a><br \/>\n<\/em><\/span><em><span style=\"color: #0000ff;\"><strong>Zur WEBSEITE: <\/strong><\/span><a href=\"https:\/\/www.igbce-blogs.de\/aufgeweckte-alte\/?page_id=12813\"><strong>Hier klicken!!!<\/strong><\/a><br \/>\n<\/em><span style=\"color: #0000ff;\"><em><strong>Zu den FOTOs: <\/strong><\/em><\/span><a href=\"https:\/\/www.igbce-blogs.de\/aufgeweckte-alte\/?p=13530\"><strong><em>Hier klicken!!!<\/em><\/strong><\/a><\/h4>\n<h4><span style=\"color: #000000;\"><em><br \/>\nOktober [ 6 ] <\/em><em>Besichtigung der <a href=\"https:\/\/www.frankfurt-tourismus.de\/Media\/Attraktionen\/Bauwerke\/Neue-Altstadt\">&#8222;Neuen Altstadt&#8220;<\/a><br \/>\nin Frankfurt <\/em><\/span><span style=\"color: #000000;\"><em>mit F\u00fchrung und Einkehr.<br \/>\n<\/em><\/span><em><span style=\"color: #000000;\"><strong>Zur WEBSEITE: <\/strong><\/span><a href=\"https:\/\/www.igbce-blogs.de\/aufgeweckte-alte\/?page_id=12882\"><strong>Hier klicken!!!<br \/>\n<\/strong><\/a><\/em><span style=\"color: #000000;\"><em><strong>Zu den FOTOs: <\/strong><\/em><\/span><a href=\"https:\/\/www.igbce-blogs.de\/aufgeweckte-alte\/?p=13620\"><strong><em>Hier klicken!!!<\/em><\/strong><\/a><\/h4>\n<h4><span style=\"color: #000000;\"><br \/>\nNovember [ 7 ]&nbsp;Unser Adventskaffee&nbsp; war am<\/span><br \/>\n<span style=\"color: #000000;\"> Mittwoch, den 27. Nov. 2019 Jahresabschlu\u00df!<br \/>\n<\/span><\/h4>\n<h4><span style=\"color: #000000;\"><br \/>\n<\/span><span style=\"color: #000000;\"><em>Sonderveranstaltung [ 8 ] Am <strong>13. Juni<\/strong> ist die <\/em><\/span><span style=\"color: #000000;\"><em>zweite<br \/>\n<a href=\"https:\/\/www.frankfurt-tourismus.de\/Media\/Attraktionen\/Bauwerke\/Peter-Behrens-Bau\"><strong>WERKSRUNDFAHRT <\/strong>mit Behrensbau<\/a> um <strong>10:00 Uhr<br \/>\n<\/strong><\/em><\/span><em><strong><span style=\"color: #000000;\">Zur WEBSEITE:<\/span> <\/strong><a href=\"https:\/\/www.igbce-blogs.de\/aufgeweckte-alte\/?page_id=12889\"><strong>Hier klicken!!!<\/strong><\/a><\/em><span style=\"color: #000000;\"><em><strong>&nbsp;<\/strong><\/em><\/span><\/h4>\n<h3><span style=\"color: #1642ba;\"><em>****************************************<\/em><\/span><\/h3>\n<h3><span style=\"color: #1642ba;\"><em>Wir freuen uns auf Euch alle, die<br \/>\nAKTIVEN \u201eAufgeweckten Alten\u201c!<\/em><\/span><\/h3>\n<h3><span style=\"color: #1642ba;\"><em>****************************************<\/em><\/span><\/h3>\n<h3><span style=\"color: #000000;\">Zur <a href=\"https:\/\/www.igbce-blogs.de\/aufgeweckte-alte\/?page_id=8402\">\u00dcbersicht 2018<\/a><\/span><\/h3>\n<h3 style=\"text-align: left;\"><span style=\"color: #000000;\"><span style=\"color: #000000;\">Zur<\/span> <\/span><a href=\"https:\/\/www.igbce-blogs.de\/aufgeweckte-alte\/\" target=\"_blank\" rel=\"noopener\">Startseite<\/a><\/h3>\n<p style=\"text-align: center; padding-left: 30px;\">&nbsp;<\/p>\nRelated Images:","protected":false},"excerpt":{"rendered":"<p>Ausblick auf das Jahresprogramm 2019 Mit der Themenauswahl f\u00fcr die unten genannten Monate! M\u00e4rz [ 1 ] Am 13. M\u00e4rz war unser Kreppelkaffee. Zur WEBSEITE: Hier klicken!!! &nbsp;&nbsp;&nbsp;&nbsp;&nbsp;&nbsp;&nbsp;&nbsp;&nbsp;&nbsp;&nbsp;&nbsp;&nbsp;&nbsp;&nbsp;&nbsp;&nbsp;&nbsp;&nbsp;&nbsp;&nbsp;&nbsp;&nbsp;&nbsp;&nbsp;&nbsp;&nbsp; April [ 2 ] Besichtigung eines Wasserwerkes an der Lahn und der MARKSBURG mit F\u00fchrung am 10. April 2019. Zur WEBSEITE: Hier klicken!!! Zu den FOTOs: Hier [&hellip;]<\/p>\n","protected":false},"author":3,"featured_media":0,"parent":0,"menu_order":9985,"comment_status":"closed","ping_status":"closed","template":"tagcloud.php","meta":{"ngg_post_thumbnail":0,"footnotes":""},"class_list":["post-12412","page","type-page","status-publish","hentry"],"_links":{"self":[{"href":"https:\/\/www.igbce-blogs.de\/aufgeweckte-alte\/index.php?rest_route=\/wp\/v2\/pages\/12412","targetHints":{"allow":["GET"]}}],"collection":[{"href":"https:\/\/www.igbce-blogs.de\/aufgeweckte-alte\/index.php?rest_route=\/wp\/v2\/pages"}],"about":[{"href":"https:\/\/www.igbce-blogs.de\/aufgeweckte-alte\/index.php?rest_route=\/wp\/v2\/types\/page"}],"author":[{"embeddable":true,"href":"https:\/\/www.igbce-blogs.de\/aufgeweckte-alte\/index.php?rest_route=\/wp\/v2\/users\/3"}],"replies":[{"embeddable":true,"href":"https:\/\/www.igbce-blogs.de\/aufgeweckte-alte\/index.php?rest_route=%2Fwp%2Fv2%2Fcomments&post=12412"}],"version-history":[{"count":130,"href":"https:\/\/www.igbce-blogs.de\/aufgeweckte-alte\/index.php?rest_route=\/wp\/v2\/pages\/12412\/revisions"}],"predecessor-version":[{"id":16442,"href":"https:\/\/www.igbce-blogs.de\/aufgeweckte-alte\/index.php?rest_route=\/wp\/v2\/pages\/12412\/revisions\/16442"}],"wp:attachment":[{"href":"https:\/\/www.igbce-blogs.de\/aufgeweckte-alte\/index.php?rest_route=%2Fwp%2Fv2%2Fmedia&parent=12412"}],"curies":[{"name":"wp","href":"https:\/\/api.w.org\/{rel}","templated":true}]}}