{"id":117,"date":"2010-05-11T17:53:16","date_gmt":"2010-05-11T15:53:16","guid":{"rendered":"http:\/\/www.igbce-blogs.de:80\/aufgeweckte-alte\/?page_id=117"},"modified":"2026-03-27T12:55:48","modified_gmt":"2026-03-27T10:55:48","slug":"das-intersse-wachst","status":"publish","type":"page","link":"https:\/\/www.igbce-blogs.de\/aufgeweckte-alte\/?page_id=117","title":{"rendered":"2011 &#8211; Das Interesse wird gr\u00f6\u00dfer!"},"content":{"rendered":"<h3><span style=\"color: #000000;\"><em>Jahresplan 2011 &#8211; Aktivit\u00e4ten und Veranstaltungen<\/em><\/span><\/h3>\n<p><strong><em>ngg_shortcode_0_placeholder<\/em><\/strong><\/p>\n<h5 style=\"padding-left: 30px;\"><span style=\"color: #000000;\"><em>1. <a href=\"https:\/\/www.igbce-blogs.de\/aufgeweckte-alte\/?page_id=202\">Besuch der Sternwarte im Januar!<\/a><br \/>\n<\/em><\/span><\/h5>\n<p style=\"padding-left: 30px;\"><em>Vorgesehen ist ein Tag im Januar 2011,<br \/>\nunser TERMIN ist der 24. Jan. &#8211; 19:00 Uhr<br \/>\n<\/em><\/p>\n<h5 style=\"padding-left: 30px;\"><span style=\"color: #000000;\"><em>2. <a href=\"https:\/\/www.igbce-blogs.de\/aufgeweckte-alte\/?page_id=197\">Unser Kreppel-Kaffee im Februar!<\/a><br \/>\n<\/em><\/span><\/h5>\n<p style=\"padding-left: 30px;\"><em>Informationen zur Sicherheit in Haus und Wohnung<br \/>\nVorgesehen ist Dienstag, der 22. Februar 2011, ab 14.00 Uhr.<br \/>\n<\/em><span style=\"color: #000000;\"><em>Wir haben \u00fcber das Programm f\u00fcr den Kreppel-Kaffee<br \/>\nam 22.02.2011 nachgedacht. <\/em><\/span><\/p>\n<p style=\"padding-left: 30px;\"><span style=\"color: #000000;\"><em>Ein Vortrag wird auch angeboten:<br \/>\nIn die &#8218;B\u00fctt&#8216; geht unser Holger, der sich daf\u00fcr vorbereitet.<br \/>\nDazu die passende Begleitmusik, die Peter zusammenstellt. <\/em><\/span><\/p>\n<h5 style=\"padding-left: 30px;\"><span style=\"color: #000000;\"><em>3. <a href=\"https:\/\/www.igbce-blogs.de\/aufgeweckte-alte\/?page_id=877\">Fahrt: Darmstadt-Mathildenh\u00f6he !<\/a><br \/>\n<\/em><\/span><\/h5>\n<p style=\"padding-left: 30px;\"><em>F\u00fcr Interessierte, ein gef\u00fchrter Besuch in und an der Mathildenh\u00f6he,<br \/>\nDarmstadt, im Mai 2011.<\/em><\/p>\n<h5 style=\"padding-left: 30px;\"><span style=\"color: #000000;\"><em>4. <a href=\"https:\/\/www.igbce-blogs.de\/aufgeweckte-alte\/?page_id=1324\">Es geht zum Hessentag 2011 !<\/a><br \/>\n<\/em><\/span><\/h5>\n<p style=\"padding-left: 30px;\"><em>Am 16.Juni 2011 wollen wir nach Oberursel zum Hessentag.<br \/>\n<span style=\"color: #000000;\">N\u00e4here Einzelheiten erfahren die Interessenten zeitnah.<\/span><\/em><\/p>\n<h5 style=\"padding-left: 30px;\"><span style=\"color: #000000;\"><em>5. <a href=\"https:\/\/www.igbce-blogs.de\/aufgeweckte-alte\/?page_id=1501\">Theater: B a r o c k a m M a i n !<\/a><br \/>\n<\/em><\/span><\/h5>\n<p style=\"padding-left: 30px;\"><em>Im August haben wir vorgesehen, eine Auff\u00fchrung -Barock am Main-<br \/>\nzu besuchen. Bitte meldet Euch bitte jetzt bereits an, Termin und weitere<br \/>\nInformationen werden rechtzeitig zugesandt.<\/em><\/p>\n<h5 style=\"padding-left: 30px;\"><span style=\"color: #000000;\"><em>6. <a href=\"https:\/\/www.igbce-blogs.de\/aufgeweckte-alte\/?page_id=1725\">Besuch der Stadt Oppenheim !<\/a><br \/>\n<\/em><\/span><\/h5>\n<p style=\"padding-left: 30px;\"><em>Ein Besuch der Stadt Oppenheim ist vorgesehen. Wir planen einen Tag<br \/>\nEnde September bzw. Anfang Oktober. Entsprechende Informationen erhaltet<br \/>\nihr nach Anmeldung auch zu diesem Vorhaben. Es werden voraussichtlich<br \/>\nKosten in H\u00f6he von etwa 25-30 Euro anfallen.<\/em><\/p>\n<h5 style=\"padding-left: 30px;\"><span style=\"color: #000000;\"><em>7. Weihnachtskaffee 2011<br \/>\n<a href=\"https:\/\/www.igbce-blogs.de\/aufgeweckte-alte\/?page_id=2125\">Wir blicken auf 2011 zur\u00fcck!<\/a><\/em><\/span><\/h5>\n<p style=\"padding-left: 30px;\"><em>Sollte der Advents-\/Weihnachtskaffee 2010 ein Erfolg werden,<br \/>\nm\u00f6chte wir ihn auch im Dezember 2011 erneut durchf\u00fchren.<\/em><\/p>\n<p style=\"padding-left: 30px;\"><em>Sollten noch Vorschl\u00e4ge bei uns eintreffen, werden wir uns gerne bem\u00fchen,<br \/>\ndiese nach Pr\u00fcfung in unseren Jahresplan einzubauen. Bitte teilt uns mit,<br \/>\nan welchen Veranstaltungen Ihr gerne teilnehmen wollt!<\/em><\/p>\n<h5>&nbsp;<\/h5>\n<h3 style=\"text-align: left;\"><strong><span style=\"color: #000000;\">Zur <\/span><a href=\"https:\/\/www.igbce-blogs.de\/aufgeweckte-alte\/?page_id=3550\">\u00dcbersicht 2010<\/a><\/strong><\/h3>\n<h3 style=\"text-align: left;\"><strong><span style=\"color: #000000;\"><span style=\"color: #000000;\">Zur<\/span> <\/span><\/strong><a href=\"https:\/\/www.igbce-blogs.de\/aufgeweckte-alte\/?page_id=130\"><strong>Startseite<\/strong><\/a><\/h3>\nRelated Images:","protected":false},"excerpt":{"rendered":"<p>Jahresplan 2011 &#8211; Aktivit\u00e4ten und Veranstaltungen 1. Besuch der Sternwarte im Januar! Vorgesehen ist ein Tag im Januar 2011, unser TERMIN ist der 24. Jan. &#8211; 19:00 Uhr 2. Unser Kreppel-Kaffee im Februar! Informationen zur Sicherheit in Haus und Wohnung Vorgesehen ist Dienstag, der 22. Februar 2011, ab 14.00 Uhr. Wir haben \u00fcber das Programm [&hellip;]<\/p>\n","protected":false},"author":3,"featured_media":0,"parent":0,"menu_order":9993,"comment_status":"open","ping_status":"closed","template":"tagcloud.php","meta":{"ngg_post_thumbnail":0,"footnotes":""},"class_list":["post-117","page","type-page","status-publish","hentry"],"_links":{"self":[{"href":"https:\/\/www.igbce-blogs.de\/aufgeweckte-alte\/index.php?rest_route=\/wp\/v2\/pages\/117","targetHints":{"allow":["GET"]}}],"collection":[{"href":"https:\/\/www.igbce-blogs.de\/aufgeweckte-alte\/index.php?rest_route=\/wp\/v2\/pages"}],"about":[{"href":"https:\/\/www.igbce-blogs.de\/aufgeweckte-alte\/index.php?rest_route=\/wp\/v2\/types\/page"}],"author":[{"embeddable":true,"href":"https:\/\/www.igbce-blogs.de\/aufgeweckte-alte\/index.php?rest_route=\/wp\/v2\/users\/3"}],"replies":[{"embeddable":true,"href":"https:\/\/www.igbce-blogs.de\/aufgeweckte-alte\/index.php?rest_route=%2Fwp%2Fv2%2Fcomments&post=117"}],"version-history":[{"count":30,"href":"https:\/\/www.igbce-blogs.de\/aufgeweckte-alte\/index.php?rest_route=\/wp\/v2\/pages\/117\/revisions"}],"predecessor-version":[{"id":22197,"href":"https:\/\/www.igbce-blogs.de\/aufgeweckte-alte\/index.php?rest_route=\/wp\/v2\/pages\/117\/revisions\/22197"}],"wp:attachment":[{"href":"https:\/\/www.igbce-blogs.de\/aufgeweckte-alte\/index.php?rest_route=%2Fwp%2Fv2%2Fmedia&parent=117"}],"curies":[{"name":"wp","href":"https:\/\/api.w.org\/{rel}","templated":true}]}}