{"id":11468,"date":"2019-03-21T19:50:27","date_gmt":"2019-03-21T17:50:27","guid":{"rendered":"https:\/\/www.igbce-blogs.de\/aufgeweckte-alte\/?page_id=11468"},"modified":"2019-05-15T18:31:38","modified_gmt":"2019-05-15T16:31:38","slug":"unsere-harzreise-2018","status":"publish","type":"page","link":"https:\/\/www.igbce-blogs.de\/aufgeweckte-alte\/?page_id=11468","title":{"rendered":"Unsere sehr sch\u00f6ne HARZREISE 2018"},"content":{"rendered":"<h4 style=\"text-align: left;\"><span style=\"color: #000000;\"><strong>Der HARZ in f\u00fcnf Tagen mit den \u201eAufgeweckten Alten\u201c<\/strong><\/span><\/h4>\n<h4><span style=\"color: #000000;\">LINK zu den FOTO\u2019s: <a title=\"Ausstellung chic! Land.-Museum DA\" href=\"https:\/\/www.igbce-blogs.de\/aufgeweckte-alte\/?p=12370\" target=\"_blank\" rel=\"noopener\"><strong>Hier klicken!!!<\/strong><\/a>&nbsp;<\/span><\/h4>\n<p style=\"text-align: left;\"><span style=\"color: #000000;\"><strong>Am Sonntag, den 16. September trafen wir uns ab 7:00 Uhr auf dem Parkplatz am Bahnhof-H\u00f6chst zur ABFAHRT 07:30 Uhr<br \/>\n<\/strong>Vorbei an Kassel ging es nach Goslar, das wir am sp\u00e4ten Mittag erreichten und bei einer Stadtf\u00fchrung kennenlernten, bevor wir im HOTEL ankamen.<\/span><\/p>\n<p><strong><span style=\"color: #000000;\">Historische Kaiserpfalz<\/span><\/strong><br \/>\n<strong> <span style=\"color: #000000;\"> ngg_shortcode_0_placeholder<\/span><\/strong><\/p>\n<p><strong><span style=\"color: #000000;\">Glocken- und Figurenspiel am Markt<\/span><\/strong><br \/>\n<strong> <span style=\"color: #000000;\"> ngg_shortcode_1_placeholder<\/span><\/strong><\/p>\n<p><strong><span style=\"color: #000000;\">Kaiserworth &#8211; Hauptgeb\u00e4ude des Rathauses<\/span><\/strong><br \/>\n<span style=\"color: #000000;\"><strong> ngg_shortcode_2_placeholder<\/span><\/p>\n<p><span style=\"color: #000000;\"><strong>Montag, 17.09.2018<\/strong><\/span><br \/>\n<span style=\"color: #000000;\"> <strong>Auf den Spuren des ersten deutschen K\u00f6nigs \u201eHeinrichs dem Ersten\u201c.<\/strong><\/span><\/p>\n<p><span style=\"color: #000000;\">Um 9 Uhr ab Hotel zur Fahrt in die UNESCO-Weltkulturerbestadt Quedlinburg, \u00fcber die B 6 bis Wernigerode, Gro\u00dfparkplatz Anger, Zustieg des Reiseleiters, mehrere Harzd\u00f6rfer nach Thale im wild-romantischen Bodetal, vorbei an der Teufelsmauer nach Quedlinburg. Dort Rundgang durch die historische Altstadt zum Schlossberg mit Stiftskirche (Dom), Krypta und Domschatz (auf Wunsch f\u00fchre ich selbst durch). M\u00f6glichkeit zum Mittagessen in einem Restaurant und\/oder Kaffeetrinken in einer Konditorei (nach Vorbestellung). Weiterfahrt zur romanischen Stiftskirche in Gernrode oder zur Glasmanufaktur Derenburg, mit F\u00fchrung und Verkauf von allerfeinsten Glaswaren oder zur Schokoladenfabrikation Wergona mit Fabrikverkauf von Schokolade,<\/span><br \/>\n<span style=\"color: #000000;\"> R\u00fcckfahrt mit dem Bus gegen 17.30 Uhr ins Hotel nach Goslar. <strong>8 Stunden Reiseleitung.<br \/>\n<\/strong><\/span><\/p>\n<p><strong><span style=\"color: #000000;\">Der Quedlinburger Schlossberg&nbsp; mit <span id=\"articletitle_26028_1148\">Stiftskirche St. Servatii<br \/>\n<\/span><span id=\"articletitle_2013_1148\"><\/span>ngg_shortcode_3_placeholder <\/span><\/strong><\/p>\n<p><strong><span style=\"color: #000000;\">Marktplatz mit Rathaus, heute noch Sitz der Quedlinburger Stadtverwaltung<br \/>\nngg_shortcode_4_placeholder<\/span><\/strong><\/p>\n<p><span style=\"color: #000000;\">9 Uhr ab Hotel zur Fahrt in den Ostharz und Oberharz. Eine F\u00fchrung durch die malerische Altstadt von Wernigerode, der &#8222;Bunten Stadt&#8220; am Harz, mit ihren aufwendig restaurierten und farbenfrohen Fachwerkh\u00e4usern. Erleben Sie einen informativen und unterhaltsamen Rundgang durch 600 Jahre Geschichte. Danach steht die ehemalige Welfenstadt Blankenburg auf dem Programm. Sie fasziniert mit ihrer \u00fcber 800-j\u00e4hrigen Geschichte, deren Erbe noch bis heute erhalten ist. Das Schlossensemble mit dem Kleinen und Gro\u00dfen Schloss sowie den barocken G\u00e4rten pr\u00e4gt das Stadtbild und ist gleicherma\u00dfen Wiege des europ\u00e4ischen K\u00f6nigshauses. Der markante Sandsteinfelsen des Regensteins vor den Toren Blankenburgs war \u00fcber Jahrhunderte hinweg Burg der Regensteiner Grafen und preu\u00dfische Festung.<\/span><\/p>\n<p><span style=\"color: #000000;\"><strong>Das Schlo\u00df Blankenburg<\/strong><\/span><br \/>\n<span style=\"color: #000000;\"><strong> ngg_shortcode_5_placeholder<\/strong><\/span><\/p>\n<p><span style=\"color: #000000;\"><strong>Der Schlo\u00dfberg <\/strong><\/span><br \/>\n<span style=\"color: #000000;\"><strong> ngg_shortcode_6_placeholder<\/strong><\/span><\/p>\n<p><span style=\"color: #000000;\">Nach der Stadtbesichtigung geht es zur modernsten und l\u00e4ngsten H\u00e4ngebr\u00fccke aus Titan im Harz. Bei einer doppelten Vorbeifahrt neben der Br\u00fccke erhalten Sie einen Eindruck von der gro\u00dfartigen technischen Leistung mit ca. 500 m L\u00e4nge. In einer K\u00f6hlerei od. aus der Gulaschkanone am Wege k\u00f6nnen wir einen Mittagsimbiss einnehmen. In Braunlage erleben wir eine lebendige Tourismus-Location und fahren \u00fcber Wernigerode zur\u00fcck zum Hotel. <strong>8 Std. Reiseleitung.<\/strong><\/span><\/p>\n<p><strong><span style=\"color: #000000;\">Rappbodetalsperre <\/span><\/strong><br \/>\n<strong> <span style=\"color: #000000;\"> ngg_shortcode_7_placeholder<\/span><\/strong><\/p>\n<p><strong><span style=\"color: #000000;\">H\u00e4ngebr\u00fccke und Staumauer<\/span><\/strong><br \/>\n<strong> <span style=\"color: #000000;\"> ngg_shortcode_8_placeholder<br \/>\n<\/span><\/strong><\/p>\n<p><strong><span style=\"color: #000000;\"> Pendelsprung in die Tiefe<br \/>\nngg_shortcode_9_placeholder<\/span><\/strong><\/p>\n<p><span style=\"color: #000000;\"><strong>Heute am 3. Tag<\/strong> besuchten wir den n\u00f6rdlichen Harz und <strong>\u201eDie Bunte Stadt am Harz\u201c WERNIGERRODE<\/strong> mit ihrem historischen Rathaus am Marktplatz. <strong>8 Std. Reiseleitung.<\/strong><\/span><\/p>\n<p><strong><span style=\"color: #000000;\">Das Rathaus am Marktplatz<br \/>\nngg_shortcode_10_placeholder <\/span><\/strong><\/p>\n<p><strong><span style=\"color: #000000;\">Brunnenanlage in WERNIGERRODE<br \/>\nngg_shortcode_11_placeholder<\/span><\/strong><\/p>\n<p><strong><span style=\"color: #000000;\">Wundersch\u00f6ne Ecken waren zu entdecken<br \/>\nngg_shortcode_12_placeholder<\/span><\/strong><\/p>\n<p><span style=\"color: #000000;\"><strong>Am 4. Tag<\/strong> hatten wir die M\u00f6glichkeit, den Tag nach<\/span><br \/>\n<span style=\"color: #000000;\"> eigenen W\u00fcnschen zu gestalten. Der Bus brachte uns am Morgen an die Brockenbahn\/Wernigerode zur Fahrt auf den Brocken. Wahlweise konnten wir &nbsp;aber auch den Tag in Wernigerode oder Goslar verbringen. Am sp\u00e4ten Nachmittag brachte uns der Bus wieder ins Hotel. <strong>F\u00fcr Mittwoch, den 19.09.2018,<\/strong><strong>&nbsp;<\/strong><strong> empfehle ich mich als Brockenf\u00fchrer, ausgebildeter Waldf\u00fchrer im NP Harz<\/strong>und als <u>Zeitzeuge<\/u> zur j\u00fcngeren deutschen Geschichte. Mit Ihrer Freifahrtkarte (ab 20 Personen) begleite ich Sie zum Brocken, f\u00fcr einen Rundgang um die Brockenkuppe und informiere \u00fcber die Entstehung des Berges, seine Natur und Geschichte als dem <strong><em>&nbsp;<u>deutschestem aller deutschen Berge<\/u><\/em><\/strong>. Mit 5 Stunden Reiseleitung.<\/span><\/p>\n<p><strong><span style=\"color: #000000;\">Fahrt mit der Brockenbahn<br \/>\nngg_shortcode_13_placeholder<br \/>\nngg_shortcode_14_placeholder<\/span><\/strong><\/p>\n<p><span style=\"color: #000000;\"><strong><em>Wir hatten sehr interessante Tage!<br \/>\nHerzliche Gr\u00fc\u00dfe von den<br \/>\n\u201eAufgeweckten Alten\u201c<\/em><\/strong><\/span><\/p>\n<p>&nbsp;<\/p>\n<h3><span style=\"color: #000000;\">Zur <\/span><a title=\"NEUES mit Tagesfahrten &amp; Bodensee!\" href=\"https:\/\/www.igbce-blogs.de\/aufgeweckte-alte\/?page_id=8402\" target=\"_blank\" rel=\"noopener\">\u00dcbersicht 2018<\/a><\/h3>\n<h3><span style=\"color: #000000;\">Zur<\/span> <a href=\"https:\/\/www.igbce-blogs.de\/aufgeweckte-alte\/\" target=\"_blank\" rel=\"noopener\">Startseite<\/a><\/h3>\n<p>&nbsp;<\/p>\nRelated Images:","protected":false},"excerpt":{"rendered":"<p>Der HARZ in f\u00fcnf Tagen mit den \u201eAufgeweckten Alten\u201c LINK zu den FOTO\u2019s: Hier klicken!!!&nbsp; Am Sonntag, den 16. September trafen wir uns ab 7:00 Uhr auf dem Parkplatz am Bahnhof-H\u00f6chst zur ABFAHRT 07:30 Uhr Vorbei an Kassel ging es nach Goslar, das wir am sp\u00e4ten Mittag erreichten und bei einer Stadtf\u00fchrung kennenlernten, bevor wir [&hellip;]<\/p>\n","protected":false},"author":3,"featured_media":0,"parent":8402,"menu_order":7,"comment_status":"closed","ping_status":"closed","template":"tagcloud.php","meta":{"ngg_post_thumbnail":0,"footnotes":""},"class_list":["post-11468","page","type-page","status-publish","hentry"],"_links":{"self":[{"href":"https:\/\/www.igbce-blogs.de\/aufgeweckte-alte\/index.php?rest_route=\/wp\/v2\/pages\/11468","targetHints":{"allow":["GET"]}}],"collection":[{"href":"https:\/\/www.igbce-blogs.de\/aufgeweckte-alte\/index.php?rest_route=\/wp\/v2\/pages"}],"about":[{"href":"https:\/\/www.igbce-blogs.de\/aufgeweckte-alte\/index.php?rest_route=\/wp\/v2\/types\/page"}],"author":[{"embeddable":true,"href":"https:\/\/www.igbce-blogs.de\/aufgeweckte-alte\/index.php?rest_route=\/wp\/v2\/users\/3"}],"replies":[{"embeddable":true,"href":"https:\/\/www.igbce-blogs.de\/aufgeweckte-alte\/index.php?rest_route=%2Fwp%2Fv2%2Fcomments&post=11468"}],"version-history":[{"count":63,"href":"https:\/\/www.igbce-blogs.de\/aufgeweckte-alte\/index.php?rest_route=\/wp\/v2\/pages\/11468\/revisions"}],"predecessor-version":[{"id":12875,"href":"https:\/\/www.igbce-blogs.de\/aufgeweckte-alte\/index.php?rest_route=\/wp\/v2\/pages\/11468\/revisions\/12875"}],"up":[{"embeddable":true,"href":"https:\/\/www.igbce-blogs.de\/aufgeweckte-alte\/index.php?rest_route=\/wp\/v2\/pages\/8402"}],"wp:attachment":[{"href":"https:\/\/www.igbce-blogs.de\/aufgeweckte-alte\/index.php?rest_route=%2Fwp%2Fv2%2Fmedia&parent=11468"}],"curies":[{"name":"wp","href":"https:\/\/api.w.org\/{rel}","templated":true}]}}