{"id":10123,"date":"2018-07-19T12:47:26","date_gmt":"2018-07-19T10:47:26","guid":{"rendered":"https:\/\/www.igbce-blogs.de\/aufgeweckte-alte\/?page_id=10123"},"modified":"2018-07-20T15:20:11","modified_gmt":"2018-07-20T13:20:11","slug":"besuch-von-backhaus-heislitz-kriftel","status":"publish","type":"page","link":"https:\/\/www.igbce-blogs.de\/aufgeweckte-alte\/?page_id=10123","title":{"rendered":"Besuch BACKHAUS HEISLITZ (Kriftel)"},"content":{"rendered":"<h3><span style=\"color: #000000;\"><strong><span style=\"color: #0000ff;\">April [ 4 ]<\/span>&nbsp; <\/strong><\/span><a href=\"http:\/\/www.heislitz.de\/home.html\">&#8222;Gl\u00e4serner B\u00e4cker&#8220;<\/a><br \/>\n<span style=\"color: #000000;\">Backhaus HEISLITZ in KRIFTEL<br \/>\nImpressionen aus der Welt des Backens!<br \/>\n<\/span><\/h3>\n<h4><span style=\"color: #000000;\">LINK zu den FOTO\u2019s:<\/span> <a title=\"Ausstellung chic! Land.-Museum DA\" href=\"https:\/\/www.igbce-blogs.de\/aufgeweckte-alte\/?p=10698\" target=\"_blank\" rel=\"noopener\"><strong>Hier klicken!!!<\/strong><\/a>&nbsp;<\/h4>\n<h4><em><strong><span style=\"color: #0000ff;\">Veranstaltungseinladung zum Besuch von BACKHAUS HEISLITZ<\/span> <\/strong><\/em><\/h4>\n<p>Liebe &#8222;Aufgeweckte Alte&#8220;, Kolleginnen und Kollegen,<\/p>\n<p>die Wurst schmeckt bekanntlich auch ohne Brot, trocken Brot macht Wangen rot und auch im Gebet &#8222;unser t\u00e4glich Brot gib uns heute&#8220; wird diesem wertvollen Grundnahrungsmittel Beachtung geschenkt.<\/p>\n<p>Es gibt sie noch, die <strong>&#8222;Backstube mit B\u00e4ckermeister&#8220;<\/strong> nur in einer super modernen Form &#8211; und man kann sie besichtigen! Wie heute Brot gebacken wird, k\u00f6nnen wir in<br \/>\neiner Backstubenf\u00fchrung mit Herrn Matthias Heislitz erleben. Danach wartet ein B\u00fcfett mit hausgekochter Suppe, leckeren Nudelgerichten und Salaten, sowie etwas S\u00fc\u00dfem<br \/>\nauf uns.<\/p>\n<h4><span style=\"color: #800000;\"><strong><em>Lasst Eure Di\u00e4tvors\u00e4tze f\u00fcr 2018 sausen,<br \/>\nwir genie\u00dfen diesen Tag!<\/em><\/strong><\/span><\/h4>\n<p>&nbsp;<\/p>\n<p><strong><em>Wir schon so oft, ein \u00fcberraschender Tag!<br \/>\n<\/em><\/strong><strong><em>Herzliche Gr\u00fc\u00dfe von den<br \/>\n\u201eAufgeweckten Alten\u201c<\/em><\/strong><br \/>\n&nbsp;<\/p>\n<h3><span style=\"color: #000000;\">Zur <\/span><a title=\"NEUES mit Tagesfahrten &amp; Bodensee!\" href=\"https:\/\/www.igbce-blogs.de\/aufgeweckte-alte\/?page_id=8402\" target=\"_blank\" rel=\"noopener\">\u00dcbersicht 2018<\/a><\/h3>\n<h3><span style=\"color: #000000;\">Zur<\/span> <a href=\"https:\/\/www.igbce-blogs.de\/aufgeweckte-alte\/\" target=\"_blank\" rel=\"noopener\">Startseite<\/a><\/h3>\n<p>&nbsp;<\/p>\nRelated Images:","protected":false},"excerpt":{"rendered":"<p>April [ 4 ]&nbsp; &#8222;Gl\u00e4serner B\u00e4cker&#8220; Backhaus HEISLITZ in KRIFTEL Impressionen aus der Welt des Backens! LINK zu den FOTO\u2019s: Hier klicken!!!&nbsp; Veranstaltungseinladung zum Besuch von BACKHAUS HEISLITZ Liebe &#8222;Aufgeweckte Alte&#8220;, Kolleginnen und Kollegen, die Wurst schmeckt bekanntlich auch ohne Brot, trocken Brot macht Wangen rot und auch im Gebet &#8222;unser t\u00e4glich Brot gib uns [&hellip;]<\/p>\n","protected":false},"author":3,"featured_media":0,"parent":8402,"menu_order":4,"comment_status":"closed","ping_status":"closed","template":"tagcloud.php","meta":{"ngg_post_thumbnail":0,"footnotes":""},"class_list":["post-10123","page","type-page","status-publish","hentry"],"_links":{"self":[{"href":"https:\/\/www.igbce-blogs.de\/aufgeweckte-alte\/index.php?rest_route=\/wp\/v2\/pages\/10123","targetHints":{"allow":["GET"]}}],"collection":[{"href":"https:\/\/www.igbce-blogs.de\/aufgeweckte-alte\/index.php?rest_route=\/wp\/v2\/pages"}],"about":[{"href":"https:\/\/www.igbce-blogs.de\/aufgeweckte-alte\/index.php?rest_route=\/wp\/v2\/types\/page"}],"author":[{"embeddable":true,"href":"https:\/\/www.igbce-blogs.de\/aufgeweckte-alte\/index.php?rest_route=\/wp\/v2\/users\/3"}],"replies":[{"embeddable":true,"href":"https:\/\/www.igbce-blogs.de\/aufgeweckte-alte\/index.php?rest_route=%2Fwp%2Fv2%2Fcomments&post=10123"}],"version-history":[{"count":21,"href":"https:\/\/www.igbce-blogs.de\/aufgeweckte-alte\/index.php?rest_route=\/wp\/v2\/pages\/10123\/revisions"}],"predecessor-version":[{"id":10835,"href":"https:\/\/www.igbce-blogs.de\/aufgeweckte-alte\/index.php?rest_route=\/wp\/v2\/pages\/10123\/revisions\/10835"}],"up":[{"embeddable":true,"href":"https:\/\/www.igbce-blogs.de\/aufgeweckte-alte\/index.php?rest_route=\/wp\/v2\/pages\/8402"}],"wp:attachment":[{"href":"https:\/\/www.igbce-blogs.de\/aufgeweckte-alte\/index.php?rest_route=%2Fwp%2Fv2%2Fmedia&parent=10123"}],"curies":[{"name":"wp","href":"https:\/\/api.w.org\/{rel}","templated":true}]}}