{"id":10118,"date":"2018-07-19T12:44:10","date_gmt":"2018-07-19T10:44:10","guid":{"rendered":"https:\/\/www.igbce-blogs.de\/aufgeweckte-alte\/?page_id=10118"},"modified":"2019-05-02T18:30:17","modified_gmt":"2019-05-02T16:30:17","slug":"heute-der-kreppelkaffee-2018","status":"publish","type":"page","link":"https:\/\/www.igbce-blogs.de\/aufgeweckte-alte\/?page_id=10118","title":{"rendered":"Der KREPPELKAFFEE 2018 in St. Josef"},"content":{"rendered":"<h4><span style=\"color: #0000ff;\"><strong>Februar [ 2 ] <\/strong><\/span><span style=\"color: #000000;\">Der KREPPELKAFFEE am 21. Februar<\/span><br \/>\n<span style=\"color: #000000;\">LINK: <\/span><a href=\"https:\/\/www.igbce-blogs.de\/aufgeweckte-alte\/wp-content\/uploads\/\/2011\/02\/schleifergasse-2-65929-frankfurt-hochst-google-maps.pdf\">KARTE zum VERANSTALTUNGSORT &#8211; H\u00f6chst<\/a><\/h4>\n<h4><span style=\"color: #000000;\">LINK zu den FOTO\u2019s:<\/span> <a title=\"Ausstellung chic! Land.-Museum DA\" href=\"https:\/\/www.igbce-blogs.de\/aufgeweckte-alte\/?p=10686\" target=\"_blank\" rel=\"noopener\">Hier klicken!!!<\/a><\/h4>\n<h4><em><span style=\"color: #000000;\"><strong><span style=\"color: #0000ff;\">Einladung zum beliebten Kreppelkaffee!<\/span> <\/strong><\/span><\/em><\/h4>\n<p><span style=\"color: #000000;\">Liebe \u201eAufgeweckte Alte\u201c, Kolleginnen und Kollegen, <\/span><br \/>\n<span style=\"color: #000000;\"> das neue Jahr hat f\u00fcr Euch alle hoffentlich gesund und gut angefangen.<\/span><\/p>\n<p><span style=\"color: #000000;\"><strong>F\u00fcr Mittwoch, den 21. Februar 2018 hatten wir eingeladen .<br \/>\n<\/strong><strong>ACHTUNG \u2013 NEU:<\/strong><strong> EINLASS erst ab 14:30 Uhr, <\/strong>wir bitten um Verst\u00e4ndnis.<\/span><br \/>\n<span style=\"color: #000000;\"> Treffen im Pfarrheim Schleifergasse 2, 65929 Frankfurt-H\u00f6chst. <\/span><\/p>\n<p><span style=\"color: #000000;\">Wir stellten Kreppel und Kaffee! Ihr aber seid zahlreich erschienen,<br \/>\n<\/span><span style=\"color: #000000;\">um euch austauschen, zu Informieren und nat\u00fcrlich zum Spa\u00df haben. <\/span><br \/>\n<span style=\"color: #000000;\"><strong><em>Peter zeigte einen DIA-Film zu unserer Reise rund um den Bodensee.<\/em><\/strong><\/span><\/p>\n<p><span style=\"color: #000000;\"><strong>P.S.<\/strong> <strong><em>Helfende H\u00e4nde Waren uns ab 13:00 Uhr herzlich willkommen.<br \/>\nHerzlichen Dank im Namen aller AKTIVEN f\u00fcr die flei\u00dfigen H\u00e4nde!<br \/>\n<\/em><\/strong><\/span><\/p>\n<h6><span style=\"color: #000000;\"><strong>Wir freuten uns auf Euch in gem\u00fctlicher Runde <\/strong><\/span><br \/>\n<strong><span style=\"color: #000000;\"> die &#8222;Aufgeweckten Alten&#8220;.<\/span><\/strong><\/h6>\n<h3>&nbsp;<\/h3>\n<h3><span style=\"color: #000000;\">Zur <\/span><a title=\"NEUES mit Tagesfahrten &amp; Bodensee!\" href=\"https:\/\/www.igbce-blogs.de\/aufgeweckte-alte\/?page_id=8402\" target=\"_blank\" rel=\"noopener\">\u00dcbersicht 2018<\/a><\/h3>\n<h3><span style=\"color: #000000;\">Zur<\/span> <a href=\"https:\/\/www.igbce-blogs.de\/aufgeweckte-alte\/\" target=\"_blank\" rel=\"noopener\">Startseite<\/a><\/h3>\n<p>&nbsp;<\/p>\nRelated Images:","protected":false},"excerpt":{"rendered":"<p>Februar [ 2 ] Der KREPPELKAFFEE am 21. Februar LINK: KARTE zum VERANSTALTUNGSORT &#8211; H\u00f6chst LINK zu den FOTO\u2019s: Hier klicken!!! Einladung zum beliebten Kreppelkaffee! Liebe \u201eAufgeweckte Alte\u201c, Kolleginnen und Kollegen, das neue Jahr hat f\u00fcr Euch alle hoffentlich gesund und gut angefangen. F\u00fcr Mittwoch, den 21. Februar 2018 hatten wir eingeladen . ACHTUNG \u2013 [&hellip;]<\/p>\n","protected":false},"author":3,"featured_media":0,"parent":8402,"menu_order":2,"comment_status":"open","ping_status":"closed","template":"tagcloud.php","meta":{"ngg_post_thumbnail":0,"footnotes":""},"class_list":["post-10118","page","type-page","status-publish","hentry"],"_links":{"self":[{"href":"https:\/\/www.igbce-blogs.de\/aufgeweckte-alte\/index.php?rest_route=\/wp\/v2\/pages\/10118","targetHints":{"allow":["GET"]}}],"collection":[{"href":"https:\/\/www.igbce-blogs.de\/aufgeweckte-alte\/index.php?rest_route=\/wp\/v2\/pages"}],"about":[{"href":"https:\/\/www.igbce-blogs.de\/aufgeweckte-alte\/index.php?rest_route=\/wp\/v2\/types\/page"}],"author":[{"embeddable":true,"href":"https:\/\/www.igbce-blogs.de\/aufgeweckte-alte\/index.php?rest_route=\/wp\/v2\/users\/3"}],"replies":[{"embeddable":true,"href":"https:\/\/www.igbce-blogs.de\/aufgeweckte-alte\/index.php?rest_route=%2Fwp%2Fv2%2Fcomments&post=10118"}],"version-history":[{"count":31,"href":"https:\/\/www.igbce-blogs.de\/aufgeweckte-alte\/index.php?rest_route=\/wp\/v2\/pages\/10118\/revisions"}],"predecessor-version":[{"id":10839,"href":"https:\/\/www.igbce-blogs.de\/aufgeweckte-alte\/index.php?rest_route=\/wp\/v2\/pages\/10118\/revisions\/10839"}],"up":[{"embeddable":true,"href":"https:\/\/www.igbce-blogs.de\/aufgeweckte-alte\/index.php?rest_route=\/wp\/v2\/pages\/8402"}],"wp:attachment":[{"href":"https:\/\/www.igbce-blogs.de\/aufgeweckte-alte\/index.php?rest_route=%2Fwp%2Fv2%2Fmedia&parent=10118"}],"curies":[{"name":"wp","href":"https:\/\/api.w.org\/{rel}","templated":true}]}}